{"id":6696,"date":"2023-09-01T05:43:05","date_gmt":"2023-09-01T05:43:05","guid":{"rendered":"https:\/\/www.eyescolorado.com\/politica-de-privacidad\/"},"modified":"2025-11-06T21:53:45","modified_gmt":"2025-11-06T21:53:45","slug":"politica-de-privacidad","status":"publish","type":"page","link":"https:\/\/www.eyescolorado.com\/es\/politica-de-privacidad\/","title":{"rendered":"Pol\u00edtica de privacidad"},"content":{"rendered":"\t\t<div data-elementor-type=\"wp-page\" data-elementor-id=\"6696\" class=\"elementor elementor-6696 elementor-3\" data-elementor-post-type=\"page\">\n\t\t\t\t<div class=\"elementor-element elementor-element-a8d9846 e-flex e-con-boxed e-con e-parent\" data-id=\"a8d9846\" data-element_type=\"container\" data-settings=\"{&quot;background_background&quot;:&quot;classic&quot;}\">\n\t\t\t\t\t<div class=\"e-con-inner\">\n\t\t<div class=\"elementor-element elementor-element-1e5151d e-con-full e-flex e-con e-child\" data-id=\"1e5151d\" data-element_type=\"container\">\n\t\t\t\t<div class=\"elementor-element elementor-element-9f36285 elementor-widget elementor-widget-heading\" data-id=\"9f36285\" data-element_type=\"widget\" data-widget_type=\"heading.default\">\n\t\t\t\t<div class=\"elementor-widget-container\">\n\t\t\t\t\t<h1 class=\"elementor-heading-title elementor-size-default\">Pol\u00edtica de privacidad<\/h1>\t\t\t\t<\/div>\n\t\t\t\t<\/div>\n\t\t\t\t<\/div>\n\t\t\t\t\t<\/div>\n\t\t\t\t<\/div>\n\t\t<div class=\"elementor-element elementor-element-5ad8ff75 e-flex e-con-boxed e-con e-parent\" data-id=\"5ad8ff75\" data-element_type=\"container\">\n\t\t\t\t\t<div class=\"e-con-inner\">\n\t\t\t\t<div class=\"elementor-element elementor-element-6a898071 elementor-widget elementor-widget-text-editor\" data-id=\"6a898071\" data-element_type=\"widget\" data-widget_type=\"text-editor.default\">\n\t\t\t\t<div class=\"elementor-widget-container\">\n\t\t\t\t\t\t\t\t\t<p><\/p>\n<h2><strong>Pol\u00edtica de privacidad de Colorado Eye Institute y sus filiales<\/strong><\/h2>\n<p> <\/p>\n<p>Esta pol\u00edtica de privacidad describe c\u00f3mo se recopila, utiliza y comparte su informaci\u00f3n personal cuando visita o realiza una compra en www.eyescolorado.com (el \u201cSitio\u201d).<\/p>\n<p>Somos sensibles a la protecci\u00f3n de la privacidad de los visitantes de nuestro sitio web. El prop\u00f3sito de esta Declaraci\u00f3n de Privacidad es informarle sobre c\u00f3mo manejamos la informaci\u00f3n que recibimos de usted a trav\u00e9s de este sitio web, as\u00ed como informarle de los riesgos que implica la comunicaci\u00f3n o el suministro de informaci\u00f3n a trav\u00e9s de Internet. Tenga en cuenta que se realizan cambios peri\u00f3dicamente en esta Declaraci\u00f3n de Privacidad sin previo aviso y es su responsabilidad revisar la Declaraci\u00f3n cuando utilice este sitio web. Al continuar utilizando este sitio, usted consiente cualquier cambio en nuestra pol\u00edtica o t\u00e9rminos de uso.   <\/p>\n<p> <\/p>\n<p><strong>Informaci\u00f3n m\u00e9dica y de salud<\/strong><\/p>\n<p>Cierta informaci\u00f3n m\u00e9dica y de salud sobre usted est\u00e1 protegida por la Ley de Portabilidad y Responsabilidad del Seguro de Salud (\u201cHIPAA\u201d) y la ley estatal aplicable. Esta informaci\u00f3n puede ser proporcionada por usted en l\u00ednea o fuera de l\u00ednea, o puede ser recopilada por nosotros a trav\u00e9s de otros m\u00e9todos, como a trav\u00e9s de un proveedor de atenci\u00f3n m\u00e9dica. Protegemos la informaci\u00f3n m\u00e9dica y de salud cubierta seg\u00fan lo exige la HIPAA y la ley estatal aplicable. Del mismo modo, podemos utilizar la informaci\u00f3n m\u00e9dica y de salud cubierta seg\u00fan lo permita la HIPAA y la ley estatal aplicable.   <\/p>\n<p> <\/p>\n<p><strong>Informaci\u00f3n personal que recopilamos<\/strong><\/p>\n<p>Cuando visita el Sitio, recopilamos autom\u00e1ticamente cierta informaci\u00f3n sobre su dispositivo, incluida informaci\u00f3n sobre su navegador web, direcci\u00f3n IP, zona horaria y algunas de las cookies que est\u00e1n instaladas en su dispositivo. Adem\u00e1s, mientras navega por el Sitio, recopilamos informaci\u00f3n sobre las p\u00e1ginas web o productos individuales que ve, qu\u00e9 sitios web o t\u00e9rminos de b\u00fasqueda le remitieron al Sitio e informaci\u00f3n sobre c\u00f3mo interact\u00faa con el Sitio. Nos referimos a esta informaci\u00f3n recopilada autom\u00e1ticamente como \u201cInformaci\u00f3n del Dispositivo\u201d.  <\/p>\n<p><strong>Recopilamos informaci\u00f3n del dispositivo utilizando las siguientes tecnolog\u00edas:<\/strong><\/p>\n<p>\u2013 Las \u201ccookies\u201d son archivos de datos que se colocan en su dispositivo u ordenador y, a menudo, incluyen un identificador \u00fanico an\u00f3nimo.<\/p>\n<p>\u2013 Los \u201carchivos de registro\u201d rastrean las acciones que ocurren en el Sitio y recopilan datos como su direcci\u00f3n IP, tipo de navegador, proveedor de servicios de Internet, p\u00e1ginas de referencia\/salida y marcas de fecha\/hora.<\/p>\n<p>\u2013 Las \u201cbalizas web\u201d, las \u201cetiquetas\u201d y los \u201cp\u00edxeles\u201d son archivos electr\u00f3nicos que se utilizan para registrar informaci\u00f3n sobre c\u00f3mo navega por el Sitio.<\/p>\n<p> <\/p>\n<p><strong>\u00bfC\u00f3mo utilizamos su informaci\u00f3n personal?<\/strong><\/p>\n<p>Utilizamos la informaci\u00f3n del pedido que recopilamos generalmente para cumplir con cualquier pedido realizado a trav\u00e9s del sitio (incluido el procesamiento de su informaci\u00f3n de pago, proporcion\u00e1ndole facturas y\/o confirmaciones de pedido). Adem\u00e1s, utilizamos esta informaci\u00f3n del pedido para: <\/p>\n<p>Comunicarnos con usted;<\/p>\n<p>Examinar nuestros pedidos en busca de posibles riesgos o fraudes; y<\/p>\n<p>Cuando est\u00e9 en l\u00ednea con las preferencias que ha compartido con nosotros, proporcionarle informaci\u00f3n o publicidad relacionada con nuestros productos o servicios.<\/p>\n<p>Utilizamos la informaci\u00f3n del dispositivo que recopilamos para ayudarnos a detectar posibles riesgos y fraudes (en particular, su direcci\u00f3n IP) y, de forma m\u00e1s general, para mejorar y optimizar nuestro sitio (por ejemplo, generando an\u00e1lisis sobre c\u00f3mo nuestros clientes navegan e interact\u00faan con el sitio, y para evaluar el \u00e9xito de nuestras campa\u00f1as de marketing y publicidad).<\/p>\n<p> <\/p>\n<p>La informaci\u00f3n puede utilizarse para solucionar problemas, administrar el sitio web, analizar tendencias, recopilar informaci\u00f3n demogr\u00e1fica, cumplir con la ley aplicable y cooperar con las actividades de aplicaci\u00f3n de la ley. Tambi\u00e9n podemos compartir esta informaci\u00f3n con nuestros proveedores de servicios y anunciantes externos autorizados para medir la eficacia general de nuestra publicidad, contenido y programaci\u00f3n en l\u00ednea. <\/p>\n<p> <\/p>\n<p><strong>Compartir su informaci\u00f3n personal<\/strong><\/p>\n<p>Compartimos su informaci\u00f3n personal con terceros para que nos ayuden a utilizar su informaci\u00f3n personal, como se describe anteriormente. Por ejemplo, utilizamos Shopify para impulsar nuestra tienda en l\u00ednea; puede leer m\u00e1s sobre c\u00f3mo Shopify utiliza su informaci\u00f3n personal aqu\u00ed: https:\/\/www.shopify.com\/legal\/privacy. Tambi\u00e9n utilizamos Google Analytics para ayudarnos a comprender c\u00f3mo utilizan nuestros clientes el sitio; puede leer m\u00e1s sobre c\u00f3mo Google utiliza su informaci\u00f3n personal aqu\u00ed: https:\/\/www.google.com\/intl\/en\/policies\/privacy\/. Tambi\u00e9n puede optar por no participar en Google Analytics aqu\u00ed: https:\/\/tools.google.com\/dlpage\/gaoptout. <\/p>\n<p> <\/p>\n<p>Finalmente, tambi\u00e9n podemos compartir su informaci\u00f3n personal para cumplir con las leyes y regulaciones aplicables, para responder a una citaci\u00f3n, orden de registro u otra solicitud legal de informaci\u00f3n que recibamos, o para proteger nuestros derechos de otra manera.<\/p>\n<p> <\/p>\n<p><strong>Publicidad conductual<\/strong><\/p>\n<p>Como se describe anteriormente, utilizamos su informaci\u00f3n personal para proporcionarle anuncios dirigidos o comunicaciones de marketing que creemos que pueden ser de su inter\u00e9s.<\/p>\n<p>Puede optar por no recibir correos electr\u00f3nicos dirigidos poni\u00e9ndose en contacto con: coloeyemarketing@gmail.com<\/p>\n<p>Puede optar por no recibir publicidad dirigida mediante:<\/p>\n<p><strong>Los enlaces comunes incluyen:<\/strong><\/p>\n<p>FACEBOOK \u2013 https:\/\/www.facebook.com\/settings\/?tab=ads<\/p>\n<p>GOOGLE \u2013 https:\/\/www.google.com\/settings\/ads\/anonymous<\/p>\n<p>BING \u2013 https:\/\/advertise.bingads.microsoft.com\/en-us\/resources\/policies\/personalized-ads<\/p>\n<p> <\/p>\n<p><strong>Retenci\u00f3n de datos<\/strong><\/p>\n<p>Cuando realiza un pedido a trav\u00e9s del sitio, mantendremos la informaci\u00f3n de su pedido para nuestros registros a menos y hasta que nos pida que eliminemos esta informaci\u00f3n.<\/p>\n<p> <\/p>\n<p><strong>Cont\u00e1ctenos<\/strong><\/p>\n<p>Para obtener m\u00e1s informaci\u00f3n sobre nuestras pr\u00e1cticas de privacidad, si tiene preguntas o si desea presentar una queja, p\u00f3ngase en contacto con nosotros por correo electr\u00f3nico a coloeyemarketing@gmail.com o por correo postal utilizando los datos que se proporcionan a continuaci\u00f3n:<\/p>\n<p>9320 Grand Cordera Pkwy #255, Colorado Springs, CO, 80924, Estados Unidos<\/p>\n<p><\/p>\t\t\t\t\t\t\t\t<\/div>\n\t\t\t\t<\/div>\n\t\t\t\t\t<\/div>\n\t\t\t\t<\/div>\n\t\t\t\t<\/div>\n\t\t","protected":false},"excerpt":{"rendered":"<p>Pol\u00edtica de privacidad Pol\u00edtica de privacidad de Colorado Eye Institute y sus filiales Esta pol\u00edtica de privacidad describe c\u00f3mo se recopila, utiliza y comparte su informaci\u00f3n personal cuando visita o realiza una compra en www.eyescolorado.com (el \u201cSitio\u201d). Somos sensibles a la protecci\u00f3n de la privacidad de los visitantes de nuestro sitio web. El prop\u00f3sito de [&hellip;]<\/p>\n","protected":false},"author":1,"featured_media":0,"parent":0,"menu_order":0,"comment_status":"closed","ping_status":"open","template":"elementor_canvas","meta":{"footnotes":""},"class_list":["post-6696","page","type-page","status-publish","hentry"],"yoast_head":"<!-- This site is optimized with the Yoast SEO plugin v25.4 - https:\/\/yoast.com\/wordpress\/plugins\/seo\/ -->\n<title>Pol\u00edtica de privacidad | Colorado Eye Institute<\/title>\n<meta name=\"robots\" content=\"index, follow, max-snippet:-1, max-image-preview:large, max-video-preview:-1\" \/>\n<link rel=\"canonical\" href=\"https:\/\/www.eyescolorado.com\/es\/politica-de-privacidad\/\" \/>\n<meta property=\"og:locale\" content=\"es_ES\" \/>\n<meta property=\"og:type\" content=\"article\" \/>\n<meta property=\"og:title\" content=\"Pol\u00edtica de privacidad | Colorado Eye Institute\" \/>\n<meta property=\"og:description\" content=\"Pol\u00edtica de privacidad Pol\u00edtica de privacidad de Colorado Eye Institute y sus filiales Esta pol\u00edtica de privacidad describe c\u00f3mo se recopila, utiliza y comparte su informaci\u00f3n personal cuando visita o realiza una compra en www.eyescolorado.com (el \u201cSitio\u201d). Somos sensibles a la protecci\u00f3n de la privacidad de los visitantes de nuestro sitio web. El prop\u00f3sito de [&hellip;]\" \/>\n<meta property=\"og:url\" content=\"https:\/\/www.eyescolorado.com\/es\/politica-de-privacidad\/\" \/>\n<meta property=\"og:site_name\" content=\"Colorado Eye Institute\" \/>\n<meta property=\"article:modified_time\" content=\"2025-11-06T21:53:45+00:00\" \/>\n<meta name=\"twitter:card\" content=\"summary_large_image\" \/>\n<meta name=\"twitter:label1\" content=\"Tiempo de lectura\" \/>\n\t<meta name=\"twitter:data1\" content=\"5 minutos\" \/>\n<script type=\"application\/ld+json\" class=\"yoast-schema-graph\">{\"@context\":\"https:\/\/schema.org\",\"@graph\":[{\"@type\":\"WebPage\",\"@id\":\"https:\/\/www.eyescolorado.com\/es\/politica-de-privacidad\/\",\"url\":\"https:\/\/www.eyescolorado.com\/es\/politica-de-privacidad\/\",\"name\":\"Pol\u00edtica de privacidad | Colorado Eye Institute\",\"isPartOf\":{\"@id\":\"https:\/\/www.eyescolorado.com\/es\/#website\"},\"datePublished\":\"2023-09-01T05:43:05+00:00\",\"dateModified\":\"2025-11-06T21:53:45+00:00\",\"breadcrumb\":{\"@id\":\"https:\/\/www.eyescolorado.com\/es\/politica-de-privacidad\/#breadcrumb\"},\"inLanguage\":\"es\",\"potentialAction\":[{\"@type\":\"ReadAction\",\"target\":[\"https:\/\/www.eyescolorado.com\/es\/politica-de-privacidad\/\"]}]},{\"@type\":\"BreadcrumbList\",\"@id\":\"https:\/\/www.eyescolorado.com\/es\/politica-de-privacidad\/#breadcrumb\",\"itemListElement\":[{\"@type\":\"ListItem\",\"position\":1,\"name\":\"Home\",\"item\":\"https:\/\/www.eyescolorado.com\/es\/inicio\/\"},{\"@type\":\"ListItem\",\"position\":2,\"name\":\"Pol\u00edtica de privacidad\"}]},{\"@type\":\"WebSite\",\"@id\":\"https:\/\/www.eyescolorado.com\/es\/#website\",\"url\":\"https:\/\/www.eyescolorado.com\/es\/\",\"name\":\"Colorado Eye Institute\",\"description\":\"Eye Care in Colorado Springs\",\"publisher\":{\"@id\":\"https:\/\/www.eyescolorado.com\/es\/#organization\"},\"potentialAction\":[{\"@type\":\"SearchAction\",\"target\":{\"@type\":\"EntryPoint\",\"urlTemplate\":\"https:\/\/www.eyescolorado.com\/es\/?s={search_term_string}\"},\"query-input\":{\"@type\":\"PropertyValueSpecification\",\"valueRequired\":true,\"valueName\":\"search_term_string\"}}],\"inLanguage\":\"es\"},{\"@type\":\"Organization\",\"@id\":\"https:\/\/www.eyescolorado.com\/es\/#organization\",\"name\":\"Colorado Eye Institute\",\"url\":\"https:\/\/www.eyescolorado.com\/es\/\",\"logo\":{\"@type\":\"ImageObject\",\"inLanguage\":\"es\",\"@id\":\"https:\/\/www.eyescolorado.com\/es\/#\/schema\/logo\/image\/\",\"url\":\"https:\/\/www.eyescolorado.com\/wp-content\/uploads\/2023\/09\/logo-in-color.png\",\"contentUrl\":\"https:\/\/www.eyescolorado.com\/wp-content\/uploads\/2023\/09\/logo-in-color.png\",\"width\":2643,\"height\":468,\"caption\":\"Colorado Eye Institute\"},\"image\":{\"@id\":\"https:\/\/www.eyescolorado.com\/es\/#\/schema\/logo\/image\/\"}}]}<\/script>\n<!-- \/ Yoast SEO plugin. -->","yoast_head_json":{"title":"Pol\u00edtica de privacidad | Colorado Eye Institute","robots":{"index":"index","follow":"follow","max-snippet":"max-snippet:-1","max-image-preview":"max-image-preview:large","max-video-preview":"max-video-preview:-1"},"canonical":"https:\/\/www.eyescolorado.com\/es\/politica-de-privacidad\/","og_locale":"es_ES","og_type":"article","og_title":"Pol\u00edtica de privacidad | Colorado Eye Institute","og_description":"Pol\u00edtica de privacidad Pol\u00edtica de privacidad de Colorado Eye Institute y sus filiales Esta pol\u00edtica de privacidad describe c\u00f3mo se recopila, utiliza y comparte su informaci\u00f3n personal cuando visita o realiza una compra en www.eyescolorado.com (el \u201cSitio\u201d). Somos sensibles a la protecci\u00f3n de la privacidad de los visitantes de nuestro sitio web. El prop\u00f3sito de [&hellip;]","og_url":"https:\/\/www.eyescolorado.com\/es\/politica-de-privacidad\/","og_site_name":"Colorado Eye Institute","article_modified_time":"2025-11-06T21:53:45+00:00","twitter_card":"summary_large_image","twitter_misc":{"Tiempo de lectura":"5 minutos"},"schema":{"@context":"https:\/\/schema.org","@graph":[{"@type":"WebPage","@id":"https:\/\/www.eyescolorado.com\/es\/politica-de-privacidad\/","url":"https:\/\/www.eyescolorado.com\/es\/politica-de-privacidad\/","name":"Pol\u00edtica de privacidad | Colorado Eye Institute","isPartOf":{"@id":"https:\/\/www.eyescolorado.com\/es\/#website"},"datePublished":"2023-09-01T05:43:05+00:00","dateModified":"2025-11-06T21:53:45+00:00","breadcrumb":{"@id":"https:\/\/www.eyescolorado.com\/es\/politica-de-privacidad\/#breadcrumb"},"inLanguage":"es","potentialAction":[{"@type":"ReadAction","target":["https:\/\/www.eyescolorado.com\/es\/politica-de-privacidad\/"]}]},{"@type":"BreadcrumbList","@id":"https:\/\/www.eyescolorado.com\/es\/politica-de-privacidad\/#breadcrumb","itemListElement":[{"@type":"ListItem","position":1,"name":"Home","item":"https:\/\/www.eyescolorado.com\/es\/inicio\/"},{"@type":"ListItem","position":2,"name":"Pol\u00edtica de privacidad"}]},{"@type":"WebSite","@id":"https:\/\/www.eyescolorado.com\/es\/#website","url":"https:\/\/www.eyescolorado.com\/es\/","name":"Colorado Eye Institute","description":"Eye Care in Colorado Springs","publisher":{"@id":"https:\/\/www.eyescolorado.com\/es\/#organization"},"potentialAction":[{"@type":"SearchAction","target":{"@type":"EntryPoint","urlTemplate":"https:\/\/www.eyescolorado.com\/es\/?s={search_term_string}"},"query-input":{"@type":"PropertyValueSpecification","valueRequired":true,"valueName":"search_term_string"}}],"inLanguage":"es"},{"@type":"Organization","@id":"https:\/\/www.eyescolorado.com\/es\/#organization","name":"Colorado Eye Institute","url":"https:\/\/www.eyescolorado.com\/es\/","logo":{"@type":"ImageObject","inLanguage":"es","@id":"https:\/\/www.eyescolorado.com\/es\/#\/schema\/logo\/image\/","url":"https:\/\/www.eyescolorado.com\/wp-content\/uploads\/2023\/09\/logo-in-color.png","contentUrl":"https:\/\/www.eyescolorado.com\/wp-content\/uploads\/2023\/09\/logo-in-color.png","width":2643,"height":468,"caption":"Colorado Eye Institute"},"image":{"@id":"https:\/\/www.eyescolorado.com\/es\/#\/schema\/logo\/image\/"}}]}},"_links":{"self":[{"href":"https:\/\/www.eyescolorado.com\/es\/wp-json\/wp\/v2\/pages\/6696","targetHints":{"allow":["GET"]}}],"collection":[{"href":"https:\/\/www.eyescolorado.com\/es\/wp-json\/wp\/v2\/pages"}],"about":[{"href":"https:\/\/www.eyescolorado.com\/es\/wp-json\/wp\/v2\/types\/page"}],"author":[{"embeddable":true,"href":"https:\/\/www.eyescolorado.com\/es\/wp-json\/wp\/v2\/users\/1"}],"replies":[{"embeddable":true,"href":"https:\/\/www.eyescolorado.com\/es\/wp-json\/wp\/v2\/comments?post=6696"}],"version-history":[{"count":11,"href":"https:\/\/www.eyescolorado.com\/es\/wp-json\/wp\/v2\/pages\/6696\/revisions"}],"predecessor-version":[{"id":6782,"href":"https:\/\/www.eyescolorado.com\/es\/wp-json\/wp\/v2\/pages\/6696\/revisions\/6782"}],"wp:attachment":[{"href":"https:\/\/www.eyescolorado.com\/es\/wp-json\/wp\/v2\/media?parent=6696"}],"curies":[{"name":"wp","href":"https:\/\/api.w.org\/{rel}","templated":true}]}}