{"id":6598,"date":"2023-09-05T23:35:08","date_gmt":"2023-09-05T23:35:08","guid":{"rendered":"https:\/\/www.eyescolorado.com\/recomiende-a-un-paciente\/"},"modified":"2025-11-06T21:51:44","modified_gmt":"2025-11-06T21:51:44","slug":"recomiende-a-un-paciente","status":"publish","type":"page","link":"https:\/\/www.eyescolorado.com\/es\/recomiende-a-un-paciente\/","title":{"rendered":"Recomiende a un paciente"},"content":{"rendered":"\t\t<div data-elementor-type=\"wp-page\" data-elementor-id=\"6598\" class=\"elementor elementor-6598 elementor-305\" data-elementor-post-type=\"page\">\n\t\t\t\t<div class=\"elementor-element elementor-element-5b9ade3 e-flex e-con-boxed e-con e-parent\" data-id=\"5b9ade3\" data-element_type=\"container\" data-settings=\"{&quot;background_background&quot;:&quot;classic&quot;}\">\n\t\t\t\t\t<div class=\"e-con-inner\">\n\t\t<div class=\"elementor-element elementor-element-5c56bba e-con-full e-flex e-con e-child\" data-id=\"5c56bba\" data-element_type=\"container\" data-settings=\"{&quot;background_background&quot;:&quot;classic&quot;}\">\n\t\t\t\t<div class=\"elementor-element elementor-element-240b5c4 elementor-hidden-tablet elementor-hidden-mobile elementor-widget elementor-widget-image\" data-id=\"240b5c4\" data-element_type=\"widget\" data-widget_type=\"image.default\">\n\t\t\t\t<div class=\"elementor-widget-container\">\n\t\t\t\t\t\t\t\t\t\t\t\t\t\t\t<img fetchpriority=\"high\" decoding=\"async\" width=\"800\" height=\"534\" src=\"https:\/\/www.eyescolorado.com\/wp-content\/uploads\/2023\/10\/doctor-at-desk-making-telephone-call-2022-03-04-01-47-18-utc-1024x683.jpg\" class=\"attachment-large size-large wp-image-6600\" alt=\"\" srcset=\"https:\/\/www.eyescolorado.com\/wp-content\/uploads\/2023\/10\/doctor-at-desk-making-telephone-call-2022-03-04-01-47-18-utc-1024x683.jpg 1024w, https:\/\/www.eyescolorado.com\/wp-content\/uploads\/2023\/10\/doctor-at-desk-making-telephone-call-2022-03-04-01-47-18-utc-300x200.jpg 300w, https:\/\/www.eyescolorado.com\/wp-content\/uploads\/2023\/10\/doctor-at-desk-making-telephone-call-2022-03-04-01-47-18-utc-768x512.jpg 768w, https:\/\/www.eyescolorado.com\/wp-content\/uploads\/2023\/10\/doctor-at-desk-making-telephone-call-2022-03-04-01-47-18-utc-1536x1024.jpg 1536w, https:\/\/www.eyescolorado.com\/wp-content\/uploads\/2023\/10\/doctor-at-desk-making-telephone-call-2022-03-04-01-47-18-utc-2048x1365.jpg 2048w\" sizes=\"(max-width: 800px) 100vw, 800px\" \/>\t\t\t\t\t\t\t\t\t\t\t\t\t\t\t<\/div>\n\t\t\t\t<\/div>\n\t\t\t\t<\/div>\n\t\t<div class=\"elementor-element elementor-element-6baa342 e-con-full e-flex e-con e-child\" data-id=\"6baa342\" data-element_type=\"container\">\n\t\t<div class=\"elementor-element elementor-element-78d1366 e-flex e-con-boxed e-con e-child\" data-id=\"78d1366\" data-element_type=\"container\">\n\t\t\t\t\t<div class=\"e-con-inner\">\n\t\t\t\t<div class=\"elementor-element elementor-element-c415c1a elementor-widget elementor-widget-heading\" data-id=\"c415c1a\" data-element_type=\"widget\" data-widget_type=\"heading.default\">\n\t\t\t\t<div class=\"elementor-widget-container\">\n\t\t\t\t\t<h1 class=\"elementor-heading-title elementor-size-default\">Recomiende a un paciente<\/h1>\t\t\t\t<\/div>\n\t\t\t\t<\/div>\n\t\t\t\t<div class=\"elementor-element elementor-element-c25346f elementor-widget elementor-widget-text-editor\" data-id=\"c25346f\" data-element_type=\"widget\" data-widget_type=\"text-editor.default\">\n\t\t\t\t<div class=\"elementor-widget-container\">\n\t\t\t\t\t\t\t\t\t<p>\u00a1Gracias de parte de todo el equipo de Colorado Eye Institute por su confianza! A continuaci\u00f3n, encontrar\u00e1 las formas en que puede recomendar a un paciente. \u00a1Esperamos trabajar juntos para proporcionar una atenci\u00f3n excepcional!<\/p><p><strong>Las recomendaciones enviadas por correo electr\u00f3nico y fax se procesar\u00e1n durante el horario comercial normal. Si tiene una recomendaci\u00f3n de emergencia, ll\u00e1menos y siga las indicaciones para comunicarse con un proveedor.<\/strong><\/p>\t\t\t\t\t\t\t\t<\/div>\n\t\t\t\t<\/div>\n\t\t\t\t<div class=\"elementor-element elementor-element-9d834d7 elementor-mobile-align-left elementor-widget elementor-widget-button\" data-id=\"9d834d7\" data-element_type=\"widget\" data-widget_type=\"button.default\">\n\t\t\t\t<div class=\"elementor-widget-container\">\n\t\t\t\t\t\t\t\t\t<div class=\"elementor-button-wrapper\">\n\t\t\t\t\t<a class=\"elementor-button elementor-button-link elementor-size-sm\" href=\"tel:(719)%20258-1240\">\n\t\t\t\t\t\t<span class=\"elementor-button-content-wrapper\">\n\t\t\t\t\t\t\t\t\t<span class=\"elementor-button-text\">\u00a1P\u00f3ngase en contacto con nosotros hoy mismo!<\/span>\n\t\t\t\t\t<\/span>\n\t\t\t\t\t<\/a>\n\t\t\t\t<\/div>\n\t\t\t\t\t\t\t\t<\/div>\n\t\t\t\t<\/div>\n\t\t\t\t<div class=\"elementor-element elementor-element-d80159b elementor-widget elementor-widget-heading\" data-id=\"d80159b\" data-element_type=\"widget\" data-widget_type=\"heading.default\">\n\t\t\t\t<div class=\"elementor-widget-container\">\n\t\t\t\t\t<h2 class=\"elementor-heading-title elementor-size-default\">Env\u00ede por fax o correo electr\u00f3nico un formulario de solicitud de derivaci\u00f3n<\/h2>\t\t\t\t<\/div>\n\t\t\t\t<\/div>\n\t\t\t\t<div class=\"elementor-element elementor-element-3299dc5 elementor-widget elementor-widget-text-editor\" data-id=\"3299dc5\" data-element_type=\"widget\" data-widget_type=\"text-editor.default\">\n\t\t\t\t<div class=\"elementor-widget-container\">\n\t\t\t\t\t\t\t\t\t<p>Si prefiere seguir enviando derivaciones por fax o correo electr\u00f3nico, descargue el formulario de derivaci\u00f3n de pacientes adjunto, complete todos los campos y env\u00edelo a trav\u00e9s de la siguiente informaci\u00f3n.<\/p>\t\t\t\t\t\t\t\t<\/div>\n\t\t\t\t<\/div>\n\t\t\t\t<div class=\"elementor-element elementor-element-880a5d3 elementor-align-left elementor-widget__width-initial elementor-mobile-align-left elementor-widget-mobile__width-inherit elementor-widget elementor-widget-button\" data-id=\"880a5d3\" data-element_type=\"widget\" data-widget_type=\"button.default\">\n\t\t\t\t<div class=\"elementor-widget-container\">\n\t\t\t\t\t\t\t\t\t<div class=\"elementor-button-wrapper\">\n\t\t\t\t\t<a class=\"elementor-button elementor-button-link elementor-size-sm\" href=\"https:\/\/www.eyescolorado.com\/es\/formulario-de-derivacion-de-pacientes\/\">\n\t\t\t\t\t\t<span class=\"elementor-button-content-wrapper\">\n\t\t\t\t\t\t\t\t\t<span class=\"elementor-button-text\">Formulario de recomendaci\u00f3n de pacientes en l\u00ednea<\/span>\n\t\t\t\t\t<\/span>\n\t\t\t\t\t<\/a>\n\t\t\t\t<\/div>\n\t\t\t\t\t\t\t\t<\/div>\n\t\t\t\t<\/div>\n\t\t\t\t<div class=\"elementor-element elementor-element-9736ef7 elementor-widget elementor-widget-button\" data-id=\"9736ef7\" data-element_type=\"widget\" data-widget_type=\"button.default\">\n\t\t\t\t<div class=\"elementor-widget-container\">\n\t\t\t\t\t\t\t\t\t<div class=\"elementor-button-wrapper\">\n\t\t\t\t\t<a class=\"elementor-button elementor-button-link elementor-size-sm\" href=\"https:\/\/www.eyescolorado.com\/wp-content\/uploads\/2025\/11\/Referral-Fax-Form-11.5.25JPG-Fillable.pdf\" target=\"_blank\">\n\t\t\t\t\t\t<span class=\"elementor-button-content-wrapper\">\n\t\t\t\t\t\t\t\t\t<span class=\"elementor-button-text\">Descargue el formulario de derivaci\u00f3n de pacientes<\/span>\n\t\t\t\t\t<\/span>\n\t\t\t\t\t<\/a>\n\t\t\t\t<\/div>\n\t\t\t\t\t\t\t\t<\/div>\n\t\t\t\t<\/div>\n\t\t\t\t<div class=\"elementor-element elementor-element-ff93616 elementor-widget elementor-widget-text-editor\" data-id=\"ff93616\" data-element_type=\"widget\" data-widget_type=\"text-editor.default\">\n\t\t\t\t<div class=\"elementor-widget-container\">\n\t\t\t\t\t\t\t\t\t<p>Fax: <a href=\"tel:(719)%20282-1247\">(719) 282-1247<\/a><\/p><p>Correo electr\u00f3nico: <a href=\"mailto:kreed@eyescolorado.com\">Kreed@eyescolorado.com<\/a><\/p><p>Para acceder a nuestro formulario de referencia para pacientes en espa\u00f1ol, <a href=\"https:\/\/www.eyescolorado.com\/wp-content\/uploads\/2025\/11\/Referral-Fax-Form-Spanish-FILLABLE.pdf\">haga clic aqu\u00ed<\/a>.<\/p>\t\t\t\t\t\t\t\t<\/div>\n\t\t\t\t<\/div>\n\t\t\t\t\t<\/div>\n\t\t\t\t<\/div>\n\t\t\t\t<\/div>\n\t\t\t\t\t<\/div>\n\t\t\t\t<\/div>\n\t\t\t\t<\/div>\n\t\t","protected":false},"excerpt":{"rendered":"<p>Recomiende a un paciente \u00a1Gracias de parte de todo el equipo de Colorado Eye Institute por su confianza! A continuaci\u00f3n, encontrar\u00e1 las formas en que puede recomendar a un paciente. \u00a1Esperamos trabajar juntos para proporcionar una atenci\u00f3n excepcional! Las recomendaciones enviadas por correo electr\u00f3nico y fax se procesar\u00e1n durante el horario comercial normal. Si tiene [&hellip;]<\/p>\n","protected":false},"author":2,"featured_media":0,"parent":0,"menu_order":0,"comment_status":"closed","ping_status":"closed","template":"elementor_canvas","meta":{"footnotes":""},"class_list":["post-6598","page","type-page","status-publish","hentry"],"yoast_head":"<!-- This site is optimized with the Yoast SEO plugin v25.4 - https:\/\/yoast.com\/wordpress\/plugins\/seo\/ -->\n<title>Recomiende a un paciente - Colorado Eye Institute<\/title>\n<meta name=\"robots\" content=\"index, follow, max-snippet:-1, max-image-preview:large, max-video-preview:-1\" \/>\n<link rel=\"canonical\" href=\"https:\/\/www.eyescolorado.com\/es\/recomiende-a-un-paciente\/\" \/>\n<meta property=\"og:locale\" content=\"es_ES\" \/>\n<meta property=\"og:type\" content=\"article\" \/>\n<meta property=\"og:title\" content=\"Recomiende a un paciente - Colorado Eye Institute\" \/>\n<meta property=\"og:description\" content=\"Recomiende a un paciente \u00a1Gracias de parte de todo el equipo de Colorado Eye Institute por su confianza! A continuaci\u00f3n, encontrar\u00e1 las formas en que puede recomendar a un paciente. \u00a1Esperamos trabajar juntos para proporcionar una atenci\u00f3n excepcional! Las recomendaciones enviadas por correo electr\u00f3nico y fax se procesar\u00e1n durante el horario comercial normal. Si tiene [&hellip;]\" \/>\n<meta property=\"og:url\" content=\"https:\/\/www.eyescolorado.com\/es\/recomiende-a-un-paciente\/\" \/>\n<meta property=\"og:site_name\" content=\"Colorado Eye Institute\" \/>\n<meta property=\"article:modified_time\" content=\"2025-11-06T21:51:44+00:00\" \/>\n<meta property=\"og:image\" content=\"https:\/\/www.eyescolorado.com\/wp-content\/uploads\/2023\/10\/doctor-at-desk-making-telephone-call-2022-03-04-01-47-18-utc-scaled.jpg\" \/>\n\t<meta property=\"og:image:width\" content=\"2560\" \/>\n\t<meta property=\"og:image:height\" content=\"1707\" \/>\n\t<meta property=\"og:image:type\" content=\"image\/jpeg\" \/>\n<meta name=\"twitter:card\" content=\"summary_large_image\" \/>\n<meta name=\"twitter:label1\" content=\"Tiempo de lectura\" \/>\n\t<meta name=\"twitter:data1\" content=\"1 minuto\" \/>\n<script type=\"application\/ld+json\" class=\"yoast-schema-graph\">{\"@context\":\"https:\/\/schema.org\",\"@graph\":[{\"@type\":\"WebPage\",\"@id\":\"https:\/\/www.eyescolorado.com\/es\/recomiende-a-un-paciente\/\",\"url\":\"https:\/\/www.eyescolorado.com\/es\/recomiende-a-un-paciente\/\",\"name\":\"Recomiende a un paciente - Colorado Eye Institute\",\"isPartOf\":{\"@id\":\"https:\/\/www.eyescolorado.com\/es\/#website\"},\"primaryImageOfPage\":{\"@id\":\"https:\/\/www.eyescolorado.com\/es\/recomiende-a-un-paciente\/#primaryimage\"},\"image\":{\"@id\":\"https:\/\/www.eyescolorado.com\/es\/recomiende-a-un-paciente\/#primaryimage\"},\"thumbnailUrl\":\"https:\/\/www.eyescolorado.com\/wp-content\/uploads\/2023\/10\/doctor-at-desk-making-telephone-call-2022-03-04-01-47-18-utc-1024x683.jpg\",\"datePublished\":\"2023-09-05T23:35:08+00:00\",\"dateModified\":\"2025-11-06T21:51:44+00:00\",\"breadcrumb\":{\"@id\":\"https:\/\/www.eyescolorado.com\/es\/recomiende-a-un-paciente\/#breadcrumb\"},\"inLanguage\":\"es\",\"potentialAction\":[{\"@type\":\"ReadAction\",\"target\":[\"https:\/\/www.eyescolorado.com\/es\/recomiende-a-un-paciente\/\"]}]},{\"@type\":\"ImageObject\",\"inLanguage\":\"es\",\"@id\":\"https:\/\/www.eyescolorado.com\/es\/recomiende-a-un-paciente\/#primaryimage\",\"url\":\"https:\/\/www.eyescolorado.com\/wp-content\/uploads\/2023\/10\/doctor-at-desk-making-telephone-call-2022-03-04-01-47-18-utc-1024x683.jpg\",\"contentUrl\":\"https:\/\/www.eyescolorado.com\/wp-content\/uploads\/2023\/10\/doctor-at-desk-making-telephone-call-2022-03-04-01-47-18-utc-1024x683.jpg\"},{\"@type\":\"BreadcrumbList\",\"@id\":\"https:\/\/www.eyescolorado.com\/es\/recomiende-a-un-paciente\/#breadcrumb\",\"itemListElement\":[{\"@type\":\"ListItem\",\"position\":1,\"name\":\"Home\",\"item\":\"https:\/\/www.eyescolorado.com\/es\/inicio\/\"},{\"@type\":\"ListItem\",\"position\":2,\"name\":\"Recomiende a un paciente\"}]},{\"@type\":\"WebSite\",\"@id\":\"https:\/\/www.eyescolorado.com\/es\/#website\",\"url\":\"https:\/\/www.eyescolorado.com\/es\/\",\"name\":\"Colorado Eye Institute\",\"description\":\"Eye Care in Colorado Springs\",\"publisher\":{\"@id\":\"https:\/\/www.eyescolorado.com\/es\/#organization\"},\"potentialAction\":[{\"@type\":\"SearchAction\",\"target\":{\"@type\":\"EntryPoint\",\"urlTemplate\":\"https:\/\/www.eyescolorado.com\/es\/?s={search_term_string}\"},\"query-input\":{\"@type\":\"PropertyValueSpecification\",\"valueRequired\":true,\"valueName\":\"search_term_string\"}}],\"inLanguage\":\"es\"},{\"@type\":\"Organization\",\"@id\":\"https:\/\/www.eyescolorado.com\/es\/#organization\",\"name\":\"Colorado Eye Institute\",\"url\":\"https:\/\/www.eyescolorado.com\/es\/\",\"logo\":{\"@type\":\"ImageObject\",\"inLanguage\":\"es\",\"@id\":\"https:\/\/www.eyescolorado.com\/es\/#\/schema\/logo\/image\/\",\"url\":\"https:\/\/www.eyescolorado.com\/wp-content\/uploads\/2023\/09\/logo-in-color.png\",\"contentUrl\":\"https:\/\/www.eyescolorado.com\/wp-content\/uploads\/2023\/09\/logo-in-color.png\",\"width\":2643,\"height\":468,\"caption\":\"Colorado Eye Institute\"},\"image\":{\"@id\":\"https:\/\/www.eyescolorado.com\/es\/#\/schema\/logo\/image\/\"}}]}<\/script>\n<!-- \/ Yoast SEO plugin. -->","yoast_head_json":{"title":"Recomiende a un paciente - Colorado Eye Institute","robots":{"index":"index","follow":"follow","max-snippet":"max-snippet:-1","max-image-preview":"max-image-preview:large","max-video-preview":"max-video-preview:-1"},"canonical":"https:\/\/www.eyescolorado.com\/es\/recomiende-a-un-paciente\/","og_locale":"es_ES","og_type":"article","og_title":"Recomiende a un paciente - Colorado Eye Institute","og_description":"Recomiende a un paciente \u00a1Gracias de parte de todo el equipo de Colorado Eye Institute por su confianza! A continuaci\u00f3n, encontrar\u00e1 las formas en que puede recomendar a un paciente. \u00a1Esperamos trabajar juntos para proporcionar una atenci\u00f3n excepcional! Las recomendaciones enviadas por correo electr\u00f3nico y fax se procesar\u00e1n durante el horario comercial normal. Si tiene [&hellip;]","og_url":"https:\/\/www.eyescolorado.com\/es\/recomiende-a-un-paciente\/","og_site_name":"Colorado Eye Institute","article_modified_time":"2025-11-06T21:51:44+00:00","og_image":[{"width":2560,"height":1707,"url":"https:\/\/www.eyescolorado.com\/wp-content\/uploads\/2023\/10\/doctor-at-desk-making-telephone-call-2022-03-04-01-47-18-utc-scaled.jpg","type":"image\/jpeg"}],"twitter_card":"summary_large_image","twitter_misc":{"Tiempo de lectura":"1 minuto"},"schema":{"@context":"https:\/\/schema.org","@graph":[{"@type":"WebPage","@id":"https:\/\/www.eyescolorado.com\/es\/recomiende-a-un-paciente\/","url":"https:\/\/www.eyescolorado.com\/es\/recomiende-a-un-paciente\/","name":"Recomiende a un paciente - Colorado Eye Institute","isPartOf":{"@id":"https:\/\/www.eyescolorado.com\/es\/#website"},"primaryImageOfPage":{"@id":"https:\/\/www.eyescolorado.com\/es\/recomiende-a-un-paciente\/#primaryimage"},"image":{"@id":"https:\/\/www.eyescolorado.com\/es\/recomiende-a-un-paciente\/#primaryimage"},"thumbnailUrl":"https:\/\/www.eyescolorado.com\/wp-content\/uploads\/2023\/10\/doctor-at-desk-making-telephone-call-2022-03-04-01-47-18-utc-1024x683.jpg","datePublished":"2023-09-05T23:35:08+00:00","dateModified":"2025-11-06T21:51:44+00:00","breadcrumb":{"@id":"https:\/\/www.eyescolorado.com\/es\/recomiende-a-un-paciente\/#breadcrumb"},"inLanguage":"es","potentialAction":[{"@type":"ReadAction","target":["https:\/\/www.eyescolorado.com\/es\/recomiende-a-un-paciente\/"]}]},{"@type":"ImageObject","inLanguage":"es","@id":"https:\/\/www.eyescolorado.com\/es\/recomiende-a-un-paciente\/#primaryimage","url":"https:\/\/www.eyescolorado.com\/wp-content\/uploads\/2023\/10\/doctor-at-desk-making-telephone-call-2022-03-04-01-47-18-utc-1024x683.jpg","contentUrl":"https:\/\/www.eyescolorado.com\/wp-content\/uploads\/2023\/10\/doctor-at-desk-making-telephone-call-2022-03-04-01-47-18-utc-1024x683.jpg"},{"@type":"BreadcrumbList","@id":"https:\/\/www.eyescolorado.com\/es\/recomiende-a-un-paciente\/#breadcrumb","itemListElement":[{"@type":"ListItem","position":1,"name":"Home","item":"https:\/\/www.eyescolorado.com\/es\/inicio\/"},{"@type":"ListItem","position":2,"name":"Recomiende a un paciente"}]},{"@type":"WebSite","@id":"https:\/\/www.eyescolorado.com\/es\/#website","url":"https:\/\/www.eyescolorado.com\/es\/","name":"Colorado Eye Institute","description":"Eye Care in Colorado Springs","publisher":{"@id":"https:\/\/www.eyescolorado.com\/es\/#organization"},"potentialAction":[{"@type":"SearchAction","target":{"@type":"EntryPoint","urlTemplate":"https:\/\/www.eyescolorado.com\/es\/?s={search_term_string}"},"query-input":{"@type":"PropertyValueSpecification","valueRequired":true,"valueName":"search_term_string"}}],"inLanguage":"es"},{"@type":"Organization","@id":"https:\/\/www.eyescolorado.com\/es\/#organization","name":"Colorado Eye Institute","url":"https:\/\/www.eyescolorado.com\/es\/","logo":{"@type":"ImageObject","inLanguage":"es","@id":"https:\/\/www.eyescolorado.com\/es\/#\/schema\/logo\/image\/","url":"https:\/\/www.eyescolorado.com\/wp-content\/uploads\/2023\/09\/logo-in-color.png","contentUrl":"https:\/\/www.eyescolorado.com\/wp-content\/uploads\/2023\/09\/logo-in-color.png","width":2643,"height":468,"caption":"Colorado Eye Institute"},"image":{"@id":"https:\/\/www.eyescolorado.com\/es\/#\/schema\/logo\/image\/"}}]}},"_links":{"self":[{"href":"https:\/\/www.eyescolorado.com\/es\/wp-json\/wp\/v2\/pages\/6598","targetHints":{"allow":["GET"]}}],"collection":[{"href":"https:\/\/www.eyescolorado.com\/es\/wp-json\/wp\/v2\/pages"}],"about":[{"href":"https:\/\/www.eyescolorado.com\/es\/wp-json\/wp\/v2\/types\/page"}],"author":[{"embeddable":true,"href":"https:\/\/www.eyescolorado.com\/es\/wp-json\/wp\/v2\/users\/2"}],"replies":[{"embeddable":true,"href":"https:\/\/www.eyescolorado.com\/es\/wp-json\/wp\/v2\/comments?post=6598"}],"version-history":[{"count":2,"href":"https:\/\/www.eyescolorado.com\/es\/wp-json\/wp\/v2\/pages\/6598\/revisions"}],"predecessor-version":[{"id":6612,"href":"https:\/\/www.eyescolorado.com\/es\/wp-json\/wp\/v2\/pages\/6598\/revisions\/6612"}],"wp:attachment":[{"href":"https:\/\/www.eyescolorado.com\/es\/wp-json\/wp\/v2\/media?parent=6598"}],"curies":[{"name":"wp","href":"https:\/\/api.w.org\/{rel}","templated":true}]}}