{"id":6581,"date":"2023-09-20T00:23:15","date_gmt":"2023-09-20T00:23:15","guid":{"rendered":"https:\/\/www.eyescolorado.com\/dr-karl-becker-m-d\/"},"modified":"2025-11-06T21:51:41","modified_gmt":"2025-11-06T21:51:41","slug":"dr-karl-becker-m-d","status":"publish","type":"page","link":"https:\/\/www.eyescolorado.com\/es\/dr-karl-becker-m-d\/","title":{"rendered":"Dr. Karl Becker, M.D."},"content":{"rendered":"\t\t<div data-elementor-type=\"wp-page\" data-elementor-id=\"6581\" class=\"elementor elementor-6581 elementor-1100\" data-elementor-post-type=\"page\">\n\t\t\t\t<div class=\"elementor-element elementor-element-4f68740 e-flex e-con-boxed e-con e-parent\" data-id=\"4f68740\" data-element_type=\"container\" data-settings=\"{&quot;background_background&quot;:&quot;classic&quot;}\">\n\t\t\t\t\t<div class=\"e-con-inner\">\n\t\t<div class=\"elementor-element elementor-element-25d75fb e-con-full e-flex e-con e-child\" data-id=\"25d75fb\" data-element_type=\"container\">\n\t\t\t\t<div class=\"elementor-element elementor-element-449b9a5 elementor-widget elementor-widget-heading\" data-id=\"449b9a5\" data-element_type=\"widget\" data-widget_type=\"heading.default\">\n\t\t\t\t<div class=\"elementor-widget-container\">\n\t\t\t\t\t<h1 class=\"elementor-heading-title elementor-size-default\">Dr. Karl Becker, M.D.<\/h1>\t\t\t\t<\/div>\n\t\t\t\t<\/div>\n\t\t\t\t<\/div>\n\t\t\t\t\t<\/div>\n\t\t\t\t<\/div>\n\t\t<div class=\"elementor-element elementor-element-fc97292 e-flex e-con-boxed e-con e-parent\" data-id=\"fc97292\" data-element_type=\"container\">\n\t\t\t\t\t<div class=\"e-con-inner\">\n\t\t<div class=\"elementor-element elementor-element-33cd07c e-con-full e-flex e-con e-child\" data-id=\"33cd07c\" data-element_type=\"container\">\n\t\t<div class=\"elementor-element elementor-element-2f117bc e-con-full e-flex e-con e-child\" data-id=\"2f117bc\" data-element_type=\"container\" data-settings=\"{&quot;background_background&quot;:&quot;classic&quot;}\">\n\t\t<div class=\"elementor-element elementor-element-ad64816 e-con-full e-flex e-con e-child\" data-id=\"ad64816\" data-element_type=\"container\">\n\t\t\t\t<div class=\"elementor-element elementor-element-c63b468 elementor-widget elementor-widget-heading\" data-id=\"c63b468\" data-element_type=\"widget\" data-widget_type=\"heading.default\">\n\t\t\t\t<div class=\"elementor-widget-container\">\n\t\t\t\t\t<h6 class=\"elementor-heading-title elementor-size-default\">Conozca al Dr. Becker<\/h6>\t\t\t\t<\/div>\n\t\t\t\t<\/div>\n\t\t\t\t<div class=\"elementor-element elementor-element-97cb49f elementor-widget elementor-widget-heading\" data-id=\"97cb49f\" data-element_type=\"widget\" data-widget_type=\"heading.default\">\n\t\t\t\t<div class=\"elementor-widget-container\">\n\t\t\t\t\t<h6 class=\"elementor-heading-title elementor-size-default\">Oftalm\u00f3logo, especialista en uve\u00edtis y retina m\u00e9dica<\/h6>\t\t\t\t<\/div>\n\t\t\t\t<\/div>\n\t\t\t\t<\/div>\n\t\t\t\t<\/div>\n\t\t<div class=\"elementor-element elementor-element-4fa69d7 e-con-full e-flex e-con e-child\" data-id=\"4fa69d7\" data-element_type=\"container\">\n\t\t<div class=\"elementor-element elementor-element-78bad89 e-con-full e-flex e-con e-child\" data-id=\"78bad89\" data-element_type=\"container\">\n\t\t\t\t<div class=\"elementor-element elementor-element-3c11d61 elementor-widget__width-initial elementor-widget elementor-widget-image\" data-id=\"3c11d61\" data-element_type=\"widget\" data-widget_type=\"image.default\">\n\t\t\t\t<div class=\"elementor-widget-container\">\n\t\t\t\t\t\t\t\t\t\t\t\t\t\t\t<img fetchpriority=\"high\" decoding=\"async\" width=\"1067\" height=\"1600\" src=\"https:\/\/www.eyescolorado.com\/wp-content\/uploads\/2023\/09\/Becker_1.jpg\" class=\"attachment-full size-full wp-image-6582\" alt=\"\" srcset=\"https:\/\/www.eyescolorado.com\/wp-content\/uploads\/2023\/09\/Becker_1.jpg 1067w, https:\/\/www.eyescolorado.com\/wp-content\/uploads\/2023\/09\/Becker_1-200x300.jpg 200w, https:\/\/www.eyescolorado.com\/wp-content\/uploads\/2023\/09\/Becker_1-683x1024.jpg 683w, https:\/\/www.eyescolorado.com\/wp-content\/uploads\/2023\/09\/Becker_1-768x1152.jpg 768w, https:\/\/www.eyescolorado.com\/wp-content\/uploads\/2023\/09\/Becker_1-1024x1536.jpg 1024w\" sizes=\"(max-width: 1067px) 100vw, 1067px\" \/>\t\t\t\t\t\t\t\t\t\t\t\t\t\t\t<\/div>\n\t\t\t\t<\/div>\n\t\t\t\t<\/div>\n\t\t<div class=\"elementor-element elementor-element-850f218 e-flex e-con-boxed e-con e-child\" data-id=\"850f218\" data-element_type=\"container\">\n\t\t\t\t\t<div class=\"e-con-inner\">\n\t\t\t\t<div class=\"elementor-element elementor-element-cce404e elementor-widget elementor-widget-heading\" data-id=\"cce404e\" data-element_type=\"widget\" data-widget_type=\"heading.default\">\n\t\t\t\t<div class=\"elementor-widget-container\">\n\t\t\t\t\t<h2 class=\"elementor-heading-title elementor-size-default\">Formaci\u00f3n acad\u00e9mica<\/h2>\t\t\t\t<\/div>\n\t\t\t\t<\/div>\n\t\t\t\t<div class=\"elementor-element elementor-element-53e8483 elementor-widget elementor-widget-text-editor\" data-id=\"53e8483\" data-element_type=\"widget\" data-widget_type=\"text-editor.default\">\n\t\t\t\t<div class=\"elementor-widget-container\">\n\t\t\t\t\t\t\t\t\t<ul><li><span style=\"background-color: transparent; color: var( --e-global-color-f573ca4 ); font-family: var( --e-global-typography-text-font-family ), Sans-serif; font-weight: var( --e-global-typography-text-font-weight ); text-align: var(--text-align);\">Licenciatura en la Universidad de Colorado en Boulder<\/span><\/li><li style=\"font-size: 16px;\">Doctor en Medicina por la Facultad de Medicina de la Universidad de Illinois<\/li><li style=\"font-size: 16px;\">Internado de a\u00f1o de transici\u00f3n en Intermountain Medical Center<\/li><li style=\"font-size: 16px;\">Residencia en oftalmolog\u00eda en el John H. Stroger, Jr. Hospital del condado de Cook <\/li><li style=\"font-size: 16px;\">Beca de investigaci\u00f3n en uve\u00edtis y retina m\u00e9dica en el Illinois Eye and Ear Infirmary<\/li><\/ul>\t\t\t\t\t\t\t\t<\/div>\n\t\t\t\t<\/div>\n\t\t\t\t<div class=\"elementor-element elementor-element-3e9e7f4 elementor-widget elementor-widget-heading\" data-id=\"3e9e7f4\" data-element_type=\"widget\" data-widget_type=\"heading.default\">\n\t\t\t\t<div class=\"elementor-widget-container\">\n\t\t\t\t\t<h2 class=\"elementor-heading-title elementor-size-default\">Acreditaci\u00f3n<\/h2>\t\t\t\t<\/div>\n\t\t\t\t<\/div>\n\t\t\t\t<div class=\"elementor-element elementor-element-c2330b5 elementor-widget elementor-widget-text-editor\" data-id=\"c2330b5\" data-element_type=\"widget\" data-widget_type=\"text-editor.default\">\n\t\t\t\t<div class=\"elementor-widget-container\">\n\t\t\t\t\t\t\t\t\t<ul><li>Certificado por el Consejo Estadounidense de Oftalmolog\u00eda<\/li><\/ul>\t\t\t\t\t\t\t\t<\/div>\n\t\t\t\t<\/div>\n\t\t\t\t<div class=\"elementor-element elementor-element-49e5836 elementor-widget elementor-widget-heading\" data-id=\"49e5836\" data-element_type=\"widget\" data-widget_type=\"heading.default\">\n\t\t\t\t<div class=\"elementor-widget-container\">\n\t\t\t\t\t<h2 class=\"elementor-heading-title elementor-size-default\">Afiliaciones<\/h2>\t\t\t\t<\/div>\n\t\t\t\t<\/div>\n\t\t\t\t<div class=\"elementor-element elementor-element-3d710d6 elementor-widget elementor-widget-text-editor\" data-id=\"3d710d6\" data-element_type=\"widget\" data-widget_type=\"text-editor.default\">\n\t\t\t\t<div class=\"elementor-widget-container\">\n\t\t\t\t\t\t\t\t\t<ul><li>Miembro de la Academia Americana de Oftalmolog\u00eda<\/li><li>Miembro de la Sociedad Americana de Uve\u00edtis<\/li><li>Miembro de la Sociedad de M\u00e9dicos y Cirujanos Oculares de Colorado<\/li><li>Miembro de la Sociedad de M\u00e9dicos y Cirujanos Oculares de Colorado<\/li><li>Miembro de las Asociaciones M\u00e9dicas y Dentales Cristianas<\/li><li>M\u00e9dico asistente voluntario, Cook County Health<\/li><\/ul>\t\t\t\t\t\t\t\t<\/div>\n\t\t\t\t<\/div>\n\t\t\t\t<div class=\"elementor-element elementor-element-008c8ce elementor-widget elementor-widget-heading\" data-id=\"008c8ce\" data-element_type=\"widget\" data-widget_type=\"heading.default\">\n\t\t\t\t<div class=\"elementor-widget-container\">\n\t\t\t\t\t<h2 class=\"elementor-heading-title elementor-size-default\">Distinciones<\/h2>\t\t\t\t<\/div>\n\t\t\t\t<\/div>\n\t\t\t\t<div class=\"elementor-element elementor-element-398b280 elementor-widget elementor-widget-text-editor\" data-id=\"398b280\" data-element_type=\"widget\" data-widget_type=\"text-editor.default\">\n\t\t\t\t<div class=\"elementor-widget-container\">\n\t\t\t\t\t\t\t\t\t<ul><li><span style=\"background-color: transparent; color: var( --e-global-color-f573ca4 ); font-family: var( --e-global-typography-text-font-family ), Sans-serif; font-weight: var( --e-global-typography-text-font-weight ); text-align: var(--text-align);\">Licenciatura con distinci\u00f3n y miembro de la Sociedad de Honor Phi Beta Kappa<\/span><\/li><li style=\"font-size: 16px;\">Doctor en Medicina con honores y miembro de la Sociedad de Honor Alpha Omega Alpha<\/li><li>Reconocido por los asistentes como jefe de residentes en oftalmolog\u00eda en Cook County Health.<\/li><li>Seleccionado como representante residente para la junta directiva de la Sociedad de M\u00e9dicos y Cirujanos Oculares de Illinois<\/li><\/ul>\t\t\t\t\t\t\t\t<\/div>\n\t\t\t\t<\/div>\n\t\t\t\t<div class=\"elementor-element elementor-element-cf8f89e elementor-widget elementor-widget-heading\" data-id=\"cf8f89e\" data-element_type=\"widget\" data-widget_type=\"heading.default\">\n\t\t\t\t<div class=\"elementor-widget-container\">\n\t\t\t\t\t<h2 class=\"elementor-heading-title elementor-size-default\">Especializaciones<\/h2>\t\t\t\t<\/div>\n\t\t\t\t<\/div>\n\t\t\t\t<div class=\"elementor-element elementor-element-f51a580 elementor-widget elementor-widget-text-editor\" data-id=\"f51a580\" data-element_type=\"widget\" data-widget_type=\"text-editor.default\">\n\t\t\t\t<div class=\"elementor-widget-container\">\n\t\t\t\t\t\t\t\t\t<ul><li>Uve\u00edtis y enfermedades inflamatorias oculares<\/li><li>Retina m\u00e9dica, incluyendo retinopat\u00eda diab\u00e9tica, degeneraci\u00f3n macular y otras enfermedades de la retina<\/li><li>Oftalmolog\u00eda integral<\/li><li>Cirug\u00eda de cataratas<\/li><li>Glaucoma<\/li><\/ul>\t\t\t\t\t\t\t\t<\/div>\n\t\t\t\t<\/div>\n\t\t\t\t<div class=\"elementor-element elementor-element-cc1993e elementor-widget elementor-widget-heading\" data-id=\"cc1993e\" data-element_type=\"widget\" data-widget_type=\"heading.default\">\n\t\t\t\t<div class=\"elementor-widget-container\">\n\t\t\t\t\t<h2 class=\"elementor-heading-title elementor-size-default\">Seguros aceptados<\/h2>\t\t\t\t<\/div>\n\t\t\t\t<\/div>\n\t\t\t\t<div class=\"elementor-element elementor-element-43d5eef elementor-widget elementor-widget-text-editor\" data-id=\"43d5eef\" data-element_type=\"widget\" data-widget_type=\"text-editor.default\">\n\t\t\t\t<div class=\"elementor-widget-container\">\n\t\t\t\t\t\t\t\t\t<ul><li>AARP Medicare Complete<\/li><li>Aetna<\/li><li>Aetna Medicare Advantage<\/li><li>Blue Cross Blue Shield<\/li><li>Bright Health Plan<\/li><li>Champ V.A.<\/li><li>Cigna<\/li><li>Colorado Health<\/li><li>Cofinity<\/li><li>Departamento de Asuntos de los Veteranos<\/li><li>EBMS<\/li><li>Friday Health Plans<\/li><li>Geha<\/li><li>Healthnet Veterans Choice<\/li><li>Humana<\/li><li>Humana Gold Plus<\/li><li>Kaiser<\/li><li>Kaiser Senior<\/li><li>Medicaid<\/li><li>Medicare<\/li><li>Medicare para ferrocarriles<\/li><li>Rocky Mountain Health Plan<\/li><li>Tricare de por vida<\/li><li>Tricare Prime<\/li><li>Tricare Select<\/li><li>United Healthcare<\/li><li>UMR<\/li><li><em>[Esta no es una lista completa. P\u00f3ngase en contacto con la oficina para preguntar sobre la cobertura de su plan.]<\/em><\/li><\/ul>\t\t\t\t\t\t\t\t<\/div>\n\t\t\t\t<\/div>\n\t\t\t\t\t<\/div>\n\t\t\t\t<\/div>\n\t\t\t\t<\/div>\n\t\t\t\t<\/div>\n\t\t\t\t\t<\/div>\n\t\t\t\t<\/div>\n\t\t<div class=\"elementor-element elementor-element-49a007a e-flex e-con-boxed e-con e-parent\" data-id=\"49a007a\" data-element_type=\"container\">\n\t\t\t\t\t<div class=\"e-con-inner\">\n\t\t\t\t<div class=\"elementor-element elementor-element-8b91396 elementor-widget elementor-widget-heading\" data-id=\"8b91396\" data-element_type=\"widget\" data-widget_type=\"heading.default\">\n\t\t\t\t<div class=\"elementor-widget-container\">\n\t\t\t\t\t<h2 class=\"elementor-heading-title elementor-size-default\">Charla sobre los ojos<\/h2>\t\t\t\t<\/div>\n\t\t\t\t<\/div>\n\t\t\t\t\t<\/div>\n\t\t\t\t<\/div>\n\t\t\t\t<\/div>\n\t\t","protected":false},"excerpt":{"rendered":"<p>Dr. Karl Becker, M.D. Conozca al Dr. Becker Oftalm\u00f3logo, especialista en uve\u00edtis y retina m\u00e9dica Formaci\u00f3n acad\u00e9mica Licenciatura en la Universidad de Colorado en Boulder Doctor en Medicina por la Facultad de Medicina de la Universidad de Illinois Internado de a\u00f1o de transici\u00f3n en Intermountain Medical Center Residencia en oftalmolog\u00eda en el John H. Stroger, [&hellip;]<\/p>\n","protected":false},"author":2,"featured_media":0,"parent":0,"menu_order":0,"comment_status":"closed","ping_status":"closed","template":"elementor_canvas","meta":{"footnotes":""},"class_list":["post-6581","page","type-page","status-publish","hentry"],"yoast_head":"<!-- This site is optimized with the Yoast SEO plugin v25.4 - https:\/\/yoast.com\/wordpress\/plugins\/seo\/ -->\n<title>Dr. Karl Becker, M.D.<\/title>\n<meta name=\"description\" content=\"Conozca al Dr. Karl Becker, M.D., oftalm\u00f3logo, especialista en uve\u00edtis y retina m\u00e9dica.\" \/>\n<meta name=\"robots\" content=\"index, follow, max-snippet:-1, max-image-preview:large, max-video-preview:-1\" \/>\n<link rel=\"canonical\" href=\"https:\/\/www.eyescolorado.com\/es\/dr-karl-becker-m-d\/\" \/>\n<meta property=\"og:locale\" content=\"es_ES\" \/>\n<meta property=\"og:type\" content=\"article\" \/>\n<meta property=\"og:title\" content=\"Dr. Karl Becker, M.D.\" \/>\n<meta property=\"og:description\" content=\"Conozca al Dr. Karl Becker, M.D., oftalm\u00f3logo, especialista en uve\u00edtis y retina m\u00e9dica.\" \/>\n<meta property=\"og:url\" content=\"https:\/\/www.eyescolorado.com\/es\/dr-karl-becker-m-d\/\" \/>\n<meta property=\"og:site_name\" content=\"Colorado Eye Institute\" \/>\n<meta property=\"article:modified_time\" content=\"2025-11-06T21:51:41+00:00\" \/>\n<meta property=\"og:image\" content=\"https:\/\/www.eyescolorado.com\/wp-content\/uploads\/2023\/09\/Becker_1.jpg\" \/>\n\t<meta property=\"og:image:width\" content=\"1067\" \/>\n\t<meta property=\"og:image:height\" content=\"1600\" \/>\n\t<meta property=\"og:image:type\" content=\"image\/jpeg\" \/>\n<meta name=\"twitter:card\" content=\"summary_large_image\" \/>\n<meta name=\"twitter:title\" content=\"Dr. Karl Becker, M.D.\" \/>\n<meta name=\"twitter:description\" content=\"Conozca al Dr. Karl Becker, M.D., oftalm\u00f3logo, especialista en uve\u00edtis y retina m\u00e9dica.\" \/>\n<meta name=\"twitter:label1\" content=\"Tiempo de lectura\" \/>\n\t<meta name=\"twitter:data1\" content=\"2 minutos\" \/>\n<script type=\"application\/ld+json\" class=\"yoast-schema-graph\">{\"@context\":\"https:\/\/schema.org\",\"@graph\":[{\"@type\":\"WebPage\",\"@id\":\"https:\/\/www.eyescolorado.com\/es\/dr-karl-becker-m-d\/\",\"url\":\"https:\/\/www.eyescolorado.com\/es\/dr-karl-becker-m-d\/\",\"name\":\"Dr. Karl Becker, M.D.\",\"isPartOf\":{\"@id\":\"https:\/\/www.eyescolorado.com\/es\/#website\"},\"primaryImageOfPage\":{\"@id\":\"https:\/\/www.eyescolorado.com\/es\/dr-karl-becker-m-d\/#primaryimage\"},\"image\":{\"@id\":\"https:\/\/www.eyescolorado.com\/es\/dr-karl-becker-m-d\/#primaryimage\"},\"thumbnailUrl\":\"https:\/\/www.eyescolorado.com\/wp-content\/uploads\/2023\/09\/Becker_1.jpg\",\"datePublished\":\"2023-09-20T00:23:15+00:00\",\"dateModified\":\"2025-11-06T21:51:41+00:00\",\"description\":\"Conozca al Dr. Karl Becker, M.D., oftalm\u00f3logo, especialista en uve\u00edtis y retina m\u00e9dica.\",\"breadcrumb\":{\"@id\":\"https:\/\/www.eyescolorado.com\/es\/dr-karl-becker-m-d\/#breadcrumb\"},\"inLanguage\":\"es\",\"potentialAction\":[{\"@type\":\"ReadAction\",\"target\":[\"https:\/\/www.eyescolorado.com\/es\/dr-karl-becker-m-d\/\"]}]},{\"@type\":\"ImageObject\",\"inLanguage\":\"es\",\"@id\":\"https:\/\/www.eyescolorado.com\/es\/dr-karl-becker-m-d\/#primaryimage\",\"url\":\"https:\/\/www.eyescolorado.com\/wp-content\/uploads\/2023\/09\/Becker_1.jpg\",\"contentUrl\":\"https:\/\/www.eyescolorado.com\/wp-content\/uploads\/2023\/09\/Becker_1.jpg\"},{\"@type\":\"BreadcrumbList\",\"@id\":\"https:\/\/www.eyescolorado.com\/es\/dr-karl-becker-m-d\/#breadcrumb\",\"itemListElement\":[{\"@type\":\"ListItem\",\"position\":1,\"name\":\"Home\",\"item\":\"https:\/\/www.eyescolorado.com\/es\/inicio\/\"},{\"@type\":\"ListItem\",\"position\":2,\"name\":\"Dr. Karl Becker, M.D.\"}]},{\"@type\":\"WebSite\",\"@id\":\"https:\/\/www.eyescolorado.com\/es\/#website\",\"url\":\"https:\/\/www.eyescolorado.com\/es\/\",\"name\":\"Colorado Eye Institute\",\"description\":\"Eye Care in Colorado Springs\",\"publisher\":{\"@id\":\"https:\/\/www.eyescolorado.com\/es\/#organization\"},\"potentialAction\":[{\"@type\":\"SearchAction\",\"target\":{\"@type\":\"EntryPoint\",\"urlTemplate\":\"https:\/\/www.eyescolorado.com\/es\/?s={search_term_string}\"},\"query-input\":{\"@type\":\"PropertyValueSpecification\",\"valueRequired\":true,\"valueName\":\"search_term_string\"}}],\"inLanguage\":\"es\"},{\"@type\":\"Organization\",\"@id\":\"https:\/\/www.eyescolorado.com\/es\/#organization\",\"name\":\"Colorado Eye Institute\",\"url\":\"https:\/\/www.eyescolorado.com\/es\/\",\"logo\":{\"@type\":\"ImageObject\",\"inLanguage\":\"es\",\"@id\":\"https:\/\/www.eyescolorado.com\/es\/#\/schema\/logo\/image\/\",\"url\":\"https:\/\/www.eyescolorado.com\/wp-content\/uploads\/2023\/09\/logo-in-color.png\",\"contentUrl\":\"https:\/\/www.eyescolorado.com\/wp-content\/uploads\/2023\/09\/logo-in-color.png\",\"width\":2643,\"height\":468,\"caption\":\"Colorado Eye Institute\"},\"image\":{\"@id\":\"https:\/\/www.eyescolorado.com\/es\/#\/schema\/logo\/image\/\"}}]}<\/script>\n<!-- \/ Yoast SEO plugin. -->","yoast_head_json":{"title":"Dr. Karl Becker, M.D.","description":"Conozca al Dr. Karl Becker, M.D., oftalm\u00f3logo, especialista en uve\u00edtis y retina m\u00e9dica.","robots":{"index":"index","follow":"follow","max-snippet":"max-snippet:-1","max-image-preview":"max-image-preview:large","max-video-preview":"max-video-preview:-1"},"canonical":"https:\/\/www.eyescolorado.com\/es\/dr-karl-becker-m-d\/","og_locale":"es_ES","og_type":"article","og_title":"Dr. Karl Becker, M.D.","og_description":"Conozca al Dr. Karl Becker, M.D., oftalm\u00f3logo, especialista en uve\u00edtis y retina m\u00e9dica.","og_url":"https:\/\/www.eyescolorado.com\/es\/dr-karl-becker-m-d\/","og_site_name":"Colorado Eye Institute","article_modified_time":"2025-11-06T21:51:41+00:00","og_image":[{"width":1067,"height":1600,"url":"https:\/\/www.eyescolorado.com\/wp-content\/uploads\/2023\/09\/Becker_1.jpg","type":"image\/jpeg"}],"twitter_card":"summary_large_image","twitter_title":"Dr. Karl Becker, M.D.","twitter_description":"Conozca al Dr. Karl Becker, M.D., oftalm\u00f3logo, especialista en uve\u00edtis y retina m\u00e9dica.","twitter_misc":{"Tiempo de lectura":"2 minutos"},"schema":{"@context":"https:\/\/schema.org","@graph":[{"@type":"WebPage","@id":"https:\/\/www.eyescolorado.com\/es\/dr-karl-becker-m-d\/","url":"https:\/\/www.eyescolorado.com\/es\/dr-karl-becker-m-d\/","name":"Dr. Karl Becker, M.D.","isPartOf":{"@id":"https:\/\/www.eyescolorado.com\/es\/#website"},"primaryImageOfPage":{"@id":"https:\/\/www.eyescolorado.com\/es\/dr-karl-becker-m-d\/#primaryimage"},"image":{"@id":"https:\/\/www.eyescolorado.com\/es\/dr-karl-becker-m-d\/#primaryimage"},"thumbnailUrl":"https:\/\/www.eyescolorado.com\/wp-content\/uploads\/2023\/09\/Becker_1.jpg","datePublished":"2023-09-20T00:23:15+00:00","dateModified":"2025-11-06T21:51:41+00:00","description":"Conozca al Dr. Karl Becker, M.D., oftalm\u00f3logo, especialista en uve\u00edtis y retina m\u00e9dica.","breadcrumb":{"@id":"https:\/\/www.eyescolorado.com\/es\/dr-karl-becker-m-d\/#breadcrumb"},"inLanguage":"es","potentialAction":[{"@type":"ReadAction","target":["https:\/\/www.eyescolorado.com\/es\/dr-karl-becker-m-d\/"]}]},{"@type":"ImageObject","inLanguage":"es","@id":"https:\/\/www.eyescolorado.com\/es\/dr-karl-becker-m-d\/#primaryimage","url":"https:\/\/www.eyescolorado.com\/wp-content\/uploads\/2023\/09\/Becker_1.jpg","contentUrl":"https:\/\/www.eyescolorado.com\/wp-content\/uploads\/2023\/09\/Becker_1.jpg"},{"@type":"BreadcrumbList","@id":"https:\/\/www.eyescolorado.com\/es\/dr-karl-becker-m-d\/#breadcrumb","itemListElement":[{"@type":"ListItem","position":1,"name":"Home","item":"https:\/\/www.eyescolorado.com\/es\/inicio\/"},{"@type":"ListItem","position":2,"name":"Dr. Karl Becker, M.D."}]},{"@type":"WebSite","@id":"https:\/\/www.eyescolorado.com\/es\/#website","url":"https:\/\/www.eyescolorado.com\/es\/","name":"Colorado Eye Institute","description":"Eye Care in Colorado Springs","publisher":{"@id":"https:\/\/www.eyescolorado.com\/es\/#organization"},"potentialAction":[{"@type":"SearchAction","target":{"@type":"EntryPoint","urlTemplate":"https:\/\/www.eyescolorado.com\/es\/?s={search_term_string}"},"query-input":{"@type":"PropertyValueSpecification","valueRequired":true,"valueName":"search_term_string"}}],"inLanguage":"es"},{"@type":"Organization","@id":"https:\/\/www.eyescolorado.com\/es\/#organization","name":"Colorado Eye Institute","url":"https:\/\/www.eyescolorado.com\/es\/","logo":{"@type":"ImageObject","inLanguage":"es","@id":"https:\/\/www.eyescolorado.com\/es\/#\/schema\/logo\/image\/","url":"https:\/\/www.eyescolorado.com\/wp-content\/uploads\/2023\/09\/logo-in-color.png","contentUrl":"https:\/\/www.eyescolorado.com\/wp-content\/uploads\/2023\/09\/logo-in-color.png","width":2643,"height":468,"caption":"Colorado Eye Institute"},"image":{"@id":"https:\/\/www.eyescolorado.com\/es\/#\/schema\/logo\/image\/"}}]}},"_links":{"self":[{"href":"https:\/\/www.eyescolorado.com\/es\/wp-json\/wp\/v2\/pages\/6581","targetHints":{"allow":["GET"]}}],"collection":[{"href":"https:\/\/www.eyescolorado.com\/es\/wp-json\/wp\/v2\/pages"}],"about":[{"href":"https:\/\/www.eyescolorado.com\/es\/wp-json\/wp\/v2\/types\/page"}],"author":[{"embeddable":true,"href":"https:\/\/www.eyescolorado.com\/es\/wp-json\/wp\/v2\/users\/2"}],"replies":[{"embeddable":true,"href":"https:\/\/www.eyescolorado.com\/es\/wp-json\/wp\/v2\/comments?post=6581"}],"version-history":[{"count":1,"href":"https:\/\/www.eyescolorado.com\/es\/wp-json\/wp\/v2\/pages\/6581\/revisions"}],"predecessor-version":[{"id":6585,"href":"https:\/\/www.eyescolorado.com\/es\/wp-json\/wp\/v2\/pages\/6581\/revisions\/6585"}],"wp:attachment":[{"href":"https:\/\/www.eyescolorado.com\/es\/wp-json\/wp\/v2\/media?parent=6581"}],"curies":[{"name":"wp","href":"https:\/\/api.w.org\/{rel}","templated":true}]}}