{"id":6552,"date":"2023-09-05T23:28:01","date_gmt":"2023-09-05T23:28:01","guid":{"rendered":"https:\/\/www.eyescolorado.com\/centro-quirurgico-peak\/"},"modified":"2025-11-06T21:51:43","modified_gmt":"2025-11-06T21:51:43","slug":"centro-quirurgico-peak","status":"publish","type":"page","link":"https:\/\/www.eyescolorado.com\/es\/centro-quirurgico-peak\/","title":{"rendered":"Centro quir\u00fargico Peak"},"content":{"rendered":"\t\t<div data-elementor-type=\"wp-page\" data-elementor-id=\"6552\" class=\"elementor elementor-6552 elementor-253\" data-elementor-post-type=\"page\">\n\t\t\t\t<div class=\"elementor-element elementor-element-338b662 e-flex e-con-boxed e-con e-parent\" data-id=\"338b662\" data-element_type=\"container\" data-settings=\"{&quot;background_background&quot;:&quot;classic&quot;}\">\n\t\t\t\t\t<div class=\"e-con-inner\">\n\t\t<div class=\"elementor-element elementor-element-0b59f5b e-con-full e-flex e-con e-child\" data-id=\"0b59f5b\" data-element_type=\"container\">\n\t\t\t\t<div class=\"elementor-element elementor-element-d14f29d elementor-widget elementor-widget-heading\" data-id=\"d14f29d\" data-element_type=\"widget\" data-widget_type=\"heading.default\">\n\t\t\t\t<div class=\"elementor-widget-container\">\n\t\t\t\t\t<h1 class=\"elementor-heading-title elementor-size-default\">Centro quir\u00fargico Peak<\/h1>\t\t\t\t<\/div>\n\t\t\t\t<\/div>\n\t\t\t\t<\/div>\n\t\t\t\t\t<\/div>\n\t\t\t\t<\/div>\n\t\t<div class=\"elementor-element elementor-element-eef3ecf e-flex e-con-boxed e-con e-parent\" data-id=\"eef3ecf\" data-element_type=\"container\">\n\t\t\t\t\t<div class=\"e-con-inner\">\n\t\t<div class=\"elementor-element elementor-element-c44502d e-con-full e-flex e-con e-child\" data-id=\"c44502d\" data-element_type=\"container\" data-settings=\"{&quot;background_background&quot;:&quot;classic&quot;}\">\n\t\t\t\t<div class=\"elementor-element elementor-element-d724fff elementor-widget elementor-widget-image\" data-id=\"d724fff\" data-element_type=\"widget\" data-widget_type=\"image.default\">\n\t\t\t\t<div class=\"elementor-widget-container\">\n\t\t\t\t\t\t\t\t\t\t\t\t\t\t\t<img fetchpriority=\"high\" decoding=\"async\" width=\"800\" height=\"369\" src=\"https:\/\/www.eyescolorado.com\/wp-content\/uploads\/2023\/09\/PSC-Lobby-pano-3.jpg\" class=\"attachment-large size-large wp-image-6554\" alt=\"\" srcset=\"https:\/\/www.eyescolorado.com\/wp-content\/uploads\/2023\/09\/PSC-Lobby-pano-3.jpg 1024w, https:\/\/www.eyescolorado.com\/wp-content\/uploads\/2023\/09\/PSC-Lobby-pano-3-300x138.jpg 300w, https:\/\/www.eyescolorado.com\/wp-content\/uploads\/2023\/09\/PSC-Lobby-pano-3-768x354.jpg 768w\" sizes=\"(max-width: 800px) 100vw, 800px\" \/>\t\t\t\t\t\t\t\t\t\t\t\t\t\t\t<\/div>\n\t\t\t\t<\/div>\n\t\t\t\t<\/div>\n\t\t<div class=\"elementor-element elementor-element-a5ae236 e-con-full e-flex e-con e-child\" data-id=\"a5ae236\" data-element_type=\"container\">\n\t\t<div class=\"elementor-element elementor-element-f02d851 e-flex e-con-boxed e-con e-child\" data-id=\"f02d851\" data-element_type=\"container\">\n\t\t\t\t\t<div class=\"e-con-inner\">\n\t\t\t\t<div class=\"elementor-element elementor-element-17acff8 elementor-widget elementor-widget-text-editor\" data-id=\"17acff8\" data-element_type=\"widget\" data-widget_type=\"text-editor.default\">\n\t\t\t\t<div class=\"elementor-widget-container\">\n\t\t\t\t\t\t\t\t\t<p>Desde mejoras correctivas o est\u00e9ticas hasta los procedimientos m\u00e1s complejos para salvar la visi\u00f3n, existen varias afecciones que pueden requerir cirug\u00eda ocular. El personal y los cirujanos altamente capacitados de Peak Surgery est\u00e1n equipados con las tecnolog\u00edas m\u00e1s avanzadas disponibles para proporcionar el m\u00e1s alto nivel de atenci\u00f3n y experiencia para abordar casi cualquier afecci\u00f3n y proporcionar una soluci\u00f3n y un resultado exitosos.<\/p>\t\t\t\t\t\t\t\t<\/div>\n\t\t\t\t<\/div>\n\t\t\t\t<div class=\"elementor-element elementor-element-735be95 elementor-align-left elementor-mobile-align-center elementor-widget elementor-widget-button\" data-id=\"735be95\" data-element_type=\"widget\" data-widget_type=\"button.default\">\n\t\t\t\t<div class=\"elementor-widget-container\">\n\t\t\t\t\t\t\t\t\t<div class=\"elementor-button-wrapper\">\n\t\t\t\t\t<a class=\"elementor-button elementor-button-link elementor-size-sm\" href=\"tel:(719)%20258-1240\">\n\t\t\t\t\t\t<span class=\"elementor-button-content-wrapper\">\n\t\t\t\t\t\t\t\t\t<span class=\"elementor-button-text\">\u00a1P\u00f3ngase en contacto con nosotros hoy mismo!<\/span>\n\t\t\t\t\t<\/span>\n\t\t\t\t\t<\/a>\n\t\t\t\t<\/div>\n\t\t\t\t\t\t\t\t<\/div>\n\t\t\t\t<\/div>\n\t\t\t\t\t<\/div>\n\t\t\t\t<\/div>\n\t\t\t\t<\/div>\n\t\t\t\t\t<\/div>\n\t\t\t\t<\/div>\n\t\t<div class=\"elementor-element elementor-element-f0649c0 e-flex e-con-boxed e-con e-parent\" data-id=\"f0649c0\" data-element_type=\"container\">\n\t\t\t\t\t<div class=\"e-con-inner\">\n\t\t\t\t<div class=\"elementor-element elementor-element-b103b1f elementor-widget elementor-widget-heading\" data-id=\"b103b1f\" data-element_type=\"widget\" data-widget_type=\"heading.default\">\n\t\t\t\t<div class=\"elementor-widget-container\">\n\t\t\t\t\t<h2 class=\"elementor-heading-title elementor-size-default\">Nuestras instalaciones<\/h2>\t\t\t\t<\/div>\n\t\t\t\t<\/div>\n\t\t\t\t<div class=\"elementor-element elementor-element-c6cac2d elementor-widget elementor-widget-gallery\" data-id=\"c6cac2d\" data-element_type=\"widget\" data-settings=\"{&quot;columns&quot;:3,&quot;lazyload&quot;:&quot;yes&quot;,&quot;gallery_layout&quot;:&quot;grid&quot;,&quot;columns_tablet&quot;:2,&quot;columns_mobile&quot;:1,&quot;gap&quot;:{&quot;unit&quot;:&quot;px&quot;,&quot;size&quot;:10,&quot;sizes&quot;:[]},&quot;gap_tablet&quot;:{&quot;unit&quot;:&quot;px&quot;,&quot;size&quot;:10,&quot;sizes&quot;:[]},&quot;gap_mobile&quot;:{&quot;unit&quot;:&quot;px&quot;,&quot;size&quot;:10,&quot;sizes&quot;:[]},&quot;link_to&quot;:&quot;file&quot;,&quot;aspect_ratio&quot;:&quot;3:2&quot;,&quot;overlay_background&quot;:&quot;yes&quot;,&quot;content_hover_animation&quot;:&quot;fade-in&quot;}\" data-widget_type=\"gallery.default\">\n\t\t\t\t<div class=\"elementor-widget-container\">\n\t\t\t\t\t\t\t<div class=\"elementor-gallery__container\">\n\t\t\t\t\t\t\t<a class=\"e-gallery-item elementor-gallery-item elementor-animated-content\" href=\"https:\/\/www.eyescolorado.com\/wp-content\/uploads\/2023\/09\/PSC-Lobby-Pano-1-scaled.jpg\" data-elementor-open-lightbox=\"yes\" data-elementor-lightbox-slideshow=\"c6cac2d\" data-elementor-lightbox-title=\"PSC-lobby-Pano-1\" data-e-action-hash=\"#elementor-action%3Aaction%3Dlightbox%26settings%3DeyJpZCI6NjU1OSwidXJsIjoiaHR0cHM6XC9cL3d3dy5leWVzY29sb3JhZG8uY29tXC93cC1jb250ZW50XC91cGxvYWRzXC8yMDIzXC8wOVwvUFNDLUxvYmJ5LVBhbm8tMS1zY2FsZWQuanBnIiwic2xpZGVzaG93IjoiYzZjYWMyZCJ9\">\n\t\t\t\t\t<div class=\"e-gallery-image elementor-gallery-item__image\" data-thumbnail=\"https:\/\/www.eyescolorado.com\/wp-content\/uploads\/2023\/09\/PSC-Lobby-Pano-1-scaled.jpg\" data-width=\"2560\" data-height=\"1035\" aria-label=\"\" role=\"img\" ><\/div>\n\t\t\t\t\t\t\t\t\t\t\t<div class=\"elementor-gallery-item__overlay\"><\/div>\n\t\t\t\t\t\t\t\t\t\t\t\t\t\t<\/a>\n\t\t\t\t\t\t\t<a class=\"e-gallery-item elementor-gallery-item elementor-animated-content\" href=\"https:\/\/www.eyescolorado.com\/wp-content\/uploads\/2023\/09\/PSC-LOBBY3.jpg\" data-elementor-open-lightbox=\"yes\" data-elementor-lightbox-slideshow=\"c6cac2d\" data-elementor-lightbox-title=\"PSC-LOBBY3\" data-e-action-hash=\"#elementor-action%3Aaction%3Dlightbox%26settings%3DeyJpZCI6NjU1OCwidXJsIjoiaHR0cHM6XC9cL3d3dy5leWVzY29sb3JhZG8uY29tXC93cC1jb250ZW50XC91cGxvYWRzXC8yMDIzXC8wOVwvUFNDLUxPQkJZMy5qcGciLCJzbGlkZXNob3ciOiJjNmNhYzJkIn0%3D\">\n\t\t\t\t\t<div class=\"e-gallery-image elementor-gallery-item__image\" data-thumbnail=\"https:\/\/www.eyescolorado.com\/wp-content\/uploads\/2023\/09\/PSC-LOBBY3.jpg\" data-width=\"768\" data-height=\"1024\" aria-label=\"\" role=\"img\" ><\/div>\n\t\t\t\t\t\t\t\t\t\t\t<div class=\"elementor-gallery-item__overlay\"><\/div>\n\t\t\t\t\t\t\t\t\t\t\t\t\t\t<\/a>\n\t\t\t\t\t\t\t<a class=\"e-gallery-item elementor-gallery-item elementor-animated-content\" href=\"https:\/\/www.eyescolorado.com\/wp-content\/uploads\/2023\/09\/PSC-LOBBY2.jpg\" data-elementor-open-lightbox=\"yes\" data-elementor-lightbox-slideshow=\"c6cac2d\" data-elementor-lightbox-title=\"PSC-LOBBY2\" data-e-action-hash=\"#elementor-action%3Aaction%3Dlightbox%26settings%3DeyJpZCI6NjU1NywidXJsIjoiaHR0cHM6XC9cL3d3dy5leWVzY29sb3JhZG8uY29tXC93cC1jb250ZW50XC91cGxvYWRzXC8yMDIzXC8wOVwvUFNDLUxPQkJZMi5qcGciLCJzbGlkZXNob3ciOiJjNmNhYzJkIn0%3D\">\n\t\t\t\t\t<div class=\"e-gallery-image elementor-gallery-item__image\" data-thumbnail=\"https:\/\/www.eyescolorado.com\/wp-content\/uploads\/2023\/09\/PSC-LOBBY2.jpg\" data-width=\"1024\" data-height=\"768\" aria-label=\"\" role=\"img\" ><\/div>\n\t\t\t\t\t\t\t\t\t\t\t<div class=\"elementor-gallery-item__overlay\"><\/div>\n\t\t\t\t\t\t\t\t\t\t\t\t\t\t<\/a>\n\t\t\t\t\t\t\t<a class=\"e-gallery-item elementor-gallery-item elementor-animated-content\" href=\"https:\/\/www.eyescolorado.com\/wp-content\/uploads\/2023\/09\/PSC-LOBBY1.jpg\" data-elementor-open-lightbox=\"yes\" data-elementor-lightbox-slideshow=\"c6cac2d\" data-elementor-lightbox-title=\"PSC-LOBBY1\" data-e-action-hash=\"#elementor-action%3Aaction%3Dlightbox%26settings%3DeyJpZCI6NjU1NiwidXJsIjoiaHR0cHM6XC9cL3d3dy5leWVzY29sb3JhZG8uY29tXC93cC1jb250ZW50XC91cGxvYWRzXC8yMDIzXC8wOVwvUFNDLUxPQkJZMS5qcGciLCJzbGlkZXNob3ciOiJjNmNhYzJkIn0%3D\">\n\t\t\t\t\t<div class=\"e-gallery-image elementor-gallery-item__image\" data-thumbnail=\"https:\/\/www.eyescolorado.com\/wp-content\/uploads\/2023\/09\/PSC-LOBBY1.jpg\" data-width=\"1024\" data-height=\"768\" aria-label=\"\" role=\"img\" ><\/div>\n\t\t\t\t\t\t\t\t\t\t\t<div class=\"elementor-gallery-item__overlay\"><\/div>\n\t\t\t\t\t\t\t\t\t\t\t\t\t\t<\/a>\n\t\t\t\t\t\t\t<a class=\"e-gallery-item elementor-gallery-item elementor-animated-content\" href=\"https:\/\/www.eyescolorado.com\/wp-content\/uploads\/2023\/09\/Peak-Surgery-Center-Logo.jpg\" data-elementor-open-lightbox=\"yes\" data-elementor-lightbox-slideshow=\"c6cac2d\" data-elementor-lightbox-title=\"Peak-surgery-Center-Logo\" data-e-action-hash=\"#elementor-action%3Aaction%3Dlightbox%26settings%3DeyJpZCI6NjU1NSwidXJsIjoiaHR0cHM6XC9cL3d3dy5leWVzY29sb3JhZG8uY29tXC93cC1jb250ZW50XC91cGxvYWRzXC8yMDIzXC8wOVwvUGVhay1TdXJnZXJ5LUNlbnRlci1Mb2dvLmpwZyIsInNsaWRlc2hvdyI6ImM2Y2FjMmQifQ%3D%3D\">\n\t\t\t\t\t<div class=\"e-gallery-image elementor-gallery-item__image\" data-thumbnail=\"https:\/\/www.eyescolorado.com\/wp-content\/uploads\/2023\/09\/Peak-Surgery-Center-Logo.jpg\" data-width=\"800\" data-height=\"600\" aria-label=\"\" role=\"img\" ><\/div>\n\t\t\t\t\t\t\t\t\t\t\t<div class=\"elementor-gallery-item__overlay\"><\/div>\n\t\t\t\t\t\t\t\t\t\t\t\t\t\t<\/a>\n\t\t\t\t\t<\/div>\n\t\t\t\t\t<\/div>\n\t\t\t\t<\/div>\n\t\t\t\t\t<\/div>\n\t\t\t\t<\/div>\n\t\t<div class=\"elementor-element elementor-element-65cfd01 e-con-full e-flex e-con e-parent\" data-id=\"65cfd01\" data-element_type=\"container\" data-settings=\"{&quot;background_background&quot;:&quot;classic&quot;}\">\n\t\t<div class=\"elementor-element elementor-element-c4ceed6 e-con-full e-flex e-con e-child\" data-id=\"c4ceed6\" data-element_type=\"container\">\n\t\t\t\t<div class=\"elementor-element elementor-element-04e2bf4 elementor-widget elementor-widget-heading\" data-id=\"04e2bf4\" data-element_type=\"widget\" data-widget_type=\"heading.default\">\n\t\t\t\t<div class=\"elementor-widget-container\">\n\t\t\t\t\t<h2 class=\"elementor-heading-title elementor-size-default\">\u00a1P\u00f3ngase en contacto con nosotros hoy mismo!<\/h2>\t\t\t\t<\/div>\n\t\t\t\t<\/div>\n\t\t\t\t<div class=\"elementor-element elementor-element-a5d272c elementor-widget elementor-widget-text-editor\" data-id=\"a5d272c\" data-element_type=\"widget\" data-widget_type=\"text-editor.default\">\n\t\t\t\t<div class=\"elementor-widget-container\">\n\t\t\t\t\t\t\t\t\t<p>Su tratamiento ser\u00e1 realizado por un m\u00e9dico colegiado. \u00a1Solicite una cita ahora!<\/p>\t\t\t\t\t\t\t\t<\/div>\n\t\t\t\t<\/div>\n\t\t\t\t<\/div>\n\t\t<div class=\"elementor-element elementor-element-0a538d5 e-con-full e-flex e-con e-child\" data-id=\"0a538d5\" data-element_type=\"container\">\n\t\t\t\t<div class=\"elementor-element elementor-element-f1595eb elementor-widget__width-initial elementor-mobile-align-justify elementor-widget-mobile__width-inherit elementor-align-center elementor-invisible elementor-widget elementor-widget-button\" data-id=\"f1595eb\" data-element_type=\"widget\" data-settings=\"{&quot;_animation&quot;:&quot;fadeInUp&quot;,&quot;_animation_delay&quot;:200}\" data-widget_type=\"button.default\">\n\t\t\t\t<div class=\"elementor-widget-container\">\n\t\t\t\t\t\t\t\t\t<div class=\"elementor-button-wrapper\">\n\t\t\t\t\t<a class=\"elementor-button elementor-button-link elementor-size-lg\" href=\"https:\/\/www.eyescolorado.com\/contact-us\/\">\n\t\t\t\t\t\t<span class=\"elementor-button-content-wrapper\">\n\t\t\t\t\t\t\t\t\t<span class=\"elementor-button-text\">Solicitar una cita<\/span>\n\t\t\t\t\t<\/span>\n\t\t\t\t\t<\/a>\n\t\t\t\t<\/div>\n\t\t\t\t\t\t\t\t<\/div>\n\t\t\t\t<\/div>\n\t\t\t\t<\/div>\n\t\t\t\t<\/div>\n\t\t\t\t<\/div>\n\t\t","protected":false},"excerpt":{"rendered":"<p>Centro quir\u00fargico Peak Desde mejoras correctivas o est\u00e9ticas hasta los procedimientos m\u00e1s complejos para salvar la visi\u00f3n, existen varias afecciones que pueden requerir cirug\u00eda ocular. El personal y los cirujanos altamente capacitados de Peak Surgery est\u00e1n equipados con las tecnolog\u00edas m\u00e1s avanzadas disponibles para proporcionar el m\u00e1s alto nivel de atenci\u00f3n y experiencia para abordar [&hellip;]<\/p>\n","protected":false},"author":2,"featured_media":0,"parent":0,"menu_order":0,"comment_status":"closed","ping_status":"closed","template":"elementor_canvas","meta":{"footnotes":""},"class_list":["post-6552","page","type-page","status-publish","hentry"],"yoast_head":"<!-- This site is optimized with the Yoast SEO plugin v25.4 - https:\/\/yoast.com\/wordpress\/plugins\/seo\/ -->\n<title>Centro quir\u00fargico Peak<\/title>\n<meta name=\"description\" content=\"En Colorado Eye Institute, contamos con personal y cirujanos capacitados en Peak Surgery, equipados con las tecnolog\u00edas m\u00e1s avanzadas disponibles para proporcionar el m\u00e1s alto nivel de atenci\u00f3n y experiencia.\" \/>\n<meta name=\"robots\" content=\"index, follow, max-snippet:-1, max-image-preview:large, max-video-preview:-1\" \/>\n<link rel=\"canonical\" href=\"https:\/\/www.eyescolorado.com\/es\/centro-quirurgico-peak\/\" \/>\n<meta property=\"og:locale\" content=\"es_ES\" \/>\n<meta property=\"og:type\" content=\"article\" \/>\n<meta property=\"og:title\" content=\"Centro quir\u00fargico Peak\" \/>\n<meta property=\"og:description\" content=\"En Colorado Eye Institute, contamos con personal y cirujanos capacitados en Peak Surgery, equipados con las tecnolog\u00edas m\u00e1s avanzadas disponibles para proporcionar el m\u00e1s alto nivel de atenci\u00f3n y experiencia.\" \/>\n<meta property=\"og:url\" content=\"https:\/\/www.eyescolorado.com\/es\/centro-quirurgico-peak\/\" \/>\n<meta property=\"og:site_name\" content=\"Colorado Eye Institute\" \/>\n<meta property=\"article:modified_time\" content=\"2025-11-06T21:51:43+00:00\" \/>\n<meta property=\"og:image\" content=\"https:\/\/www.eyescolorado.com\/wp-content\/uploads\/2023\/09\/PSC-Lobby-pano-3.jpg\" \/>\n\t<meta property=\"og:image:width\" content=\"1024\" \/>\n\t<meta property=\"og:image:height\" content=\"472\" \/>\n\t<meta property=\"og:image:type\" content=\"image\/jpeg\" \/>\n<meta name=\"twitter:card\" content=\"summary_large_image\" \/>\n<meta name=\"twitter:label1\" content=\"Tiempo de lectura\" \/>\n\t<meta name=\"twitter:data1\" content=\"1 minuto\" \/>\n<script type=\"application\/ld+json\" class=\"yoast-schema-graph\">{\"@context\":\"https:\/\/schema.org\",\"@graph\":[{\"@type\":\"WebPage\",\"@id\":\"https:\/\/www.eyescolorado.com\/es\/centro-quirurgico-peak\/\",\"url\":\"https:\/\/www.eyescolorado.com\/es\/centro-quirurgico-peak\/\",\"name\":\"Centro quir\u00fargico Peak\",\"isPartOf\":{\"@id\":\"https:\/\/www.eyescolorado.com\/es\/#website\"},\"primaryImageOfPage\":{\"@id\":\"https:\/\/www.eyescolorado.com\/es\/centro-quirurgico-peak\/#primaryimage\"},\"image\":{\"@id\":\"https:\/\/www.eyescolorado.com\/es\/centro-quirurgico-peak\/#primaryimage\"},\"thumbnailUrl\":\"https:\/\/www.eyescolorado.com\/wp-content\/uploads\/2023\/09\/PSC-Lobby-pano-3.jpg\",\"datePublished\":\"2023-09-05T23:28:01+00:00\",\"dateModified\":\"2025-11-06T21:51:43+00:00\",\"description\":\"En Colorado Eye Institute, contamos con personal y cirujanos capacitados en Peak Surgery, equipados con las tecnolog\u00edas m\u00e1s avanzadas disponibles para proporcionar el m\u00e1s alto nivel de atenci\u00f3n y experiencia.\",\"breadcrumb\":{\"@id\":\"https:\/\/www.eyescolorado.com\/es\/centro-quirurgico-peak\/#breadcrumb\"},\"inLanguage\":\"es\",\"potentialAction\":[{\"@type\":\"ReadAction\",\"target\":[\"https:\/\/www.eyescolorado.com\/es\/centro-quirurgico-peak\/\"]}]},{\"@type\":\"ImageObject\",\"inLanguage\":\"es\",\"@id\":\"https:\/\/www.eyescolorado.com\/es\/centro-quirurgico-peak\/#primaryimage\",\"url\":\"https:\/\/www.eyescolorado.com\/wp-content\/uploads\/2023\/09\/PSC-Lobby-pano-3.jpg\",\"contentUrl\":\"https:\/\/www.eyescolorado.com\/wp-content\/uploads\/2023\/09\/PSC-Lobby-pano-3.jpg\"},{\"@type\":\"BreadcrumbList\",\"@id\":\"https:\/\/www.eyescolorado.com\/es\/centro-quirurgico-peak\/#breadcrumb\",\"itemListElement\":[{\"@type\":\"ListItem\",\"position\":1,\"name\":\"Home\",\"item\":\"https:\/\/www.eyescolorado.com\/es\/inicio\/\"},{\"@type\":\"ListItem\",\"position\":2,\"name\":\"Centro quir\u00fargico Peak\"}]},{\"@type\":\"WebSite\",\"@id\":\"https:\/\/www.eyescolorado.com\/es\/#website\",\"url\":\"https:\/\/www.eyescolorado.com\/es\/\",\"name\":\"Colorado Eye Institute\",\"description\":\"Eye Care in Colorado Springs\",\"publisher\":{\"@id\":\"https:\/\/www.eyescolorado.com\/es\/#organization\"},\"potentialAction\":[{\"@type\":\"SearchAction\",\"target\":{\"@type\":\"EntryPoint\",\"urlTemplate\":\"https:\/\/www.eyescolorado.com\/es\/?s={search_term_string}\"},\"query-input\":{\"@type\":\"PropertyValueSpecification\",\"valueRequired\":true,\"valueName\":\"search_term_string\"}}],\"inLanguage\":\"es\"},{\"@type\":\"Organization\",\"@id\":\"https:\/\/www.eyescolorado.com\/es\/#organization\",\"name\":\"Colorado Eye Institute\",\"url\":\"https:\/\/www.eyescolorado.com\/es\/\",\"logo\":{\"@type\":\"ImageObject\",\"inLanguage\":\"es\",\"@id\":\"https:\/\/www.eyescolorado.com\/es\/#\/schema\/logo\/image\/\",\"url\":\"https:\/\/www.eyescolorado.com\/wp-content\/uploads\/2023\/09\/logo-in-color.png\",\"contentUrl\":\"https:\/\/www.eyescolorado.com\/wp-content\/uploads\/2023\/09\/logo-in-color.png\",\"width\":2643,\"height\":468,\"caption\":\"Colorado Eye Institute\"},\"image\":{\"@id\":\"https:\/\/www.eyescolorado.com\/es\/#\/schema\/logo\/image\/\"}}]}<\/script>\n<!-- \/ Yoast SEO plugin. -->","yoast_head_json":{"title":"Centro quir\u00fargico Peak","description":"En Colorado Eye Institute, contamos con personal y cirujanos capacitados en Peak Surgery, equipados con las tecnolog\u00edas m\u00e1s avanzadas disponibles para proporcionar el m\u00e1s alto nivel de atenci\u00f3n y experiencia.","robots":{"index":"index","follow":"follow","max-snippet":"max-snippet:-1","max-image-preview":"max-image-preview:large","max-video-preview":"max-video-preview:-1"},"canonical":"https:\/\/www.eyescolorado.com\/es\/centro-quirurgico-peak\/","og_locale":"es_ES","og_type":"article","og_title":"Centro quir\u00fargico Peak","og_description":"En Colorado Eye Institute, contamos con personal y cirujanos capacitados en Peak Surgery, equipados con las tecnolog\u00edas m\u00e1s avanzadas disponibles para proporcionar el m\u00e1s alto nivel de atenci\u00f3n y experiencia.","og_url":"https:\/\/www.eyescolorado.com\/es\/centro-quirurgico-peak\/","og_site_name":"Colorado Eye Institute","article_modified_time":"2025-11-06T21:51:43+00:00","og_image":[{"width":1024,"height":472,"url":"https:\/\/www.eyescolorado.com\/wp-content\/uploads\/2023\/09\/PSC-Lobby-pano-3.jpg","type":"image\/jpeg"}],"twitter_card":"summary_large_image","twitter_misc":{"Tiempo de lectura":"1 minuto"},"schema":{"@context":"https:\/\/schema.org","@graph":[{"@type":"WebPage","@id":"https:\/\/www.eyescolorado.com\/es\/centro-quirurgico-peak\/","url":"https:\/\/www.eyescolorado.com\/es\/centro-quirurgico-peak\/","name":"Centro quir\u00fargico Peak","isPartOf":{"@id":"https:\/\/www.eyescolorado.com\/es\/#website"},"primaryImageOfPage":{"@id":"https:\/\/www.eyescolorado.com\/es\/centro-quirurgico-peak\/#primaryimage"},"image":{"@id":"https:\/\/www.eyescolorado.com\/es\/centro-quirurgico-peak\/#primaryimage"},"thumbnailUrl":"https:\/\/www.eyescolorado.com\/wp-content\/uploads\/2023\/09\/PSC-Lobby-pano-3.jpg","datePublished":"2023-09-05T23:28:01+00:00","dateModified":"2025-11-06T21:51:43+00:00","description":"En Colorado Eye Institute, contamos con personal y cirujanos capacitados en Peak Surgery, equipados con las tecnolog\u00edas m\u00e1s avanzadas disponibles para proporcionar el m\u00e1s alto nivel de atenci\u00f3n y experiencia.","breadcrumb":{"@id":"https:\/\/www.eyescolorado.com\/es\/centro-quirurgico-peak\/#breadcrumb"},"inLanguage":"es","potentialAction":[{"@type":"ReadAction","target":["https:\/\/www.eyescolorado.com\/es\/centro-quirurgico-peak\/"]}]},{"@type":"ImageObject","inLanguage":"es","@id":"https:\/\/www.eyescolorado.com\/es\/centro-quirurgico-peak\/#primaryimage","url":"https:\/\/www.eyescolorado.com\/wp-content\/uploads\/2023\/09\/PSC-Lobby-pano-3.jpg","contentUrl":"https:\/\/www.eyescolorado.com\/wp-content\/uploads\/2023\/09\/PSC-Lobby-pano-3.jpg"},{"@type":"BreadcrumbList","@id":"https:\/\/www.eyescolorado.com\/es\/centro-quirurgico-peak\/#breadcrumb","itemListElement":[{"@type":"ListItem","position":1,"name":"Home","item":"https:\/\/www.eyescolorado.com\/es\/inicio\/"},{"@type":"ListItem","position":2,"name":"Centro quir\u00fargico Peak"}]},{"@type":"WebSite","@id":"https:\/\/www.eyescolorado.com\/es\/#website","url":"https:\/\/www.eyescolorado.com\/es\/","name":"Colorado Eye Institute","description":"Eye Care in Colorado Springs","publisher":{"@id":"https:\/\/www.eyescolorado.com\/es\/#organization"},"potentialAction":[{"@type":"SearchAction","target":{"@type":"EntryPoint","urlTemplate":"https:\/\/www.eyescolorado.com\/es\/?s={search_term_string}"},"query-input":{"@type":"PropertyValueSpecification","valueRequired":true,"valueName":"search_term_string"}}],"inLanguage":"es"},{"@type":"Organization","@id":"https:\/\/www.eyescolorado.com\/es\/#organization","name":"Colorado Eye Institute","url":"https:\/\/www.eyescolorado.com\/es\/","logo":{"@type":"ImageObject","inLanguage":"es","@id":"https:\/\/www.eyescolorado.com\/es\/#\/schema\/logo\/image\/","url":"https:\/\/www.eyescolorado.com\/wp-content\/uploads\/2023\/09\/logo-in-color.png","contentUrl":"https:\/\/www.eyescolorado.com\/wp-content\/uploads\/2023\/09\/logo-in-color.png","width":2643,"height":468,"caption":"Colorado Eye Institute"},"image":{"@id":"https:\/\/www.eyescolorado.com\/es\/#\/schema\/logo\/image\/"}}]}},"_links":{"self":[{"href":"https:\/\/www.eyescolorado.com\/es\/wp-json\/wp\/v2\/pages\/6552","targetHints":{"allow":["GET"]}}],"collection":[{"href":"https:\/\/www.eyescolorado.com\/es\/wp-json\/wp\/v2\/pages"}],"about":[{"href":"https:\/\/www.eyescolorado.com\/es\/wp-json\/wp\/v2\/types\/page"}],"author":[{"embeddable":true,"href":"https:\/\/www.eyescolorado.com\/es\/wp-json\/wp\/v2\/users\/2"}],"replies":[{"embeddable":true,"href":"https:\/\/www.eyescolorado.com\/es\/wp-json\/wp\/v2\/comments?post=6552"}],"version-history":[{"count":2,"href":"https:\/\/www.eyescolorado.com\/es\/wp-json\/wp\/v2\/pages\/6552\/revisions"}],"predecessor-version":[{"id":6580,"href":"https:\/\/www.eyescolorado.com\/es\/wp-json\/wp\/v2\/pages\/6552\/revisions\/6580"}],"wp:attachment":[{"href":"https:\/\/www.eyescolorado.com\/es\/wp-json\/wp\/v2\/media?parent=6552"}],"curies":[{"name":"wp","href":"https:\/\/api.w.org\/{rel}","templated":true}]}}