{"id":6514,"date":"2023-09-20T00:40:13","date_gmt":"2023-09-20T00:40:13","guid":{"rendered":"https:\/\/www.eyescolorado.com\/dr-alex-kleinkort-o-d\/"},"modified":"2025-11-06T21:51:03","modified_gmt":"2025-11-06T21:51:03","slug":"dr-alex-kleinkort-o-d","status":"publish","type":"page","link":"https:\/\/www.eyescolorado.com\/es\/dr-alex-kleinkort-o-d\/","title":{"rendered":"Dr. Alex Kleinkort, O.D."},"content":{"rendered":"\t\t<div data-elementor-type=\"wp-page\" data-elementor-id=\"6514\" class=\"elementor elementor-6514 elementor-1139\" data-elementor-post-type=\"page\">\n\t\t\t\t<div class=\"elementor-element elementor-element-e7d164b e-flex e-con-boxed e-con e-parent\" data-id=\"e7d164b\" data-element_type=\"container\" data-settings=\"{&quot;background_background&quot;:&quot;classic&quot;}\">\n\t\t\t\t\t<div class=\"e-con-inner\">\n\t\t<div class=\"elementor-element elementor-element-acc86cf e-con-full e-flex e-con e-child\" data-id=\"acc86cf\" data-element_type=\"container\">\n\t\t\t\t<div class=\"elementor-element elementor-element-5a62f22 elementor-widget elementor-widget-heading\" data-id=\"5a62f22\" data-element_type=\"widget\" data-widget_type=\"heading.default\">\n\t\t\t\t<div class=\"elementor-widget-container\">\n\t\t\t\t\t<h1 class=\"elementor-heading-title elementor-size-default\">Alex Kleinkort, O.D.<\/h1>\t\t\t\t<\/div>\n\t\t\t\t<\/div>\n\t\t\t\t<\/div>\n\t\t\t\t\t<\/div>\n\t\t\t\t<\/div>\n\t\t<div class=\"elementor-element elementor-element-8f1a569 e-flex e-con-boxed e-con e-parent\" data-id=\"8f1a569\" data-element_type=\"container\">\n\t\t\t\t\t<div class=\"e-con-inner\">\n\t\t<div class=\"elementor-element elementor-element-8aace53 e-con-full e-flex e-con e-child\" data-id=\"8aace53\" data-element_type=\"container\">\n\t\t<div class=\"elementor-element elementor-element-24e4864 e-con-full e-flex e-con e-child\" data-id=\"24e4864\" data-element_type=\"container\" data-settings=\"{&quot;background_background&quot;:&quot;classic&quot;}\">\n\t\t<div class=\"elementor-element elementor-element-9920b26 e-con-full e-flex e-con e-child\" data-id=\"9920b26\" data-element_type=\"container\">\n\t\t\t\t<div class=\"elementor-element elementor-element-7d71378 elementor-widget elementor-widget-heading\" data-id=\"7d71378\" data-element_type=\"widget\" data-widget_type=\"heading.default\">\n\t\t\t\t<div class=\"elementor-widget-container\">\n\t\t\t\t\t<h6 class=\"elementor-heading-title elementor-size-default\">Conozca al Dr. Kleinkort<\/h6>\t\t\t\t<\/div>\n\t\t\t\t<\/div>\n\t\t\t\t<div class=\"elementor-element elementor-element-d9447c7 elementor-widget elementor-widget-heading\" data-id=\"d9447c7\" data-element_type=\"widget\" data-widget_type=\"heading.default\">\n\t\t\t\t<div class=\"elementor-widget-container\">\n\t\t\t\t\t<h6 class=\"elementor-heading-title elementor-size-default\">Optometrista<\/h6>\t\t\t\t<\/div>\n\t\t\t\t<\/div>\n\t\t\t\t<\/div>\n\t\t\t\t<\/div>\n\t\t<div class=\"elementor-element elementor-element-7f752d3 e-con-full e-flex e-con e-child\" data-id=\"7f752d3\" data-element_type=\"container\">\n\t\t<div class=\"elementor-element elementor-element-16ea7cd e-con-full e-flex e-con e-child\" data-id=\"16ea7cd\" data-element_type=\"container\">\n\t\t\t\t<div class=\"elementor-element elementor-element-c643875 elementor-widget__width-initial elementor-widget elementor-widget-image\" data-id=\"c643875\" data-element_type=\"widget\" data-widget_type=\"image.default\">\n\t\t\t\t<div class=\"elementor-widget-container\">\n\t\t\t\t\t\t\t\t\t\t\t\t\t\t\t<img fetchpriority=\"high\" decoding=\"async\" width=\"1067\" height=\"1600\" src=\"https:\/\/www.eyescolorado.com\/wp-content\/uploads\/2023\/09\/Kleinkort_1.jpg\" class=\"attachment-full size-full wp-image-6516\" alt=\"\" srcset=\"https:\/\/www.eyescolorado.com\/wp-content\/uploads\/2023\/09\/Kleinkort_1.jpg 1067w, https:\/\/www.eyescolorado.com\/wp-content\/uploads\/2023\/09\/Kleinkort_1-200x300.jpg 200w, https:\/\/www.eyescolorado.com\/wp-content\/uploads\/2023\/09\/Kleinkort_1-683x1024.jpg 683w, https:\/\/www.eyescolorado.com\/wp-content\/uploads\/2023\/09\/Kleinkort_1-768x1152.jpg 768w, https:\/\/www.eyescolorado.com\/wp-content\/uploads\/2023\/09\/Kleinkort_1-1024x1536.jpg 1024w\" sizes=\"(max-width: 1067px) 100vw, 1067px\" \/>\t\t\t\t\t\t\t\t\t\t\t\t\t\t\t<\/div>\n\t\t\t\t<\/div>\n\t\t\t\t<\/div>\n\t\t<div class=\"elementor-element elementor-element-93ad9a8 e-flex e-con-boxed e-con e-child\" data-id=\"93ad9a8\" data-element_type=\"container\">\n\t\t\t\t\t<div class=\"e-con-inner\">\n\t\t\t\t<div class=\"elementor-element elementor-element-bfa5edd elementor-widget elementor-widget-heading\" data-id=\"bfa5edd\" data-element_type=\"widget\" data-widget_type=\"heading.default\">\n\t\t\t\t<div class=\"elementor-widget-container\">\n\t\t\t\t\t<h2 class=\"elementor-heading-title elementor-size-default\">Formaci\u00f3n acad\u00e9mica<\/h2>\t\t\t\t<\/div>\n\t\t\t\t<\/div>\n\t\t\t\t<div class=\"elementor-element elementor-element-bd68912 elementor-widget elementor-widget-text-editor\" data-id=\"bd68912\" data-element_type=\"widget\" data-widget_type=\"text-editor.default\">\n\t\t\t\t<div class=\"elementor-widget-container\">\n\t\t\t\t\t\t\t\t\t<ul><li>Licenciatura de la Universidad de Colorado \u2013 Colorado Springs<\/li><li>Doctorado en optometr\u00eda de la Universidad Midwestern, Facultad de Optometr\u00eda de Arizona<\/li><li>Amplia gama de pr\u00e1cticas de optometr\u00eda con \u00e9nfasis en enfermedades oculares, cogesti\u00f3n de oftalmolog\u00eda, atenci\u00f3n primaria de los ojos y baja visi\u00f3n<\/li><\/ul>\t\t\t\t\t\t\t\t<\/div>\n\t\t\t\t<\/div>\n\t\t\t\t<div class=\"elementor-element elementor-element-7bc56af elementor-widget elementor-widget-heading\" data-id=\"7bc56af\" data-element_type=\"widget\" data-widget_type=\"heading.default\">\n\t\t\t\t<div class=\"elementor-widget-container\">\n\t\t\t\t\t<h2 class=\"elementor-heading-title elementor-size-default\">Acreditaci\u00f3n<\/h2>\t\t\t\t<\/div>\n\t\t\t\t<\/div>\n\t\t\t\t<div class=\"elementor-element elementor-element-b37374e elementor-widget elementor-widget-text-editor\" data-id=\"b37374e\" data-element_type=\"widget\" data-widget_type=\"text-editor.default\">\n\t\t\t\t<div class=\"elementor-widget-container\">\n\t\t\t\t\t\t\t\t\t<ul><li>Licencia de optometr\u00eda de Colorado<\/li><li>Agente farmac\u00e9utico terap\u00e9utico certificado<\/li><\/ul>\t\t\t\t\t\t\t\t<\/div>\n\t\t\t\t<\/div>\n\t\t\t\t<div class=\"elementor-element elementor-element-e7d1f45 elementor-widget elementor-widget-heading\" data-id=\"e7d1f45\" data-element_type=\"widget\" data-widget_type=\"heading.default\">\n\t\t\t\t<div class=\"elementor-widget-container\">\n\t\t\t\t\t<h2 class=\"elementor-heading-title elementor-size-default\">Afiliaciones<\/h2>\t\t\t\t<\/div>\n\t\t\t\t<\/div>\n\t\t\t\t<div class=\"elementor-element elementor-element-e434416 elementor-widget elementor-widget-text-editor\" data-id=\"e434416\" data-element_type=\"widget\" data-widget_type=\"text-editor.default\">\n\t\t\t\t<div class=\"elementor-widget-container\">\n\t\t\t\t\t\t\t\t\t<ul><li>Miembro de la asociaci\u00f3n de optometr\u00eda de Colorado<\/li><li>Miembro de servicios optom\u00e9tricos voluntarios para la humanidad<\/li><li>Miembro del club de pr\u00e1ctica privada Envision<\/li><\/ul>\t\t\t\t\t\t\t\t<\/div>\n\t\t\t\t<\/div>\n\t\t\t\t<div class=\"elementor-element elementor-element-2f67245 elementor-widget elementor-widget-heading\" data-id=\"2f67245\" data-element_type=\"widget\" data-widget_type=\"heading.default\">\n\t\t\t\t<div class=\"elementor-widget-container\">\n\t\t\t\t\t<h2 class=\"elementor-heading-title elementor-size-default\">Distinciones<\/h2>\t\t\t\t<\/div>\n\t\t\t\t<\/div>\n\t\t\t\t<div class=\"elementor-element elementor-element-0532f99 elementor-widget elementor-widget-text-editor\" data-id=\"0532f99\" data-element_type=\"widget\" data-widget_type=\"text-editor.default\">\n\t\t\t\t<div class=\"elementor-widget-container\">\n\t\t\t\t\t\t\t\t\t<ul><li>Nombrado embajador de MWU AZCOPT<\/li><\/ul>\t\t\t\t\t\t\t\t<\/div>\n\t\t\t\t<\/div>\n\t\t\t\t<div class=\"elementor-element elementor-element-dcac85e elementor-widget elementor-widget-heading\" data-id=\"dcac85e\" data-element_type=\"widget\" data-widget_type=\"heading.default\">\n\t\t\t\t<div class=\"elementor-widget-container\">\n\t\t\t\t\t<h2 class=\"elementor-heading-title elementor-size-default\">Especializaciones<\/h2>\t\t\t\t<\/div>\n\t\t\t\t<\/div>\n\t\t\t\t<div class=\"elementor-element elementor-element-e31e967 elementor-widget elementor-widget-text-editor\" data-id=\"e31e967\" data-element_type=\"widget\" data-widget_type=\"text-editor.default\">\n\t\t\t\t<div class=\"elementor-widget-container\">\n\t\t\t\t\t\t\t\t\t<ul><li>Optometr\u00eda integral<ul><li>Enfermedades oculares y sist\u00e9micas<\/li><\/ul><\/li><li>Glaucoma<\/li><li>Degeneraci\u00f3n macular<\/li><li>Retinopat\u00eda diab\u00e9tica<\/li><li>Retinopat\u00eda hipertensiva<\/li><li>Glaucoma<\/li><li>Cataratas<\/li><li>Enfermedades de la c\u00f3rnea<\/li><li>Lentes de contacto especiales<\/li><\/ul>\t\t\t\t\t\t\t\t<\/div>\n\t\t\t\t<\/div>\n\t\t\t\t<div class=\"elementor-element elementor-element-bdfd0b0 elementor-widget elementor-widget-heading\" data-id=\"bdfd0b0\" data-element_type=\"widget\" data-widget_type=\"heading.default\">\n\t\t\t\t<div class=\"elementor-widget-container\">\n\t\t\t\t\t<h2 class=\"elementor-heading-title elementor-size-default\">Seguros aceptados<\/h2>\t\t\t\t<\/div>\n\t\t\t\t<\/div>\n\t\t\t\t<div class=\"elementor-element elementor-element-dec3990 elementor-widget elementor-widget-text-editor\" data-id=\"dec3990\" data-element_type=\"widget\" data-widget_type=\"text-editor.default\">\n\t\t\t\t<div class=\"elementor-widget-container\">\n\t\t\t\t\t\t\t\t\t<p>Por favor, consulte con la oficina sobre una lista actualizada de seguros aceptados al programar su cita.<\/p>\t\t\t\t\t\t\t\t<\/div>\n\t\t\t\t<\/div>\n\t\t\t\t\t<\/div>\n\t\t\t\t<\/div>\n\t\t\t\t<\/div>\n\t\t\t\t<\/div>\n\t\t\t\t\t<\/div>\n\t\t\t\t<\/div>\n\t\t\t\t<\/div>\n\t\t","protected":false},"excerpt":{"rendered":"<p>Alex Kleinkort, O.D. Conozca al Dr. Kleinkort Optometrista Formaci\u00f3n acad\u00e9mica Licenciatura de la Universidad de Colorado \u2013 Colorado Springs Doctorado en optometr\u00eda de la Universidad Midwestern, Facultad de Optometr\u00eda de Arizona Amplia gama de pr\u00e1cticas de optometr\u00eda con \u00e9nfasis en enfermedades oculares, cogesti\u00f3n de oftalmolog\u00eda, atenci\u00f3n primaria de los ojos y baja visi\u00f3n Acreditaci\u00f3n Licencia [&hellip;]<\/p>\n","protected":false},"author":2,"featured_media":0,"parent":0,"menu_order":0,"comment_status":"closed","ping_status":"closed","template":"elementor_canvas","meta":{"footnotes":""},"class_list":["post-6514","page","type-page","status-publish","hentry"],"yoast_head":"<!-- This site is optimized with the Yoast SEO plugin v25.4 - https:\/\/yoast.com\/wordpress\/plugins\/seo\/ -->\n<title>Dr. Alex Kleinkort, O.D.<\/title>\n<meta name=\"description\" content=\"Conozca a nuestro optometrista, el Dr. Alex Kleinkort, O.D.\" \/>\n<meta name=\"robots\" content=\"index, follow, max-snippet:-1, max-image-preview:large, max-video-preview:-1\" \/>\n<link rel=\"canonical\" href=\"https:\/\/www.eyescolorado.com\/es\/dr-alex-kleinkort-o-d\/\" \/>\n<meta property=\"og:locale\" content=\"es_ES\" \/>\n<meta property=\"og:type\" content=\"article\" \/>\n<meta property=\"og:title\" content=\"Dr. Alex Kleinkort, O.D.\" \/>\n<meta property=\"og:description\" content=\"Conozca a nuestro optometrista, el Dr. Alex Kleinkort, O.D.\" \/>\n<meta property=\"og:url\" content=\"https:\/\/www.eyescolorado.com\/es\/dr-alex-kleinkort-o-d\/\" \/>\n<meta property=\"og:site_name\" content=\"Colorado Eye Institute\" \/>\n<meta property=\"article:modified_time\" content=\"2025-11-06T21:51:03+00:00\" \/>\n<meta property=\"og:image\" content=\"https:\/\/www.eyescolorado.com\/wp-content\/uploads\/2023\/09\/Kleinkort_1.jpg\" \/>\n\t<meta property=\"og:image:width\" content=\"1067\" \/>\n\t<meta property=\"og:image:height\" content=\"1600\" \/>\n\t<meta property=\"og:image:type\" content=\"image\/jpeg\" \/>\n<meta name=\"twitter:card\" content=\"summary_large_image\" \/>\n<meta name=\"twitter:label1\" content=\"Tiempo de lectura\" \/>\n\t<meta name=\"twitter:data1\" content=\"1 minuto\" \/>\n<script type=\"application\/ld+json\" class=\"yoast-schema-graph\">{\"@context\":\"https:\/\/schema.org\",\"@graph\":[{\"@type\":\"WebPage\",\"@id\":\"https:\/\/www.eyescolorado.com\/es\/dr-alex-kleinkort-o-d\/\",\"url\":\"https:\/\/www.eyescolorado.com\/es\/dr-alex-kleinkort-o-d\/\",\"name\":\"Dr. Alex Kleinkort, O.D.\",\"isPartOf\":{\"@id\":\"https:\/\/www.eyescolorado.com\/es\/#website\"},\"primaryImageOfPage\":{\"@id\":\"https:\/\/www.eyescolorado.com\/es\/dr-alex-kleinkort-o-d\/#primaryimage\"},\"image\":{\"@id\":\"https:\/\/www.eyescolorado.com\/es\/dr-alex-kleinkort-o-d\/#primaryimage\"},\"thumbnailUrl\":\"https:\/\/www.eyescolorado.com\/wp-content\/uploads\/2023\/09\/Kleinkort_1.jpg\",\"datePublished\":\"2023-09-20T00:40:13+00:00\",\"dateModified\":\"2025-11-06T21:51:03+00:00\",\"description\":\"Conozca a nuestro optometrista, el Dr. Alex Kleinkort, O.D.\",\"breadcrumb\":{\"@id\":\"https:\/\/www.eyescolorado.com\/es\/dr-alex-kleinkort-o-d\/#breadcrumb\"},\"inLanguage\":\"es\",\"potentialAction\":[{\"@type\":\"ReadAction\",\"target\":[\"https:\/\/www.eyescolorado.com\/es\/dr-alex-kleinkort-o-d\/\"]}]},{\"@type\":\"ImageObject\",\"inLanguage\":\"es\",\"@id\":\"https:\/\/www.eyescolorado.com\/es\/dr-alex-kleinkort-o-d\/#primaryimage\",\"url\":\"https:\/\/www.eyescolorado.com\/wp-content\/uploads\/2023\/09\/Kleinkort_1.jpg\",\"contentUrl\":\"https:\/\/www.eyescolorado.com\/wp-content\/uploads\/2023\/09\/Kleinkort_1.jpg\"},{\"@type\":\"BreadcrumbList\",\"@id\":\"https:\/\/www.eyescolorado.com\/es\/dr-alex-kleinkort-o-d\/#breadcrumb\",\"itemListElement\":[{\"@type\":\"ListItem\",\"position\":1,\"name\":\"Home\",\"item\":\"https:\/\/www.eyescolorado.com\/es\/inicio\/\"},{\"@type\":\"ListItem\",\"position\":2,\"name\":\"Dr. Alex Kleinkort, O.D.\"}]},{\"@type\":\"WebSite\",\"@id\":\"https:\/\/www.eyescolorado.com\/es\/#website\",\"url\":\"https:\/\/www.eyescolorado.com\/es\/\",\"name\":\"Colorado Eye Institute\",\"description\":\"Eye Care in Colorado Springs\",\"publisher\":{\"@id\":\"https:\/\/www.eyescolorado.com\/es\/#organization\"},\"potentialAction\":[{\"@type\":\"SearchAction\",\"target\":{\"@type\":\"EntryPoint\",\"urlTemplate\":\"https:\/\/www.eyescolorado.com\/es\/?s={search_term_string}\"},\"query-input\":{\"@type\":\"PropertyValueSpecification\",\"valueRequired\":true,\"valueName\":\"search_term_string\"}}],\"inLanguage\":\"es\"},{\"@type\":\"Organization\",\"@id\":\"https:\/\/www.eyescolorado.com\/es\/#organization\",\"name\":\"Colorado Eye Institute\",\"url\":\"https:\/\/www.eyescolorado.com\/es\/\",\"logo\":{\"@type\":\"ImageObject\",\"inLanguage\":\"es\",\"@id\":\"https:\/\/www.eyescolorado.com\/es\/#\/schema\/logo\/image\/\",\"url\":\"https:\/\/www.eyescolorado.com\/wp-content\/uploads\/2023\/09\/logo-in-color.png\",\"contentUrl\":\"https:\/\/www.eyescolorado.com\/wp-content\/uploads\/2023\/09\/logo-in-color.png\",\"width\":2643,\"height\":468,\"caption\":\"Colorado Eye Institute\"},\"image\":{\"@id\":\"https:\/\/www.eyescolorado.com\/es\/#\/schema\/logo\/image\/\"}}]}<\/script>\n<!-- \/ Yoast SEO plugin. -->","yoast_head_json":{"title":"Dr. Alex Kleinkort, O.D.","description":"Conozca a nuestro optometrista, el Dr. Alex Kleinkort, O.D.","robots":{"index":"index","follow":"follow","max-snippet":"max-snippet:-1","max-image-preview":"max-image-preview:large","max-video-preview":"max-video-preview:-1"},"canonical":"https:\/\/www.eyescolorado.com\/es\/dr-alex-kleinkort-o-d\/","og_locale":"es_ES","og_type":"article","og_title":"Dr. Alex Kleinkort, O.D.","og_description":"Conozca a nuestro optometrista, el Dr. Alex Kleinkort, O.D.","og_url":"https:\/\/www.eyescolorado.com\/es\/dr-alex-kleinkort-o-d\/","og_site_name":"Colorado Eye Institute","article_modified_time":"2025-11-06T21:51:03+00:00","og_image":[{"width":1067,"height":1600,"url":"https:\/\/www.eyescolorado.com\/wp-content\/uploads\/2023\/09\/Kleinkort_1.jpg","type":"image\/jpeg"}],"twitter_card":"summary_large_image","twitter_misc":{"Tiempo de lectura":"1 minuto"},"schema":{"@context":"https:\/\/schema.org","@graph":[{"@type":"WebPage","@id":"https:\/\/www.eyescolorado.com\/es\/dr-alex-kleinkort-o-d\/","url":"https:\/\/www.eyescolorado.com\/es\/dr-alex-kleinkort-o-d\/","name":"Dr. Alex Kleinkort, O.D.","isPartOf":{"@id":"https:\/\/www.eyescolorado.com\/es\/#website"},"primaryImageOfPage":{"@id":"https:\/\/www.eyescolorado.com\/es\/dr-alex-kleinkort-o-d\/#primaryimage"},"image":{"@id":"https:\/\/www.eyescolorado.com\/es\/dr-alex-kleinkort-o-d\/#primaryimage"},"thumbnailUrl":"https:\/\/www.eyescolorado.com\/wp-content\/uploads\/2023\/09\/Kleinkort_1.jpg","datePublished":"2023-09-20T00:40:13+00:00","dateModified":"2025-11-06T21:51:03+00:00","description":"Conozca a nuestro optometrista, el Dr. Alex Kleinkort, O.D.","breadcrumb":{"@id":"https:\/\/www.eyescolorado.com\/es\/dr-alex-kleinkort-o-d\/#breadcrumb"},"inLanguage":"es","potentialAction":[{"@type":"ReadAction","target":["https:\/\/www.eyescolorado.com\/es\/dr-alex-kleinkort-o-d\/"]}]},{"@type":"ImageObject","inLanguage":"es","@id":"https:\/\/www.eyescolorado.com\/es\/dr-alex-kleinkort-o-d\/#primaryimage","url":"https:\/\/www.eyescolorado.com\/wp-content\/uploads\/2023\/09\/Kleinkort_1.jpg","contentUrl":"https:\/\/www.eyescolorado.com\/wp-content\/uploads\/2023\/09\/Kleinkort_1.jpg"},{"@type":"BreadcrumbList","@id":"https:\/\/www.eyescolorado.com\/es\/dr-alex-kleinkort-o-d\/#breadcrumb","itemListElement":[{"@type":"ListItem","position":1,"name":"Home","item":"https:\/\/www.eyescolorado.com\/es\/inicio\/"},{"@type":"ListItem","position":2,"name":"Dr. Alex Kleinkort, O.D."}]},{"@type":"WebSite","@id":"https:\/\/www.eyescolorado.com\/es\/#website","url":"https:\/\/www.eyescolorado.com\/es\/","name":"Colorado Eye Institute","description":"Eye Care in Colorado Springs","publisher":{"@id":"https:\/\/www.eyescolorado.com\/es\/#organization"},"potentialAction":[{"@type":"SearchAction","target":{"@type":"EntryPoint","urlTemplate":"https:\/\/www.eyescolorado.com\/es\/?s={search_term_string}"},"query-input":{"@type":"PropertyValueSpecification","valueRequired":true,"valueName":"search_term_string"}}],"inLanguage":"es"},{"@type":"Organization","@id":"https:\/\/www.eyescolorado.com\/es\/#organization","name":"Colorado Eye Institute","url":"https:\/\/www.eyescolorado.com\/es\/","logo":{"@type":"ImageObject","inLanguage":"es","@id":"https:\/\/www.eyescolorado.com\/es\/#\/schema\/logo\/image\/","url":"https:\/\/www.eyescolorado.com\/wp-content\/uploads\/2023\/09\/logo-in-color.png","contentUrl":"https:\/\/www.eyescolorado.com\/wp-content\/uploads\/2023\/09\/logo-in-color.png","width":2643,"height":468,"caption":"Colorado Eye Institute"},"image":{"@id":"https:\/\/www.eyescolorado.com\/es\/#\/schema\/logo\/image\/"}}]}},"_links":{"self":[{"href":"https:\/\/www.eyescolorado.com\/es\/wp-json\/wp\/v2\/pages\/6514","targetHints":{"allow":["GET"]}}],"collection":[{"href":"https:\/\/www.eyescolorado.com\/es\/wp-json\/wp\/v2\/pages"}],"about":[{"href":"https:\/\/www.eyescolorado.com\/es\/wp-json\/wp\/v2\/types\/page"}],"author":[{"embeddable":true,"href":"https:\/\/www.eyescolorado.com\/es\/wp-json\/wp\/v2\/users\/2"}],"replies":[{"embeddable":true,"href":"https:\/\/www.eyescolorado.com\/es\/wp-json\/wp\/v2\/comments?post=6514"}],"version-history":[{"count":1,"href":"https:\/\/www.eyescolorado.com\/es\/wp-json\/wp\/v2\/pages\/6514\/revisions"}],"predecessor-version":[{"id":6528,"href":"https:\/\/www.eyescolorado.com\/es\/wp-json\/wp\/v2\/pages\/6514\/revisions\/6528"}],"wp:attachment":[{"href":"https:\/\/www.eyescolorado.com\/es\/wp-json\/wp\/v2\/media?parent=6514"}],"curies":[{"name":"wp","href":"https:\/\/api.w.org\/{rel}","templated":true}]}}