{"id":6506,"date":"2023-09-20T00:37:01","date_gmt":"2023-09-20T00:37:01","guid":{"rendered":"https:\/\/www.eyescolorado.com\/dra-kendra-weiler-o-d\/"},"modified":"2026-03-06T18:34:47","modified_gmt":"2026-03-06T18:34:47","slug":"dra-kendra-weiler-o-d","status":"publish","type":"page","link":"https:\/\/www.eyescolorado.com\/es\/dra-kendra-weiler-o-d\/","title":{"rendered":"Dra. Kendra Weiler, O.D."},"content":{"rendered":"\t\t<div data-elementor-type=\"wp-page\" data-elementor-id=\"6506\" class=\"elementor elementor-6506\" data-elementor-post-type=\"page\">\n\t\t\t\t<div class=\"elementor-element elementor-element-06c3213 e-flex e-con-boxed e-con e-parent\" data-id=\"06c3213\" data-element_type=\"container\" data-settings=\"{&quot;background_background&quot;:&quot;classic&quot;}\">\n\t\t\t\t\t<div class=\"e-con-inner\">\n\t\t<div class=\"elementor-element elementor-element-e16ce38 e-con-full e-flex e-con e-child\" data-id=\"e16ce38\" data-element_type=\"container\">\n\t\t\t\t<div class=\"elementor-element elementor-element-c4d2244 elementor-widget elementor-widget-heading\" data-id=\"c4d2244\" data-element_type=\"widget\" data-widget_type=\"heading.default\">\n\t\t\t\t<div class=\"elementor-widget-container\">\n\t\t\t\t\t<h1 class=\"elementor-heading-title elementor-size-default\">Dra. Kendra Weiler, O.D.<\/h1>\t\t\t\t<\/div>\n\t\t\t\t<\/div>\n\t\t\t\t<\/div>\n\t\t\t\t\t<\/div>\n\t\t\t\t<\/div>\n\t\t<div class=\"elementor-element elementor-element-6dc4e83 e-flex e-con-boxed e-con e-parent\" data-id=\"6dc4e83\" data-element_type=\"container\">\n\t\t\t\t\t<div class=\"e-con-inner\">\n\t\t<div class=\"elementor-element elementor-element-224043f e-con-full e-flex e-con e-child\" data-id=\"224043f\" data-element_type=\"container\">\n\t\t<div class=\"elementor-element elementor-element-0a24b68 e-con-full e-flex e-con e-child\" data-id=\"0a24b68\" data-element_type=\"container\" data-settings=\"{&quot;background_background&quot;:&quot;classic&quot;}\">\n\t\t<div class=\"elementor-element elementor-element-3d6aba2 e-con-full e-flex e-con e-child\" data-id=\"3d6aba2\" data-element_type=\"container\">\n\t\t\t\t<div class=\"elementor-element elementor-element-c4dba3e elementor-widget elementor-widget-heading\" data-id=\"c4dba3e\" data-element_type=\"widget\" data-widget_type=\"heading.default\">\n\t\t\t\t<div class=\"elementor-widget-container\">\n\t\t\t\t\t<h6 class=\"elementor-heading-title elementor-size-default\">Conozca a la Dra. Weiler<\/h6>\t\t\t\t<\/div>\n\t\t\t\t<\/div>\n\t\t\t\t<div class=\"elementor-element elementor-element-06ab77f elementor-widget elementor-widget-heading\" data-id=\"06ab77f\" data-element_type=\"widget\" data-widget_type=\"heading.default\">\n\t\t\t\t<div class=\"elementor-widget-container\">\n\t\t\t\t\t<h6 class=\"elementor-heading-title elementor-size-default\">Optometrista<\/h6>\t\t\t\t<\/div>\n\t\t\t\t<\/div>\n\t\t\t\t<\/div>\n\t\t\t\t<\/div>\n\t\t<div class=\"elementor-element elementor-element-7a818a4 e-con-full e-flex e-con e-child\" data-id=\"7a818a4\" data-element_type=\"container\">\n\t\t<div class=\"elementor-element elementor-element-44f05cd e-con-full e-flex e-con e-child\" data-id=\"44f05cd\" data-element_type=\"container\">\n\t\t\t\t<div class=\"elementor-element elementor-element-25df563 elementor-widget__width-initial elementor-widget elementor-widget-image\" data-id=\"25df563\" data-element_type=\"widget\" data-widget_type=\"image.default\">\n\t\t\t\t<div class=\"elementor-widget-container\">\n\t\t\t\t\t\t\t\t\t\t\t\t\t\t\t<img fetchpriority=\"high\" decoding=\"async\" width=\"1067\" height=\"1600\" src=\"https:\/\/www.eyescolorado.com\/wp-content\/uploads\/2023\/09\/Weiler_1.jpg\" class=\"attachment-full size-full wp-image-6508\" alt=\"\" srcset=\"https:\/\/www.eyescolorado.com\/wp-content\/uploads\/2023\/09\/Weiler_1.jpg 1067w, https:\/\/www.eyescolorado.com\/wp-content\/uploads\/2023\/09\/Weiler_1-200x300.jpg 200w, https:\/\/www.eyescolorado.com\/wp-content\/uploads\/2023\/09\/Weiler_1-683x1024.jpg 683w, https:\/\/www.eyescolorado.com\/wp-content\/uploads\/2023\/09\/Weiler_1-768x1152.jpg 768w, https:\/\/www.eyescolorado.com\/wp-content\/uploads\/2023\/09\/Weiler_1-1024x1536.jpg 1024w\" sizes=\"(max-width: 1067px) 100vw, 1067px\" \/>\t\t\t\t\t\t\t\t\t\t\t\t\t\t\t<\/div>\n\t\t\t\t<\/div>\n\t\t\t\t<\/div>\n\t\t<div class=\"elementor-element elementor-element-fc64c93 e-flex e-con-boxed e-con e-child\" data-id=\"fc64c93\" data-element_type=\"container\">\n\t\t\t\t\t<div class=\"e-con-inner\">\n\t\t\t\t<div class=\"elementor-element elementor-element-3b46bdc elementor-widget elementor-widget-heading\" data-id=\"3b46bdc\" data-element_type=\"widget\" data-widget_type=\"heading.default\">\n\t\t\t\t<div class=\"elementor-widget-container\">\n\t\t\t\t\t<h2 class=\"elementor-heading-title elementor-size-default\">Formaci\u00f3n acad\u00e9mica<\/h2>\t\t\t\t<\/div>\n\t\t\t\t<\/div>\n\t\t\t\t<div class=\"elementor-element elementor-element-0a16659 elementor-widget elementor-widget-text-editor\" data-id=\"0a16659\" data-element_type=\"widget\" data-widget_type=\"text-editor.default\">\n\t\t\t\t<div class=\"elementor-widget-container\">\n\t\t\t\t\t\t\t\t\t<ul><li>Licenciatura en Ciencias Biom\u00e9dicas por la Universidad Estatal de Colorado<\/li><li>M\u00e1ster en Ciencias de la Visi\u00f3n por la Facultad de Optometr\u00eda de la Universidad del Pac\u00edfico<\/li><li>Doctorado en optometr\u00eda por la Facultad de Optometr\u00eda de la Universidad del Pac\u00edfico<\/li><li>Residencia en Enfermedades Oculares y Rehabilitaci\u00f3n de Baja Visi\u00f3n en el Centro M\u00e9dico V.A. de L\u00edbano<\/li><\/ul>\t\t\t\t\t\t\t\t<\/div>\n\t\t\t\t<\/div>\n\t\t\t\t<div class=\"elementor-element elementor-element-d4b94dc elementor-widget elementor-widget-heading\" data-id=\"d4b94dc\" data-element_type=\"widget\" data-widget_type=\"heading.default\">\n\t\t\t\t<div class=\"elementor-widget-container\">\n\t\t\t\t\t<h2 class=\"elementor-heading-title elementor-size-default\">Acreditaci\u00f3n<\/h2>\t\t\t\t<\/div>\n\t\t\t\t<\/div>\n\t\t\t\t<div class=\"elementor-element elementor-element-1f725d8 elementor-widget elementor-widget-text-editor\" data-id=\"1f725d8\" data-element_type=\"widget\" data-widget_type=\"text-editor.default\">\n\t\t\t\t<div class=\"elementor-widget-container\">\n\t\t\t\t\t\t\t\t\t<ul><li>Licencia de optometr\u00eda de Colorado<\/li><li>Agente farmac\u00e9utico terap\u00e9utico certificado<\/li><\/ul>\t\t\t\t\t\t\t\t<\/div>\n\t\t\t\t<\/div>\n\t\t\t\t<div class=\"elementor-element elementor-element-400e831 elementor-widget elementor-widget-heading\" data-id=\"400e831\" data-element_type=\"widget\" data-widget_type=\"heading.default\">\n\t\t\t\t<div class=\"elementor-widget-container\">\n\t\t\t\t\t<h2 class=\"elementor-heading-title elementor-size-default\">Afiliaciones<\/h2>\t\t\t\t<\/div>\n\t\t\t\t<\/div>\n\t\t\t\t<div class=\"elementor-element elementor-element-bcf9c3c elementor-widget elementor-widget-text-editor\" data-id=\"bcf9c3c\" data-element_type=\"widget\" data-widget_type=\"text-editor.default\">\n\t\t\t\t<div class=\"elementor-widget-container\">\n\t\t\t\t\t\t\t\t\t<ul><li>Miembro de la asociaci\u00f3n de optometr\u00eda de Colorado<\/li><li>Miembro de la asociaci\u00f3n americana de optometr\u00eda<\/li><li>Miembro de la sociedad internacional de honores de optometr\u00eda Beta Sigma Kappa<\/li><\/ul>\t\t\t\t\t\t\t\t<\/div>\n\t\t\t\t<\/div>\n\t\t\t\t<div class=\"elementor-element elementor-element-26e2a3b elementor-widget elementor-widget-heading\" data-id=\"26e2a3b\" data-element_type=\"widget\" data-widget_type=\"heading.default\">\n\t\t\t\t<div class=\"elementor-widget-container\">\n\t\t\t\t\t<h2 class=\"elementor-heading-title elementor-size-default\">Distinciones<\/h2>\t\t\t\t<\/div>\n\t\t\t\t<\/div>\n\t\t\t\t<div class=\"elementor-element elementor-element-1d920b0 elementor-widget elementor-widget-text-editor\" data-id=\"1d920b0\" data-element_type=\"widget\" data-widget_type=\"text-editor.default\">\n\t\t\t\t<div class=\"elementor-widget-container\">\n\t\t\t\t\t\t\t\t\t<ul><li>Recibi\u00f3 el premio Marchon a la gesti\u00f3n de la consulta.<\/li><li>Recibi\u00f3 el premio al graduado destacado de la asociaci\u00f3n de antiguos alumnos de la Facultad de Optometr\u00eda de la Universidad del Pac\u00edfico.<\/li><\/ul>\t\t\t\t\t\t\t\t<\/div>\n\t\t\t\t<\/div>\n\t\t\t\t<div class=\"elementor-element elementor-element-2d678e2 elementor-widget elementor-widget-heading\" data-id=\"2d678e2\" data-element_type=\"widget\" data-widget_type=\"heading.default\">\n\t\t\t\t<div class=\"elementor-widget-container\">\n\t\t\t\t\t<h2 class=\"elementor-heading-title elementor-size-default\">Especializaciones<\/h2>\t\t\t\t<\/div>\n\t\t\t\t<\/div>\n\t\t\t\t<div class=\"elementor-element elementor-element-8616e56 elementor-widget elementor-widget-text-editor\" data-id=\"8616e56\" data-element_type=\"widget\" data-widget_type=\"text-editor.default\">\n\t\t\t\t<div class=\"elementor-widget-container\">\n\t\t\t\t\t\t\t\t\t<ul><li>Optometr\u00eda integral<\/li><li>Enfermedades oculares y sist\u00e9micas<\/li><li>Glaucoma, degeneraci\u00f3n macular, retinopat\u00eda diab\u00e9tica, retinopat\u00eda hipertensiva, cataratas y enfermedades corneales<\/li><li>Lentes de contacto especiales para queratocono y otras enfermedades corneales<\/li><\/ul>\t\t\t\t\t\t\t\t<\/div>\n\t\t\t\t<\/div>\n\t\t\t\t<div class=\"elementor-element elementor-element-043c575 elementor-widget elementor-widget-heading\" data-id=\"043c575\" data-element_type=\"widget\" data-widget_type=\"heading.default\">\n\t\t\t\t<div class=\"elementor-widget-container\">\n\t\t\t\t\t<h2 class=\"elementor-heading-title elementor-size-default\">Seguros aceptados<\/h2>\t\t\t\t<\/div>\n\t\t\t\t<\/div>\n\t\t\t\t<div class=\"elementor-element elementor-element-5d8021b elementor-widget elementor-widget-text-editor\" data-id=\"5d8021b\" data-element_type=\"widget\" data-widget_type=\"text-editor.default\">\n\t\t\t\t<div class=\"elementor-widget-container\">\n\t\t\t\t\t\t\t\t\t<ul><li>AARP Medicare Complete<\/li><li>Aetna<\/li><li>Aetna Medicare Advantage<\/li><li>Blue Cross Blue Shield<\/li><li>Bright Health Plan<\/li><li>Champ V.A.<\/li><li>Cigna<\/li><li>Colorado Health<\/li><li>Cofinity<\/li><li>Departamento de Asuntos de los Veteranos<\/li><li>EBMS<\/li><li>Friday Health Plans<\/li><li>Geha<\/li><li>Healthnet Veterans Choice<\/li><li>Humana<\/li><li>Humana Gold Plus<\/li><li>Kaiser<\/li><li>Kaiser Senior<\/li><li>Medicaid<\/li><li>Medicare<\/li><li>Medicare para ferrocarriles<\/li><li>Rocky Mountain Health Plan<\/li><li>Tricare de por vida<\/li><li>Tricare Prime<\/li><li>Tricare Select<\/li><li>United Healthcare<\/li><li>UMR<\/li><li><em>[Esta no es una lista completa. P\u00f3ngase en contacto con la oficina para preguntar sobre la cobertura de su plan.]<\/em><\/li><\/ul>\t\t\t\t\t\t\t\t<\/div>\n\t\t\t\t<\/div>\n\t\t\t\t\t<\/div>\n\t\t\t\t<\/div>\n\t\t\t\t<\/div>\n\t\t\t\t<\/div>\n\t\t\t\t\t<\/div>\n\t\t\t\t<\/div>\n\t\t\t\t<\/div>\n\t\t","protected":false},"excerpt":{"rendered":"<p>Dra. Kendra Weiler, O.D. Conozca a la Dra. Weiler Optometrista Formaci\u00f3n acad\u00e9mica Licenciatura en Ciencias Biom\u00e9dicas por la Universidad Estatal de Colorado M\u00e1ster en Ciencias de la Visi\u00f3n por la Facultad de Optometr\u00eda de la Universidad del Pac\u00edfico Doctorado en optometr\u00eda por la Facultad de Optometr\u00eda de la Universidad del Pac\u00edfico Residencia en Enfermedades Oculares [&hellip;]<\/p>\n","protected":false},"author":2,"featured_media":0,"parent":0,"menu_order":0,"comment_status":"closed","ping_status":"closed","template":"elementor_canvas","meta":{"footnotes":""},"class_list":["post-6506","page","type-page","status-publish","hentry"],"yoast_head":"<!-- This site is optimized with the Yoast SEO plugin v25.4 - https:\/\/yoast.com\/wordpress\/plugins\/seo\/ -->\n<title>Dra. Kendra Weiler, O.D.<\/title>\n<meta name=\"description\" content=\"Conozca a la Dra. Kendra Weiler, O.D. Kendra es optometrista en Colorado Eye Institute.\" \/>\n<meta name=\"robots\" content=\"index, follow, max-snippet:-1, max-image-preview:large, max-video-preview:-1\" \/>\n<link rel=\"canonical\" href=\"https:\/\/www.eyescolorado.com\/es\/dra-kendra-weiler-o-d\/\" \/>\n<meta property=\"og:locale\" content=\"es_ES\" \/>\n<meta property=\"og:type\" content=\"article\" \/>\n<meta property=\"og:title\" content=\"Dra. Kendra Weiler, O.D.\" \/>\n<meta property=\"og:description\" content=\"Conozca a la Dra. Kendra Weiler, O.D. Kendra es optometrista en Colorado Eye Institute.\" \/>\n<meta property=\"og:url\" content=\"https:\/\/www.eyescolorado.com\/es\/dra-kendra-weiler-o-d\/\" \/>\n<meta property=\"og:site_name\" content=\"Colorado Eye Institute\" \/>\n<meta property=\"article:modified_time\" content=\"2026-03-06T18:34:47+00:00\" \/>\n<meta property=\"og:image\" content=\"https:\/\/www.eyescolorado.com\/wp-content\/uploads\/2023\/09\/Weiler_1.jpg\" \/>\n<meta name=\"twitter:card\" content=\"summary_large_image\" \/>\n<meta name=\"twitter:title\" content=\"Dra. Kendra Weiler, O.D.\" \/>\n<meta name=\"twitter:description\" content=\"Conozca a la Dra. Kendra Weiler, O.D. Kendra es optometrista en Colorado Eye Institute.\" \/>\n<meta name=\"twitter:label1\" content=\"Tiempo de lectura\" \/>\n\t<meta name=\"twitter:data1\" content=\"1 minuto\" \/>\n<script type=\"application\/ld+json\" class=\"yoast-schema-graph\">{\"@context\":\"https:\/\/schema.org\",\"@graph\":[{\"@type\":\"WebPage\",\"@id\":\"https:\/\/www.eyescolorado.com\/es\/dra-kendra-weiler-o-d\/\",\"url\":\"https:\/\/www.eyescolorado.com\/es\/dra-kendra-weiler-o-d\/\",\"name\":\"Dra. Kendra Weiler, O.D.\",\"isPartOf\":{\"@id\":\"https:\/\/www.eyescolorado.com\/es\/#website\"},\"primaryImageOfPage\":{\"@id\":\"https:\/\/www.eyescolorado.com\/es\/dra-kendra-weiler-o-d\/#primaryimage\"},\"image\":{\"@id\":\"https:\/\/www.eyescolorado.com\/es\/dra-kendra-weiler-o-d\/#primaryimage\"},\"thumbnailUrl\":\"https:\/\/www.eyescolorado.com\/wp-content\/uploads\/2023\/09\/Weiler_1.jpg\",\"datePublished\":\"2023-09-20T00:37:01+00:00\",\"dateModified\":\"2026-03-06T18:34:47+00:00\",\"description\":\"Conozca a la Dra. Kendra Weiler, O.D. Kendra es optometrista en Colorado Eye Institute.\",\"breadcrumb\":{\"@id\":\"https:\/\/www.eyescolorado.com\/es\/dra-kendra-weiler-o-d\/#breadcrumb\"},\"inLanguage\":\"es\",\"potentialAction\":[{\"@type\":\"ReadAction\",\"target\":[\"https:\/\/www.eyescolorado.com\/es\/dra-kendra-weiler-o-d\/\"]}]},{\"@type\":\"ImageObject\",\"inLanguage\":\"es\",\"@id\":\"https:\/\/www.eyescolorado.com\/es\/dra-kendra-weiler-o-d\/#primaryimage\",\"url\":\"https:\/\/www.eyescolorado.com\/wp-content\/uploads\/2023\/09\/Weiler_1.jpg\",\"contentUrl\":\"https:\/\/www.eyescolorado.com\/wp-content\/uploads\/2023\/09\/Weiler_1.jpg\"},{\"@type\":\"BreadcrumbList\",\"@id\":\"https:\/\/www.eyescolorado.com\/es\/dra-kendra-weiler-o-d\/#breadcrumb\",\"itemListElement\":[{\"@type\":\"ListItem\",\"position\":1,\"name\":\"Home\",\"item\":\"https:\/\/www.eyescolorado.com\/es\/inicio\/\"},{\"@type\":\"ListItem\",\"position\":2,\"name\":\"Dra. Kendra Weiler, O.D.\"}]},{\"@type\":\"WebSite\",\"@id\":\"https:\/\/www.eyescolorado.com\/es\/#website\",\"url\":\"https:\/\/www.eyescolorado.com\/es\/\",\"name\":\"Colorado Eye Institute\",\"description\":\"Eye Care in Colorado Springs\",\"publisher\":{\"@id\":\"https:\/\/www.eyescolorado.com\/es\/#organization\"},\"potentialAction\":[{\"@type\":\"SearchAction\",\"target\":{\"@type\":\"EntryPoint\",\"urlTemplate\":\"https:\/\/www.eyescolorado.com\/es\/?s={search_term_string}\"},\"query-input\":{\"@type\":\"PropertyValueSpecification\",\"valueRequired\":true,\"valueName\":\"search_term_string\"}}],\"inLanguage\":\"es\"},{\"@type\":\"Organization\",\"@id\":\"https:\/\/www.eyescolorado.com\/es\/#organization\",\"name\":\"Colorado Eye Institute\",\"url\":\"https:\/\/www.eyescolorado.com\/es\/\",\"logo\":{\"@type\":\"ImageObject\",\"inLanguage\":\"es\",\"@id\":\"https:\/\/www.eyescolorado.com\/es\/#\/schema\/logo\/image\/\",\"url\":\"https:\/\/www.eyescolorado.com\/wp-content\/uploads\/2023\/09\/logo-in-color.png\",\"contentUrl\":\"https:\/\/www.eyescolorado.com\/wp-content\/uploads\/2023\/09\/logo-in-color.png\",\"width\":2643,\"height\":468,\"caption\":\"Colorado Eye Institute\"},\"image\":{\"@id\":\"https:\/\/www.eyescolorado.com\/es\/#\/schema\/logo\/image\/\"}}]}<\/script>\n<!-- \/ Yoast SEO plugin. -->","yoast_head_json":{"title":"Dra. Kendra Weiler, O.D.","description":"Conozca a la Dra. Kendra Weiler, O.D. Kendra es optometrista en Colorado Eye Institute.","robots":{"index":"index","follow":"follow","max-snippet":"max-snippet:-1","max-image-preview":"max-image-preview:large","max-video-preview":"max-video-preview:-1"},"canonical":"https:\/\/www.eyescolorado.com\/es\/dra-kendra-weiler-o-d\/","og_locale":"es_ES","og_type":"article","og_title":"Dra. Kendra Weiler, O.D.","og_description":"Conozca a la Dra. Kendra Weiler, O.D. Kendra es optometrista en Colorado Eye Institute.","og_url":"https:\/\/www.eyescolorado.com\/es\/dra-kendra-weiler-o-d\/","og_site_name":"Colorado Eye Institute","article_modified_time":"2026-03-06T18:34:47+00:00","og_image":[{"url":"https:\/\/www.eyescolorado.com\/wp-content\/uploads\/2023\/09\/Weiler_1.jpg","type":"","width":"","height":""}],"twitter_card":"summary_large_image","twitter_title":"Dra. Kendra Weiler, O.D.","twitter_description":"Conozca a la Dra. Kendra Weiler, O.D. Kendra es optometrista en Colorado Eye Institute.","twitter_misc":{"Tiempo de lectura":"1 minuto"},"schema":{"@context":"https:\/\/schema.org","@graph":[{"@type":"WebPage","@id":"https:\/\/www.eyescolorado.com\/es\/dra-kendra-weiler-o-d\/","url":"https:\/\/www.eyescolorado.com\/es\/dra-kendra-weiler-o-d\/","name":"Dra. Kendra Weiler, O.D.","isPartOf":{"@id":"https:\/\/www.eyescolorado.com\/es\/#website"},"primaryImageOfPage":{"@id":"https:\/\/www.eyescolorado.com\/es\/dra-kendra-weiler-o-d\/#primaryimage"},"image":{"@id":"https:\/\/www.eyescolorado.com\/es\/dra-kendra-weiler-o-d\/#primaryimage"},"thumbnailUrl":"https:\/\/www.eyescolorado.com\/wp-content\/uploads\/2023\/09\/Weiler_1.jpg","datePublished":"2023-09-20T00:37:01+00:00","dateModified":"2026-03-06T18:34:47+00:00","description":"Conozca a la Dra. Kendra Weiler, O.D. Kendra es optometrista en Colorado Eye Institute.","breadcrumb":{"@id":"https:\/\/www.eyescolorado.com\/es\/dra-kendra-weiler-o-d\/#breadcrumb"},"inLanguage":"es","potentialAction":[{"@type":"ReadAction","target":["https:\/\/www.eyescolorado.com\/es\/dra-kendra-weiler-o-d\/"]}]},{"@type":"ImageObject","inLanguage":"es","@id":"https:\/\/www.eyescolorado.com\/es\/dra-kendra-weiler-o-d\/#primaryimage","url":"https:\/\/www.eyescolorado.com\/wp-content\/uploads\/2023\/09\/Weiler_1.jpg","contentUrl":"https:\/\/www.eyescolorado.com\/wp-content\/uploads\/2023\/09\/Weiler_1.jpg"},{"@type":"BreadcrumbList","@id":"https:\/\/www.eyescolorado.com\/es\/dra-kendra-weiler-o-d\/#breadcrumb","itemListElement":[{"@type":"ListItem","position":1,"name":"Home","item":"https:\/\/www.eyescolorado.com\/es\/inicio\/"},{"@type":"ListItem","position":2,"name":"Dra. Kendra Weiler, O.D."}]},{"@type":"WebSite","@id":"https:\/\/www.eyescolorado.com\/es\/#website","url":"https:\/\/www.eyescolorado.com\/es\/","name":"Colorado Eye Institute","description":"Eye Care in Colorado Springs","publisher":{"@id":"https:\/\/www.eyescolorado.com\/es\/#organization"},"potentialAction":[{"@type":"SearchAction","target":{"@type":"EntryPoint","urlTemplate":"https:\/\/www.eyescolorado.com\/es\/?s={search_term_string}"},"query-input":{"@type":"PropertyValueSpecification","valueRequired":true,"valueName":"search_term_string"}}],"inLanguage":"es"},{"@type":"Organization","@id":"https:\/\/www.eyescolorado.com\/es\/#organization","name":"Colorado Eye Institute","url":"https:\/\/www.eyescolorado.com\/es\/","logo":{"@type":"ImageObject","inLanguage":"es","@id":"https:\/\/www.eyescolorado.com\/es\/#\/schema\/logo\/image\/","url":"https:\/\/www.eyescolorado.com\/wp-content\/uploads\/2023\/09\/logo-in-color.png","contentUrl":"https:\/\/www.eyescolorado.com\/wp-content\/uploads\/2023\/09\/logo-in-color.png","width":2643,"height":468,"caption":"Colorado Eye Institute"},"image":{"@id":"https:\/\/www.eyescolorado.com\/es\/#\/schema\/logo\/image\/"}}]}},"_links":{"self":[{"href":"https:\/\/www.eyescolorado.com\/es\/wp-json\/wp\/v2\/pages\/6506","targetHints":{"allow":["GET"]}}],"collection":[{"href":"https:\/\/www.eyescolorado.com\/es\/wp-json\/wp\/v2\/pages"}],"about":[{"href":"https:\/\/www.eyescolorado.com\/es\/wp-json\/wp\/v2\/types\/page"}],"author":[{"embeddable":true,"href":"https:\/\/www.eyescolorado.com\/es\/wp-json\/wp\/v2\/users\/2"}],"replies":[{"embeddable":true,"href":"https:\/\/www.eyescolorado.com\/es\/wp-json\/wp\/v2\/comments?post=6506"}],"version-history":[{"count":1,"href":"https:\/\/www.eyescolorado.com\/es\/wp-json\/wp\/v2\/pages\/6506\/revisions"}],"predecessor-version":[{"id":6513,"href":"https:\/\/www.eyescolorado.com\/es\/wp-json\/wp\/v2\/pages\/6506\/revisions\/6513"}],"wp:attachment":[{"href":"https:\/\/www.eyescolorado.com\/es\/wp-json\/wp\/v2\/media?parent=6506"}],"curies":[{"name":"wp","href":"https:\/\/api.w.org\/{rel}","templated":true}]}}