{"id":6499,"date":"2023-09-20T00:04:11","date_gmt":"2023-09-20T00:04:11","guid":{"rendered":"https:\/\/www.eyescolorado.com\/dr-james-lee-m-d\/"},"modified":"2025-11-06T21:51:03","modified_gmt":"2025-11-06T21:51:03","slug":"dr-james-lee-m-d","status":"publish","type":"page","link":"https:\/\/www.eyescolorado.com\/es\/dr-james-lee-m-d\/","title":{"rendered":"Dr. James Lee, M.D."},"content":{"rendered":"\t\t<div data-elementor-type=\"wp-page\" data-elementor-id=\"6499\" class=\"elementor elementor-6499 elementor-1075\" data-elementor-post-type=\"page\">\n\t\t\t\t<div class=\"elementor-element elementor-element-a0ebe0a e-flex e-con-boxed e-con e-parent\" data-id=\"a0ebe0a\" data-element_type=\"container\" data-settings=\"{&quot;background_background&quot;:&quot;classic&quot;}\">\n\t\t\t\t\t<div class=\"e-con-inner\">\n\t\t<div class=\"elementor-element elementor-element-7d2578a e-con-full e-flex e-con e-child\" data-id=\"7d2578a\" data-element_type=\"container\">\n\t\t\t\t<div class=\"elementor-element elementor-element-45b2673 elementor-widget elementor-widget-heading\" data-id=\"45b2673\" data-element_type=\"widget\" data-widget_type=\"heading.default\">\n\t\t\t\t<div class=\"elementor-widget-container\">\n\t\t\t\t\t<h1 class=\"elementor-heading-title elementor-size-default\">Dr. James Lee, M.D.<\/h1>\t\t\t\t<\/div>\n\t\t\t\t<\/div>\n\t\t\t\t<\/div>\n\t\t\t\t\t<\/div>\n\t\t\t\t<\/div>\n\t\t<div class=\"elementor-element elementor-element-611b0cb e-flex e-con-boxed e-con e-parent\" data-id=\"611b0cb\" data-element_type=\"container\">\n\t\t\t\t\t<div class=\"e-con-inner\">\n\t\t<div class=\"elementor-element elementor-element-0ddacd9 e-con-full e-flex e-con e-child\" data-id=\"0ddacd9\" data-element_type=\"container\">\n\t\t<div class=\"elementor-element elementor-element-2278f72 e-con-full e-flex e-con e-child\" data-id=\"2278f72\" data-element_type=\"container\" data-settings=\"{&quot;background_background&quot;:&quot;classic&quot;}\">\n\t\t<div class=\"elementor-element elementor-element-c8b1c3c e-con-full e-flex e-con e-child\" data-id=\"c8b1c3c\" data-element_type=\"container\">\n\t\t\t\t<div class=\"elementor-element elementor-element-2b68e78 elementor-widget elementor-widget-heading\" data-id=\"2b68e78\" data-element_type=\"widget\" data-widget_type=\"heading.default\">\n\t\t\t\t<div class=\"elementor-widget-container\">\n\t\t\t\t\t<h6 class=\"elementor-heading-title elementor-size-default\">Conozca al Dr. Lee<\/h6>\t\t\t\t<\/div>\n\t\t\t\t<\/div>\n\t\t\t\t<div class=\"elementor-element elementor-element-67802b0 elementor-widget elementor-widget-heading\" data-id=\"67802b0\" data-element_type=\"widget\" data-widget_type=\"heading.default\">\n\t\t\t\t<div class=\"elementor-widget-container\">\n\t\t\t\t\t<h6 class=\"elementor-heading-title elementor-size-default\">Oftalm\u00f3logo y especialista en c\u00f3rnea<\/h6>\t\t\t\t<\/div>\n\t\t\t\t<\/div>\n\t\t\t\t<\/div>\n\t\t\t\t<\/div>\n\t\t<div class=\"elementor-element elementor-element-97a5dd2 e-con-full e-flex e-con e-child\" data-id=\"97a5dd2\" data-element_type=\"container\">\n\t\t<div class=\"elementor-element elementor-element-8f786ed e-con-full e-flex e-con e-child\" data-id=\"8f786ed\" data-element_type=\"container\">\n\t\t\t\t<div class=\"elementor-element elementor-element-768f2f5 elementor-widget__width-initial elementor-widget elementor-widget-image\" data-id=\"768f2f5\" data-element_type=\"widget\" data-widget_type=\"image.default\">\n\t\t\t\t<div class=\"elementor-widget-container\">\n\t\t\t\t\t\t\t\t\t\t\t\t\t\t\t<img fetchpriority=\"high\" decoding=\"async\" width=\"1067\" height=\"1600\" src=\"https:\/\/www.eyescolorado.com\/wp-content\/uploads\/2023\/09\/Lee_1.jpg\" class=\"attachment-full size-full wp-image-6501\" alt=\"\" srcset=\"https:\/\/www.eyescolorado.com\/wp-content\/uploads\/2023\/09\/Lee_1.jpg 1067w, https:\/\/www.eyescolorado.com\/wp-content\/uploads\/2023\/09\/Lee_1-200x300.jpg 200w, https:\/\/www.eyescolorado.com\/wp-content\/uploads\/2023\/09\/Lee_1-683x1024.jpg 683w, https:\/\/www.eyescolorado.com\/wp-content\/uploads\/2023\/09\/Lee_1-768x1152.jpg 768w, https:\/\/www.eyescolorado.com\/wp-content\/uploads\/2023\/09\/Lee_1-1024x1536.jpg 1024w\" sizes=\"(max-width: 1067px) 100vw, 1067px\" \/>\t\t\t\t\t\t\t\t\t\t\t\t\t\t\t<\/div>\n\t\t\t\t<\/div>\n\t\t\t\t<\/div>\n\t\t<div class=\"elementor-element elementor-element-1a4fc52 e-flex e-con-boxed e-con e-child\" data-id=\"1a4fc52\" data-element_type=\"container\">\n\t\t\t\t\t<div class=\"e-con-inner\">\n\t\t\t\t<div class=\"elementor-element elementor-element-9d93b0f elementor-widget elementor-widget-heading\" data-id=\"9d93b0f\" data-element_type=\"widget\" data-widget_type=\"heading.default\">\n\t\t\t\t<div class=\"elementor-widget-container\">\n\t\t\t\t\t<h2 class=\"elementor-heading-title elementor-size-default\">Formaci\u00f3n acad\u00e9mica<\/h2>\t\t\t\t<\/div>\n\t\t\t\t<\/div>\n\t\t\t\t<div class=\"elementor-element elementor-element-4701290 elementor-widget elementor-widget-text-editor\" data-id=\"4701290\" data-element_type=\"widget\" data-widget_type=\"text-editor.default\">\n\t\t\t\t<div class=\"elementor-widget-container\">\n\t\t\t\t\t\t\t\t\t<ul><li>Licenciatura en Bioqu\u00edmica por la Universidad Johns Hopkins<\/li><li>Doctor en Medicina por la Universidad de Illinois<\/li><li>Internado en medicina interna en la Universidad de Loyola y oftalmolog\u00eda<\/li><li>Residencia en oftalmolog\u00eda en el John H. Stroger, Jr. Hospital del condado de Cook <\/li><li>Fellowship en c\u00f3rnea, enfermedades externas y cirug\u00eda refractiva en la Universidad de Arizona<\/li><\/ul>\t\t\t\t\t\t\t\t<\/div>\n\t\t\t\t<\/div>\n\t\t\t\t<div class=\"elementor-element elementor-element-b4854aa elementor-widget elementor-widget-heading\" data-id=\"b4854aa\" data-element_type=\"widget\" data-widget_type=\"heading.default\">\n\t\t\t\t<div class=\"elementor-widget-container\">\n\t\t\t\t\t<h2 class=\"elementor-heading-title elementor-size-default\">Acreditaci\u00f3n<\/h2>\t\t\t\t<\/div>\n\t\t\t\t<\/div>\n\t\t\t\t<div class=\"elementor-element elementor-element-7d27e35 elementor-widget elementor-widget-text-editor\" data-id=\"7d27e35\" data-element_type=\"widget\" data-widget_type=\"text-editor.default\">\n\t\t\t\t<div class=\"elementor-widget-container\">\n\t\t\t\t\t\t\t\t\t<ul><li>Certificado por el Consejo Estadounidense de Oftalmolog\u00eda<\/li><\/ul>\t\t\t\t\t\t\t\t<\/div>\n\t\t\t\t<\/div>\n\t\t\t\t<div class=\"elementor-element elementor-element-76a2356 elementor-widget elementor-widget-heading\" data-id=\"76a2356\" data-element_type=\"widget\" data-widget_type=\"heading.default\">\n\t\t\t\t<div class=\"elementor-widget-container\">\n\t\t\t\t\t<h2 class=\"elementor-heading-title elementor-size-default\">Afiliaciones<\/h2>\t\t\t\t<\/div>\n\t\t\t\t<\/div>\n\t\t\t\t<div class=\"elementor-element elementor-element-8cc56e6 elementor-widget elementor-widget-text-editor\" data-id=\"8cc56e6\" data-element_type=\"widget\" data-widget_type=\"text-editor.default\">\n\t\t\t\t<div class=\"elementor-widget-container\">\n\t\t\t\t\t\t\t\t\t<ul><li>Miembro de la Academia Americana de Oftalmolog\u00eda<\/li><li>Miembro de la Sociedad Americana de Cirug\u00eda de Cataratas y Refractiva<\/li><li>Miembro de la Sociedad de M\u00e9dicos y Cirujanos Oculares de Colorado<\/li><\/ul>\t\t\t\t\t\t\t\t<\/div>\n\t\t\t\t<\/div>\n\t\t\t\t<div class=\"elementor-element elementor-element-239de84 elementor-widget elementor-widget-heading\" data-id=\"239de84\" data-element_type=\"widget\" data-widget_type=\"heading.default\">\n\t\t\t\t<div class=\"elementor-widget-container\">\n\t\t\t\t\t<h2 class=\"elementor-heading-title elementor-size-default\">Distinciones<\/h2>\t\t\t\t<\/div>\n\t\t\t\t<\/div>\n\t\t\t\t<div class=\"elementor-element elementor-element-44af974 elementor-widget elementor-widget-text-editor\" data-id=\"44af974\" data-element_type=\"widget\" data-widget_type=\"text-editor.default\">\n\t\t\t\t<div class=\"elementor-widget-container\">\n\t\t\t\t\t\t\t\t\t<ul><li>Autor de m\u00faltiples art\u00edculos relacionados con enfermedades infecciosas, cirug\u00eda refractiva y biolog\u00eda molecular seleccionados para su publicaci\u00f3n.<\/li><li>Obtuvo el primer puesto en el estado de Illinois y luego represent\u00f3 a Illinois en el Simposio Nacional de Investigaci\u00f3n Acad\u00e9mica.<\/li><li>Primer oftalm\u00f3logo en Colorado en colocar la lente Panoptix, sirviendo como pionero de las nuevas tecnolog\u00edas a medida que est\u00e1n disponibles para los pacientes.<\/li><li>Uno de los primeros oftalm\u00f3logos en Colorado en colocar el XEN<sup>\u00ae<\/sup> Gel Stent.<\/li><\/ul>\t\t\t\t\t\t\t\t<\/div>\n\t\t\t\t<\/div>\n\t\t\t\t<div class=\"elementor-element elementor-element-36799da elementor-widget elementor-widget-heading\" data-id=\"36799da\" data-element_type=\"widget\" data-widget_type=\"heading.default\">\n\t\t\t\t<div class=\"elementor-widget-container\">\n\t\t\t\t\t<h2 class=\"elementor-heading-title elementor-size-default\">Especializaciones<\/h2>\t\t\t\t<\/div>\n\t\t\t\t<\/div>\n\t\t\t\t<div class=\"elementor-element elementor-element-0aa7f92 elementor-widget elementor-widget-text-editor\" data-id=\"0aa7f92\" data-element_type=\"widget\" data-widget_type=\"text-editor.default\">\n\t\t\t\t<div class=\"elementor-widget-container\">\n\t\t\t\t\t\t\t\t\t<ul>\n<li>Oftalmolog\u00eda integral<\/li>\n<li>Cirug\u00eda de cataratas<\/li>\n<li>LASIK<\/li>\n<li>Queratocono<\/li>\n<li>Enfermedades corneales y externas de los ojos<\/li>\n<li>Trasplantes de c\u00f3rnea<\/li>\n<li>Queratoplastia endotelial con extracci\u00f3n de la membrana de Descemet, Queratoplastia endotelial con membrana de Descemet (t\u00e9cnicas de trasplante de c\u00f3rnea que son las formas preferidas para restaurar la visi\u00f3n cuando la capa celular interna de la c\u00f3rnea deja de funcionar correctamente) y procedimientos asistidos por l\u00e1ser<\/li>\n<\/ul>\t\t\t\t\t\t\t\t<\/div>\n\t\t\t\t<\/div>\n\t\t\t\t<div class=\"elementor-element elementor-element-cbdcf0c elementor-widget elementor-widget-heading\" data-id=\"cbdcf0c\" data-element_type=\"widget\" data-widget_type=\"heading.default\">\n\t\t\t\t<div class=\"elementor-widget-container\">\n\t\t\t\t\t<h2 class=\"elementor-heading-title elementor-size-default\">Seguros aceptados<\/h2>\t\t\t\t<\/div>\n\t\t\t\t<\/div>\n\t\t\t\t<div class=\"elementor-element elementor-element-98ffa0c elementor-widget elementor-widget-text-editor\" data-id=\"98ffa0c\" data-element_type=\"widget\" data-widget_type=\"text-editor.default\">\n\t\t\t\t<div class=\"elementor-widget-container\">\n\t\t\t\t\t\t\t\t\t<ul><li>AARP Medicare Complete<\/li><li>Aetna<\/li><li>Aetna Medicare Advantage<\/li><li>Blue Cross Blue Shield<\/li><li>Bright Health Plan<\/li><li>Champ V.A.<\/li><li>Cigna<\/li><li>Colorado Health<\/li><li>Cofinity<\/li><li>Departamento de Asuntos de los Veteranos<\/li><li>EBMS<\/li><li>Friday Health Plans<\/li><li>Geha<\/li><li>Healthnet Veterans Choice<\/li><li>Humana<\/li><li>Humana Gold Plus<\/li><li>Kaiser<\/li><li>Kaiser Senior<\/li><li>Medicaid<\/li><li>Medicare<\/li><li>Medicare para ferrocarriles<\/li><li>Rocky Mountain Health Plan<\/li><li>Tricare de por vida<\/li><li>Tricare Prime<\/li><li>Tricare Select<\/li><li>United Healthcare<\/li><li>UMR<\/li><li><em>[Esta no es una lista completa. P\u00f3ngase en contacto con la oficina para preguntar sobre la cobertura de su plan.]<\/em><\/li><\/ul>\t\t\t\t\t\t\t\t<\/div>\n\t\t\t\t<\/div>\n\t\t\t\t\t<\/div>\n\t\t\t\t<\/div>\n\t\t\t\t<\/div>\n\t\t\t\t<\/div>\n\t\t\t\t\t<\/div>\n\t\t\t\t<\/div>\n\t\t\t\t<\/div>\n\t\t","protected":false},"excerpt":{"rendered":"<p>Dr. James Lee, M.D. Conozca al Dr. Lee Oftalm\u00f3logo y especialista en c\u00f3rnea Formaci\u00f3n acad\u00e9mica Licenciatura en Bioqu\u00edmica por la Universidad Johns Hopkins Doctor en Medicina por la Universidad de Illinois Internado en medicina interna en la Universidad de Loyola y oftalmolog\u00eda Residencia en oftalmolog\u00eda en el John H. Stroger, Jr. Hospital del condado de [&hellip;]<\/p>\n","protected":false},"author":2,"featured_media":0,"parent":0,"menu_order":0,"comment_status":"closed","ping_status":"closed","template":"elementor_canvas","meta":{"footnotes":""},"class_list":["post-6499","page","type-page","status-publish","hentry"],"yoast_head":"<!-- This site is optimized with the Yoast SEO plugin v25.4 - https:\/\/yoast.com\/wordpress\/plugins\/seo\/ -->\n<title>Dr. James Lee, M.D.<\/title>\n<meta name=\"description\" content=\"Conozca al Dr. James Lee, oftalm\u00f3logo y especialista en c\u00f3rnea en el Colorado Eye Institute.\" \/>\n<meta name=\"robots\" content=\"index, follow, max-snippet:-1, max-image-preview:large, max-video-preview:-1\" \/>\n<link rel=\"canonical\" href=\"https:\/\/www.eyescolorado.com\/es\/dr-james-lee-m-d\/\" \/>\n<meta property=\"og:locale\" content=\"es_ES\" \/>\n<meta property=\"og:type\" content=\"article\" \/>\n<meta property=\"og:title\" content=\"Dr. James Lee, M.D.\" \/>\n<meta property=\"og:description\" content=\"Conozca al Dr. James Lee, oftalm\u00f3logo y especialista en c\u00f3rnea en el Colorado Eye Institute.\" \/>\n<meta property=\"og:url\" content=\"https:\/\/www.eyescolorado.com\/es\/dr-james-lee-m-d\/\" \/>\n<meta property=\"og:site_name\" content=\"Colorado Eye Institute\" \/>\n<meta property=\"article:modified_time\" content=\"2025-11-06T21:51:03+00:00\" \/>\n<meta property=\"og:image\" content=\"https:\/\/www.eyescolorado.com\/wp-content\/uploads\/2023\/09\/Lee_1.jpg\" \/>\n\t<meta property=\"og:image:width\" content=\"1067\" \/>\n\t<meta property=\"og:image:height\" content=\"1600\" \/>\n\t<meta property=\"og:image:type\" content=\"image\/jpeg\" \/>\n<meta name=\"twitter:card\" content=\"summary_large_image\" \/>\n<meta name=\"twitter:label1\" content=\"Tiempo de lectura\" \/>\n\t<meta name=\"twitter:data1\" content=\"2 minutos\" \/>\n<script type=\"application\/ld+json\" class=\"yoast-schema-graph\">{\"@context\":\"https:\/\/schema.org\",\"@graph\":[{\"@type\":\"WebPage\",\"@id\":\"https:\/\/www.eyescolorado.com\/es\/dr-james-lee-m-d\/\",\"url\":\"https:\/\/www.eyescolorado.com\/es\/dr-james-lee-m-d\/\",\"name\":\"Dr. James Lee, M.D.\",\"isPartOf\":{\"@id\":\"https:\/\/www.eyescolorado.com\/es\/#website\"},\"primaryImageOfPage\":{\"@id\":\"https:\/\/www.eyescolorado.com\/es\/dr-james-lee-m-d\/#primaryimage\"},\"image\":{\"@id\":\"https:\/\/www.eyescolorado.com\/es\/dr-james-lee-m-d\/#primaryimage\"},\"thumbnailUrl\":\"https:\/\/www.eyescolorado.com\/wp-content\/uploads\/2023\/09\/Lee_1.jpg\",\"datePublished\":\"2023-09-20T00:04:11+00:00\",\"dateModified\":\"2025-11-06T21:51:03+00:00\",\"description\":\"Conozca al Dr. James Lee, oftalm\u00f3logo y especialista en c\u00f3rnea en el Colorado Eye Institute.\",\"breadcrumb\":{\"@id\":\"https:\/\/www.eyescolorado.com\/es\/dr-james-lee-m-d\/#breadcrumb\"},\"inLanguage\":\"es\",\"potentialAction\":[{\"@type\":\"ReadAction\",\"target\":[\"https:\/\/www.eyescolorado.com\/es\/dr-james-lee-m-d\/\"]}]},{\"@type\":\"ImageObject\",\"inLanguage\":\"es\",\"@id\":\"https:\/\/www.eyescolorado.com\/es\/dr-james-lee-m-d\/#primaryimage\",\"url\":\"https:\/\/www.eyescolorado.com\/wp-content\/uploads\/2023\/09\/Lee_1.jpg\",\"contentUrl\":\"https:\/\/www.eyescolorado.com\/wp-content\/uploads\/2023\/09\/Lee_1.jpg\"},{\"@type\":\"BreadcrumbList\",\"@id\":\"https:\/\/www.eyescolorado.com\/es\/dr-james-lee-m-d\/#breadcrumb\",\"itemListElement\":[{\"@type\":\"ListItem\",\"position\":1,\"name\":\"Home\",\"item\":\"https:\/\/www.eyescolorado.com\/es\/inicio\/\"},{\"@type\":\"ListItem\",\"position\":2,\"name\":\"Dr. James Lee, M.D.\"}]},{\"@type\":\"WebSite\",\"@id\":\"https:\/\/www.eyescolorado.com\/es\/#website\",\"url\":\"https:\/\/www.eyescolorado.com\/es\/\",\"name\":\"Colorado Eye Institute\",\"description\":\"Eye Care in Colorado Springs\",\"publisher\":{\"@id\":\"https:\/\/www.eyescolorado.com\/es\/#organization\"},\"potentialAction\":[{\"@type\":\"SearchAction\",\"target\":{\"@type\":\"EntryPoint\",\"urlTemplate\":\"https:\/\/www.eyescolorado.com\/es\/?s={search_term_string}\"},\"query-input\":{\"@type\":\"PropertyValueSpecification\",\"valueRequired\":true,\"valueName\":\"search_term_string\"}}],\"inLanguage\":\"es\"},{\"@type\":\"Organization\",\"@id\":\"https:\/\/www.eyescolorado.com\/es\/#organization\",\"name\":\"Colorado Eye Institute\",\"url\":\"https:\/\/www.eyescolorado.com\/es\/\",\"logo\":{\"@type\":\"ImageObject\",\"inLanguage\":\"es\",\"@id\":\"https:\/\/www.eyescolorado.com\/es\/#\/schema\/logo\/image\/\",\"url\":\"https:\/\/www.eyescolorado.com\/wp-content\/uploads\/2023\/09\/logo-in-color.png\",\"contentUrl\":\"https:\/\/www.eyescolorado.com\/wp-content\/uploads\/2023\/09\/logo-in-color.png\",\"width\":2643,\"height\":468,\"caption\":\"Colorado Eye Institute\"},\"image\":{\"@id\":\"https:\/\/www.eyescolorado.com\/es\/#\/schema\/logo\/image\/\"}}]}<\/script>\n<!-- \/ Yoast SEO plugin. -->","yoast_head_json":{"title":"Dr. James Lee, M.D.","description":"Conozca al Dr. James Lee, oftalm\u00f3logo y especialista en c\u00f3rnea en el Colorado Eye Institute.","robots":{"index":"index","follow":"follow","max-snippet":"max-snippet:-1","max-image-preview":"max-image-preview:large","max-video-preview":"max-video-preview:-1"},"canonical":"https:\/\/www.eyescolorado.com\/es\/dr-james-lee-m-d\/","og_locale":"es_ES","og_type":"article","og_title":"Dr. James Lee, M.D.","og_description":"Conozca al Dr. James Lee, oftalm\u00f3logo y especialista en c\u00f3rnea en el Colorado Eye Institute.","og_url":"https:\/\/www.eyescolorado.com\/es\/dr-james-lee-m-d\/","og_site_name":"Colorado Eye Institute","article_modified_time":"2025-11-06T21:51:03+00:00","og_image":[{"width":1067,"height":1600,"url":"https:\/\/www.eyescolorado.com\/wp-content\/uploads\/2023\/09\/Lee_1.jpg","type":"image\/jpeg"}],"twitter_card":"summary_large_image","twitter_misc":{"Tiempo de lectura":"2 minutos"},"schema":{"@context":"https:\/\/schema.org","@graph":[{"@type":"WebPage","@id":"https:\/\/www.eyescolorado.com\/es\/dr-james-lee-m-d\/","url":"https:\/\/www.eyescolorado.com\/es\/dr-james-lee-m-d\/","name":"Dr. James Lee, M.D.","isPartOf":{"@id":"https:\/\/www.eyescolorado.com\/es\/#website"},"primaryImageOfPage":{"@id":"https:\/\/www.eyescolorado.com\/es\/dr-james-lee-m-d\/#primaryimage"},"image":{"@id":"https:\/\/www.eyescolorado.com\/es\/dr-james-lee-m-d\/#primaryimage"},"thumbnailUrl":"https:\/\/www.eyescolorado.com\/wp-content\/uploads\/2023\/09\/Lee_1.jpg","datePublished":"2023-09-20T00:04:11+00:00","dateModified":"2025-11-06T21:51:03+00:00","description":"Conozca al Dr. James Lee, oftalm\u00f3logo y especialista en c\u00f3rnea en el Colorado Eye Institute.","breadcrumb":{"@id":"https:\/\/www.eyescolorado.com\/es\/dr-james-lee-m-d\/#breadcrumb"},"inLanguage":"es","potentialAction":[{"@type":"ReadAction","target":["https:\/\/www.eyescolorado.com\/es\/dr-james-lee-m-d\/"]}]},{"@type":"ImageObject","inLanguage":"es","@id":"https:\/\/www.eyescolorado.com\/es\/dr-james-lee-m-d\/#primaryimage","url":"https:\/\/www.eyescolorado.com\/wp-content\/uploads\/2023\/09\/Lee_1.jpg","contentUrl":"https:\/\/www.eyescolorado.com\/wp-content\/uploads\/2023\/09\/Lee_1.jpg"},{"@type":"BreadcrumbList","@id":"https:\/\/www.eyescolorado.com\/es\/dr-james-lee-m-d\/#breadcrumb","itemListElement":[{"@type":"ListItem","position":1,"name":"Home","item":"https:\/\/www.eyescolorado.com\/es\/inicio\/"},{"@type":"ListItem","position":2,"name":"Dr. James Lee, M.D."}]},{"@type":"WebSite","@id":"https:\/\/www.eyescolorado.com\/es\/#website","url":"https:\/\/www.eyescolorado.com\/es\/","name":"Colorado Eye Institute","description":"Eye Care in Colorado Springs","publisher":{"@id":"https:\/\/www.eyescolorado.com\/es\/#organization"},"potentialAction":[{"@type":"SearchAction","target":{"@type":"EntryPoint","urlTemplate":"https:\/\/www.eyescolorado.com\/es\/?s={search_term_string}"},"query-input":{"@type":"PropertyValueSpecification","valueRequired":true,"valueName":"search_term_string"}}],"inLanguage":"es"},{"@type":"Organization","@id":"https:\/\/www.eyescolorado.com\/es\/#organization","name":"Colorado Eye Institute","url":"https:\/\/www.eyescolorado.com\/es\/","logo":{"@type":"ImageObject","inLanguage":"es","@id":"https:\/\/www.eyescolorado.com\/es\/#\/schema\/logo\/image\/","url":"https:\/\/www.eyescolorado.com\/wp-content\/uploads\/2023\/09\/logo-in-color.png","contentUrl":"https:\/\/www.eyescolorado.com\/wp-content\/uploads\/2023\/09\/logo-in-color.png","width":2643,"height":468,"caption":"Colorado Eye Institute"},"image":{"@id":"https:\/\/www.eyescolorado.com\/es\/#\/schema\/logo\/image\/"}}]}},"_links":{"self":[{"href":"https:\/\/www.eyescolorado.com\/es\/wp-json\/wp\/v2\/pages\/6499","targetHints":{"allow":["GET"]}}],"collection":[{"href":"https:\/\/www.eyescolorado.com\/es\/wp-json\/wp\/v2\/pages"}],"about":[{"href":"https:\/\/www.eyescolorado.com\/es\/wp-json\/wp\/v2\/types\/page"}],"author":[{"embeddable":true,"href":"https:\/\/www.eyescolorado.com\/es\/wp-json\/wp\/v2\/users\/2"}],"replies":[{"embeddable":true,"href":"https:\/\/www.eyescolorado.com\/es\/wp-json\/wp\/v2\/comments?post=6499"}],"version-history":[{"count":1,"href":"https:\/\/www.eyescolorado.com\/es\/wp-json\/wp\/v2\/pages\/6499\/revisions"}],"predecessor-version":[{"id":6504,"href":"https:\/\/www.eyescolorado.com\/es\/wp-json\/wp\/v2\/pages\/6499\/revisions\/6504"}],"wp:attachment":[{"href":"https:\/\/www.eyescolorado.com\/es\/wp-json\/wp\/v2\/media?parent=6499"}],"curies":[{"name":"wp","href":"https:\/\/api.w.org\/{rel}","templated":true}]}}