{"id":6494,"date":"2025-10-01T17:22:39","date_gmt":"2025-10-01T17:22:39","guid":{"rendered":"https:\/\/www.eyescolorado.com\/dr-kevin-may-m-d\/"},"modified":"2025-11-06T21:50:35","modified_gmt":"2025-11-06T21:50:35","slug":"dr-kevin-may-m-d","status":"publish","type":"page","link":"https:\/\/www.eyescolorado.com\/es\/dr-kevin-may-m-d\/","title":{"rendered":"Dr. Kevin May, M.D."},"content":{"rendered":"\t\t<div data-elementor-type=\"wp-page\" data-elementor-id=\"6494\" class=\"elementor elementor-6494 elementor-6377\" data-elementor-post-type=\"page\">\n\t\t\t\t<div class=\"elementor-element elementor-element-d4390dd e-flex e-con-boxed e-con e-parent\" data-id=\"d4390dd\" data-element_type=\"container\" data-settings=\"{&quot;background_background&quot;:&quot;classic&quot;}\">\n\t\t\t\t\t<div class=\"e-con-inner\">\n\t\t<div class=\"elementor-element elementor-element-08937f5 e-con-full e-flex e-con e-child\" data-id=\"08937f5\" data-element_type=\"container\">\n\t\t\t\t<div class=\"elementor-element elementor-element-55b3bb1 elementor-widget elementor-widget-heading\" data-id=\"55b3bb1\" data-element_type=\"widget\" data-widget_type=\"heading.default\">\n\t\t\t\t<div class=\"elementor-widget-container\">\n\t\t\t\t\t<h1 class=\"elementor-heading-title elementor-size-default\">Dr. Kevin May, M.D.<\/h1>\t\t\t\t<\/div>\n\t\t\t\t<\/div>\n\t\t\t\t<\/div>\n\t\t\t\t\t<\/div>\n\t\t\t\t<\/div>\n\t\t<div class=\"elementor-element elementor-element-f667df6 e-flex e-con-boxed e-con e-parent\" data-id=\"f667df6\" data-element_type=\"container\">\n\t\t\t\t\t<div class=\"e-con-inner\">\n\t\t<div class=\"elementor-element elementor-element-052c1fc e-con-full e-flex e-con e-child\" data-id=\"052c1fc\" data-element_type=\"container\">\n\t\t<div class=\"elementor-element elementor-element-bb0a0e9 e-con-full e-flex e-con e-child\" data-id=\"bb0a0e9\" data-element_type=\"container\" data-settings=\"{&quot;background_background&quot;:&quot;classic&quot;}\">\n\t\t<div class=\"elementor-element elementor-element-4cec05e e-con-full e-flex e-con e-child\" data-id=\"4cec05e\" data-element_type=\"container\">\n\t\t\t\t<div class=\"elementor-element elementor-element-4c66a97 elementor-widget elementor-widget-heading\" data-id=\"4c66a97\" data-element_type=\"widget\" data-widget_type=\"heading.default\">\n\t\t\t\t<div class=\"elementor-widget-container\">\n\t\t\t\t\t<h6 class=\"elementor-heading-title elementor-size-default\">Conozca al Dr. May<\/h6>\t\t\t\t<\/div>\n\t\t\t\t<\/div>\n\t\t\t\t<div class=\"elementor-element elementor-element-5890dab elementor-widget elementor-widget-heading\" data-id=\"5890dab\" data-element_type=\"widget\" data-widget_type=\"heading.default\">\n\t\t\t\t<div class=\"elementor-widget-container\">\n\t\t\t\t\t<h6 class=\"elementor-heading-title elementor-size-default\">Oftalm\u00f3logo integral<\/h6>\t\t\t\t<\/div>\n\t\t\t\t<\/div>\n\t\t\t\t<\/div>\n\t\t\t\t<\/div>\n\t\t<div class=\"elementor-element elementor-element-a2e1198 e-con-full e-flex e-con e-child\" data-id=\"a2e1198\" data-element_type=\"container\">\n\t\t<div class=\"elementor-element elementor-element-bfd01c6 e-con-full e-flex e-con e-child\" data-id=\"bfd01c6\" data-element_type=\"container\">\n\t\t\t\t<div class=\"elementor-element elementor-element-e9042de elementor-widget__width-initial elementor-widget elementor-widget-image\" data-id=\"e9042de\" data-element_type=\"widget\" data-widget_type=\"image.default\">\n\t\t\t\t<div class=\"elementor-widget-container\">\n\t\t\t\t\t\t\t\t\t\t\t\t\t\t\t<img fetchpriority=\"high\" decoding=\"async\" width=\"1023\" height=\"1283\" src=\"https:\/\/www.eyescolorado.com\/wp-content\/uploads\/2025\/10\/Dr.-May-Headshot.jpg\" class=\"attachment-full size-full wp-image-6495\" alt=\"\" srcset=\"https:\/\/www.eyescolorado.com\/wp-content\/uploads\/2025\/10\/Dr.-May-Headshot.jpg 1023w, https:\/\/www.eyescolorado.com\/wp-content\/uploads\/2025\/10\/Dr.-May-Headshot-239x300.jpg 239w, https:\/\/www.eyescolorado.com\/wp-content\/uploads\/2025\/10\/Dr.-May-Headshot-816x1024.jpg 816w, https:\/\/www.eyescolorado.com\/wp-content\/uploads\/2025\/10\/Dr.-May-Headshot-768x963.jpg 768w\" sizes=\"(max-width: 1023px) 100vw, 1023px\" \/>\t\t\t\t\t\t\t\t\t\t\t\t\t\t\t<\/div>\n\t\t\t\t<\/div>\n\t\t\t\t<\/div>\n\t\t<div class=\"elementor-element elementor-element-13cfa78 e-flex e-con-boxed e-con e-child\" data-id=\"13cfa78\" data-element_type=\"container\">\n\t\t\t\t\t<div class=\"e-con-inner\">\n\t\t\t\t<div class=\"elementor-element elementor-element-37fd9f1 elementor-widget elementor-widget-heading\" data-id=\"37fd9f1\" data-element_type=\"widget\" data-widget_type=\"heading.default\">\n\t\t\t\t<div class=\"elementor-widget-container\">\n\t\t\t\t\t<h2 class=\"elementor-heading-title elementor-size-default\">Formaci\u00f3n acad\u00e9mica<\/h2>\t\t\t\t<\/div>\n\t\t\t\t<\/div>\n\t\t\t\t<div class=\"elementor-element elementor-element-97ce6b6 elementor-widget elementor-widget-text-editor\" data-id=\"97ce6b6\" data-element_type=\"widget\" data-widget_type=\"text-editor.default\">\n\t\t\t\t<div class=\"elementor-widget-container\">\n\t\t\t\t\t\t\t\t\t<ul><li>Licenciatura en Bioqu\u00edmica, Magna Cum Laude de la Universidad Estatal de Nueva York en Geneseo<\/li><li>Doctor en Medicina del Centro de Ciencias de la Salud de la Universidad Estatal de Nueva York en Brooklyn<\/li><li>Internado en el Centro M\u00e9dico de la Universidad de Tennessee en Knoxville<\/li><li>Residencia de oftalmolog\u00eda en el Centro M\u00e9dico de la Universidad de Cincinnati<\/li><\/ul>\t\t\t\t\t\t\t\t<\/div>\n\t\t\t\t<\/div>\n\t\t\t\t<div class=\"elementor-element elementor-element-fc52e6b elementor-widget elementor-widget-heading\" data-id=\"fc52e6b\" data-element_type=\"widget\" data-widget_type=\"heading.default\">\n\t\t\t\t<div class=\"elementor-widget-container\">\n\t\t\t\t\t<h2 class=\"elementor-heading-title elementor-size-default\">Acreditaci\u00f3n<\/h2>\t\t\t\t<\/div>\n\t\t\t\t<\/div>\n\t\t\t\t<div class=\"elementor-element elementor-element-5364ec7 elementor-widget elementor-widget-text-editor\" data-id=\"5364ec7\" data-element_type=\"widget\" data-widget_type=\"text-editor.default\">\n\t\t\t\t<div class=\"elementor-widget-container\">\n\t\t\t\t\t\t\t\t\t<ul><li>Certificado por el Consejo Estadounidense de Oftalmolog\u00eda<\/li><\/ul>\t\t\t\t\t\t\t\t<\/div>\n\t\t\t\t<\/div>\n\t\t\t\t<div class=\"elementor-element elementor-element-4487c7d elementor-widget elementor-widget-heading\" data-id=\"4487c7d\" data-element_type=\"widget\" data-widget_type=\"heading.default\">\n\t\t\t\t<div class=\"elementor-widget-container\">\n\t\t\t\t\t<h2 class=\"elementor-heading-title elementor-size-default\">Afiliaciones<\/h2>\t\t\t\t<\/div>\n\t\t\t\t<\/div>\n\t\t\t\t<div class=\"elementor-element elementor-element-eadf87f elementor-widget elementor-widget-text-editor\" data-id=\"eadf87f\" data-element_type=\"widget\" data-widget_type=\"text-editor.default\">\n\t\t\t\t<div class=\"elementor-widget-container\">\n\t\t\t\t\t\t\t\t\t<ul><li>Academia Estadounidense de Oftalmolog\u00eda<\/li><li>Sociedad Estadounidense de Cirug\u00eda de Cataratas y Refractiva<\/li><\/ul>\t\t\t\t\t\t\t\t<\/div>\n\t\t\t\t<\/div>\n\t\t\t\t<div class=\"elementor-element elementor-element-ae12940 elementor-widget elementor-widget-heading\" data-id=\"ae12940\" data-element_type=\"widget\" data-widget_type=\"heading.default\">\n\t\t\t\t<div class=\"elementor-widget-container\">\n\t\t\t\t\t<h2 class=\"elementor-heading-title elementor-size-default\">Distinciones<\/h2>\t\t\t\t<\/div>\n\t\t\t\t<\/div>\n\t\t\t\t<div class=\"elementor-element elementor-element-628eaa4 elementor-widget elementor-widget-text-editor\" data-id=\"628eaa4\" data-element_type=\"widget\" data-widget_type=\"text-editor.default\">\n\t\t\t\t<div class=\"elementor-widget-container\">\n\t\t\t\t\t\t\t\t\t<ul><li>Sociedad m\u00e9dica honoraria Alpha Omega Alpha<\/li><li>Beca para ex alumnos de Geneseo por logros acad\u00e9micos<\/li><li>Beca de investigaci\u00f3n en biolog\u00eda molecular de la Fundaci\u00f3n Nacional de Ciencias<br>pacientes.<\/li><\/ul>\t\t\t\t\t\t\t\t<\/div>\n\t\t\t\t<\/div>\n\t\t\t\t<div class=\"elementor-element elementor-element-568a133 elementor-widget elementor-widget-heading\" data-id=\"568a133\" data-element_type=\"widget\" data-widget_type=\"heading.default\">\n\t\t\t\t<div class=\"elementor-widget-container\">\n\t\t\t\t\t<h2 class=\"elementor-heading-title elementor-size-default\">Especializaciones<\/h2>\t\t\t\t<\/div>\n\t\t\t\t<\/div>\n\t\t\t\t<div class=\"elementor-element elementor-element-311b6a0 elementor-widget elementor-widget-text-editor\" data-id=\"311b6a0\" data-element_type=\"widget\" data-widget_type=\"text-editor.default\">\n\t\t\t\t<div class=\"elementor-widget-container\">\n\t\t\t\t\t\t\t\t\t<ul><li>Oftalmolog\u00eda integral<\/li><li>Cirug\u00eda refractiva de cataratas<\/li><li>Diabetes y degeneraci\u00f3n macular<\/li><li>Procedimientos asistidos por l\u00e1ser<\/li><\/ul>\t\t\t\t\t\t\t\t<\/div>\n\t\t\t\t<\/div>\n\t\t\t\t<div class=\"elementor-element elementor-element-c1b59b4 elementor-widget elementor-widget-heading\" data-id=\"c1b59b4\" data-element_type=\"widget\" data-widget_type=\"heading.default\">\n\t\t\t\t<div class=\"elementor-widget-container\">\n\t\t\t\t\t<h2 class=\"elementor-heading-title elementor-size-default\">Seguros aceptados<\/h2>\t\t\t\t<\/div>\n\t\t\t\t<\/div>\n\t\t\t\t<div class=\"elementor-element elementor-element-96d22ac elementor-widget elementor-widget-text-editor\" data-id=\"96d22ac\" data-element_type=\"widget\" data-widget_type=\"text-editor.default\">\n\t\t\t\t<div class=\"elementor-widget-container\">\n\t\t\t\t\t\t\t\t\t<ul><li>AARP Medicare Complete<\/li><li>Aetna<\/li><li>Aetna Medicare Advantage<\/li><li>Blue Cross Blue Shield<\/li><li>Bright Health Plan<\/li><li>Champ V.A.<\/li><li>Cigna<\/li><li>Colorado Health<\/li><li>Cofinity<\/li><li>Departamento de Asuntos de los Veteranos<\/li><li>EBMS<\/li><li>Friday Health Plans<\/li><li>Geha<\/li><li>Healthnet Veterans Choice<\/li><li>Humana<\/li><li>Humana Gold Plus<\/li><li>Kaiser<\/li><li>Kaiser Senior<\/li><li>Medicaid<\/li><li>Medicare<\/li><li>Medicare para ferrocarriles<\/li><li>Rocky Mountain Health Plan<\/li><li>Tricare de por vida<\/li><li>Tricare Prime<\/li><li>Tricare Select<\/li><li>United Healthcare<\/li><li>UMR<\/li><li><em>[Esta no es una lista completa. P\u00f3ngase en contacto con la oficina para preguntar sobre la cobertura de su plan.]<\/em><\/li><\/ul>\t\t\t\t\t\t\t\t<\/div>\n\t\t\t\t<\/div>\n\t\t\t\t\t<\/div>\n\t\t\t\t<\/div>\n\t\t\t\t<\/div>\n\t\t\t\t<\/div>\n\t\t\t\t\t<\/div>\n\t\t\t\t<\/div>\n\t\t\t\t<\/div>\n\t\t","protected":false},"excerpt":{"rendered":"<p>Dr. Kevin May, M.D. Conozca al Dr. May Oftalm\u00f3logo integral Formaci\u00f3n acad\u00e9mica Licenciatura en Bioqu\u00edmica, Magna Cum Laude de la Universidad Estatal de Nueva York en Geneseo Doctor en Medicina del Centro de Ciencias de la Salud de la Universidad Estatal de Nueva York en Brooklyn Internado en el Centro M\u00e9dico de la Universidad de [&hellip;]<\/p>\n","protected":false},"author":7,"featured_media":0,"parent":0,"menu_order":0,"comment_status":"closed","ping_status":"closed","template":"elementor_canvas","meta":{"footnotes":""},"class_list":["post-6494","page","type-page","status-publish","hentry"],"yoast_head":"<!-- This site is optimized with the Yoast SEO plugin v25.4 - https:\/\/yoast.com\/wordpress\/plugins\/seo\/ -->\n<title>Dr. John M. Roberts Jr. M.D.<\/title>\n<meta name=\"description\" content=\"Conozca al Dr. John M. Roberts Jr. M.D. Roberts es un oftalm\u00f3logo integral en Colorado Eye Institute.\" \/>\n<meta name=\"robots\" content=\"index, follow, max-snippet:-1, max-image-preview:large, max-video-preview:-1\" \/>\n<link rel=\"canonical\" href=\"https:\/\/www.eyescolorado.com\/es\/dr-kevin-may-m-d\/\" \/>\n<meta property=\"og:locale\" content=\"es_ES\" \/>\n<meta property=\"og:type\" content=\"article\" \/>\n<meta property=\"og:title\" content=\"Dr. John M. Roberts Jr. M.D.\" \/>\n<meta property=\"og:description\" content=\"Conozca al Dr. John M. Roberts Jr. M.D. Roberts es un oftalm\u00f3logo integral en Colorado Eye Institute.\" \/>\n<meta property=\"og:url\" content=\"https:\/\/www.eyescolorado.com\/es\/dr-kevin-may-m-d\/\" \/>\n<meta property=\"og:site_name\" content=\"Colorado Eye Institute\" \/>\n<meta property=\"article:modified_time\" content=\"2025-11-06T21:50:35+00:00\" \/>\n<meta property=\"og:image\" content=\"https:\/\/www.eyescolorado.com\/wp-content\/uploads\/2025\/10\/Dr.-May-Headshot.jpg\" \/>\n\t<meta property=\"og:image:width\" content=\"1023\" \/>\n\t<meta property=\"og:image:height\" content=\"1283\" \/>\n\t<meta property=\"og:image:type\" content=\"image\/jpeg\" \/>\n<meta name=\"twitter:card\" content=\"summary_large_image\" \/>\n<meta name=\"twitter:title\" content=\"Dr. John M. Roberts Jr. M.D.\" \/>\n<meta name=\"twitter:description\" content=\"Conozca al Dr. John M. Roberts Jr. M.D. Roberts es un oftalm\u00f3logo integral en Colorado Eye Institute.\" \/>\n<meta name=\"twitter:label1\" content=\"Tiempo de lectura\" \/>\n\t<meta name=\"twitter:data1\" content=\"1 minuto\" \/>\n<script type=\"application\/ld+json\" class=\"yoast-schema-graph\">{\"@context\":\"https:\/\/schema.org\",\"@graph\":[{\"@type\":\"WebPage\",\"@id\":\"https:\/\/www.eyescolorado.com\/es\/dr-kevin-may-m-d\/\",\"url\":\"https:\/\/www.eyescolorado.com\/es\/dr-kevin-may-m-d\/\",\"name\":\"Dr. John M. Roberts Jr. M.D.\",\"isPartOf\":{\"@id\":\"https:\/\/www.eyescolorado.com\/es\/#website\"},\"primaryImageOfPage\":{\"@id\":\"https:\/\/www.eyescolorado.com\/es\/dr-kevin-may-m-d\/#primaryimage\"},\"image\":{\"@id\":\"https:\/\/www.eyescolorado.com\/es\/dr-kevin-may-m-d\/#primaryimage\"},\"thumbnailUrl\":\"https:\/\/www.eyescolorado.com\/wp-content\/uploads\/2025\/10\/Dr.-May-Headshot.jpg\",\"datePublished\":\"2025-10-01T17:22:39+00:00\",\"dateModified\":\"2025-11-06T21:50:35+00:00\",\"description\":\"Conozca al Dr. John M. Roberts Jr. M.D. Roberts es un oftalm\u00f3logo integral en Colorado Eye Institute.\",\"breadcrumb\":{\"@id\":\"https:\/\/www.eyescolorado.com\/es\/dr-kevin-may-m-d\/#breadcrumb\"},\"inLanguage\":\"es\",\"potentialAction\":[{\"@type\":\"ReadAction\",\"target\":[\"https:\/\/www.eyescolorado.com\/es\/dr-kevin-may-m-d\/\"]}]},{\"@type\":\"ImageObject\",\"inLanguage\":\"es\",\"@id\":\"https:\/\/www.eyescolorado.com\/es\/dr-kevin-may-m-d\/#primaryimage\",\"url\":\"https:\/\/www.eyescolorado.com\/wp-content\/uploads\/2025\/10\/Dr.-May-Headshot.jpg\",\"contentUrl\":\"https:\/\/www.eyescolorado.com\/wp-content\/uploads\/2025\/10\/Dr.-May-Headshot.jpg\"},{\"@type\":\"BreadcrumbList\",\"@id\":\"https:\/\/www.eyescolorado.com\/es\/dr-kevin-may-m-d\/#breadcrumb\",\"itemListElement\":[{\"@type\":\"ListItem\",\"position\":1,\"name\":\"Home\",\"item\":\"https:\/\/www.eyescolorado.com\/es\/inicio\/\"},{\"@type\":\"ListItem\",\"position\":2,\"name\":\"Dr. Kevin May, M.D.\"}]},{\"@type\":\"WebSite\",\"@id\":\"https:\/\/www.eyescolorado.com\/es\/#website\",\"url\":\"https:\/\/www.eyescolorado.com\/es\/\",\"name\":\"Colorado Eye Institute\",\"description\":\"Eye Care in Colorado Springs\",\"publisher\":{\"@id\":\"https:\/\/www.eyescolorado.com\/es\/#organization\"},\"potentialAction\":[{\"@type\":\"SearchAction\",\"target\":{\"@type\":\"EntryPoint\",\"urlTemplate\":\"https:\/\/www.eyescolorado.com\/es\/?s={search_term_string}\"},\"query-input\":{\"@type\":\"PropertyValueSpecification\",\"valueRequired\":true,\"valueName\":\"search_term_string\"}}],\"inLanguage\":\"es\"},{\"@type\":\"Organization\",\"@id\":\"https:\/\/www.eyescolorado.com\/es\/#organization\",\"name\":\"Colorado Eye Institute\",\"url\":\"https:\/\/www.eyescolorado.com\/es\/\",\"logo\":{\"@type\":\"ImageObject\",\"inLanguage\":\"es\",\"@id\":\"https:\/\/www.eyescolorado.com\/es\/#\/schema\/logo\/image\/\",\"url\":\"https:\/\/www.eyescolorado.com\/wp-content\/uploads\/2023\/09\/logo-in-color.png\",\"contentUrl\":\"https:\/\/www.eyescolorado.com\/wp-content\/uploads\/2023\/09\/logo-in-color.png\",\"width\":2643,\"height\":468,\"caption\":\"Colorado Eye Institute\"},\"image\":{\"@id\":\"https:\/\/www.eyescolorado.com\/es\/#\/schema\/logo\/image\/\"}}]}<\/script>\n<!-- \/ Yoast SEO plugin. -->","yoast_head_json":{"title":"Dr. John M. Roberts Jr. M.D.","description":"Conozca al Dr. John M. Roberts Jr. M.D. Roberts es un oftalm\u00f3logo integral en Colorado Eye Institute.","robots":{"index":"index","follow":"follow","max-snippet":"max-snippet:-1","max-image-preview":"max-image-preview:large","max-video-preview":"max-video-preview:-1"},"canonical":"https:\/\/www.eyescolorado.com\/es\/dr-kevin-may-m-d\/","og_locale":"es_ES","og_type":"article","og_title":"Dr. John M. Roberts Jr. M.D.","og_description":"Conozca al Dr. John M. Roberts Jr. M.D. Roberts es un oftalm\u00f3logo integral en Colorado Eye Institute.","og_url":"https:\/\/www.eyescolorado.com\/es\/dr-kevin-may-m-d\/","og_site_name":"Colorado Eye Institute","article_modified_time":"2025-11-06T21:50:35+00:00","og_image":[{"width":1023,"height":1283,"url":"https:\/\/www.eyescolorado.com\/wp-content\/uploads\/2025\/10\/Dr.-May-Headshot.jpg","type":"image\/jpeg"}],"twitter_card":"summary_large_image","twitter_title":"Dr. John M. Roberts Jr. M.D.","twitter_description":"Conozca al Dr. John M. Roberts Jr. M.D. Roberts es un oftalm\u00f3logo integral en Colorado Eye Institute.","twitter_misc":{"Tiempo de lectura":"1 minuto"},"schema":{"@context":"https:\/\/schema.org","@graph":[{"@type":"WebPage","@id":"https:\/\/www.eyescolorado.com\/es\/dr-kevin-may-m-d\/","url":"https:\/\/www.eyescolorado.com\/es\/dr-kevin-may-m-d\/","name":"Dr. John M. Roberts Jr. M.D.","isPartOf":{"@id":"https:\/\/www.eyescolorado.com\/es\/#website"},"primaryImageOfPage":{"@id":"https:\/\/www.eyescolorado.com\/es\/dr-kevin-may-m-d\/#primaryimage"},"image":{"@id":"https:\/\/www.eyescolorado.com\/es\/dr-kevin-may-m-d\/#primaryimage"},"thumbnailUrl":"https:\/\/www.eyescolorado.com\/wp-content\/uploads\/2025\/10\/Dr.-May-Headshot.jpg","datePublished":"2025-10-01T17:22:39+00:00","dateModified":"2025-11-06T21:50:35+00:00","description":"Conozca al Dr. John M. Roberts Jr. M.D. Roberts es un oftalm\u00f3logo integral en Colorado Eye Institute.","breadcrumb":{"@id":"https:\/\/www.eyescolorado.com\/es\/dr-kevin-may-m-d\/#breadcrumb"},"inLanguage":"es","potentialAction":[{"@type":"ReadAction","target":["https:\/\/www.eyescolorado.com\/es\/dr-kevin-may-m-d\/"]}]},{"@type":"ImageObject","inLanguage":"es","@id":"https:\/\/www.eyescolorado.com\/es\/dr-kevin-may-m-d\/#primaryimage","url":"https:\/\/www.eyescolorado.com\/wp-content\/uploads\/2025\/10\/Dr.-May-Headshot.jpg","contentUrl":"https:\/\/www.eyescolorado.com\/wp-content\/uploads\/2025\/10\/Dr.-May-Headshot.jpg"},{"@type":"BreadcrumbList","@id":"https:\/\/www.eyescolorado.com\/es\/dr-kevin-may-m-d\/#breadcrumb","itemListElement":[{"@type":"ListItem","position":1,"name":"Home","item":"https:\/\/www.eyescolorado.com\/es\/inicio\/"},{"@type":"ListItem","position":2,"name":"Dr. Kevin May, M.D."}]},{"@type":"WebSite","@id":"https:\/\/www.eyescolorado.com\/es\/#website","url":"https:\/\/www.eyescolorado.com\/es\/","name":"Colorado Eye Institute","description":"Eye Care in Colorado Springs","publisher":{"@id":"https:\/\/www.eyescolorado.com\/es\/#organization"},"potentialAction":[{"@type":"SearchAction","target":{"@type":"EntryPoint","urlTemplate":"https:\/\/www.eyescolorado.com\/es\/?s={search_term_string}"},"query-input":{"@type":"PropertyValueSpecification","valueRequired":true,"valueName":"search_term_string"}}],"inLanguage":"es"},{"@type":"Organization","@id":"https:\/\/www.eyescolorado.com\/es\/#organization","name":"Colorado Eye Institute","url":"https:\/\/www.eyescolorado.com\/es\/","logo":{"@type":"ImageObject","inLanguage":"es","@id":"https:\/\/www.eyescolorado.com\/es\/#\/schema\/logo\/image\/","url":"https:\/\/www.eyescolorado.com\/wp-content\/uploads\/2023\/09\/logo-in-color.png","contentUrl":"https:\/\/www.eyescolorado.com\/wp-content\/uploads\/2023\/09\/logo-in-color.png","width":2643,"height":468,"caption":"Colorado Eye Institute"},"image":{"@id":"https:\/\/www.eyescolorado.com\/es\/#\/schema\/logo\/image\/"}}]}},"_links":{"self":[{"href":"https:\/\/www.eyescolorado.com\/es\/wp-json\/wp\/v2\/pages\/6494","targetHints":{"allow":["GET"]}}],"collection":[{"href":"https:\/\/www.eyescolorado.com\/es\/wp-json\/wp\/v2\/pages"}],"about":[{"href":"https:\/\/www.eyescolorado.com\/es\/wp-json\/wp\/v2\/types\/page"}],"author":[{"embeddable":true,"href":"https:\/\/www.eyescolorado.com\/es\/wp-json\/wp\/v2\/users\/7"}],"replies":[{"embeddable":true,"href":"https:\/\/www.eyescolorado.com\/es\/wp-json\/wp\/v2\/comments?post=6494"}],"version-history":[{"count":1,"href":"https:\/\/www.eyescolorado.com\/es\/wp-json\/wp\/v2\/pages\/6494\/revisions"}],"predecessor-version":[{"id":6498,"href":"https:\/\/www.eyescolorado.com\/es\/wp-json\/wp\/v2\/pages\/6494\/revisions\/6498"}],"wp:attachment":[{"href":"https:\/\/www.eyescolorado.com\/es\/wp-json\/wp\/v2\/media?parent=6494"}],"curies":[{"name":"wp","href":"https:\/\/api.w.org\/{rel}","templated":true}]}}