{"id":6487,"date":"2023-10-03T07:16:29","date_gmt":"2023-10-03T07:16:29","guid":{"rendered":"https:\/\/www.eyescolorado.com\/investigacion-clinica\/"},"modified":"2025-11-06T21:50:35","modified_gmt":"2025-11-06T21:50:35","slug":"investigacion-clinica","status":"publish","type":"page","link":"https:\/\/www.eyescolorado.com\/es\/investigacion-clinica\/","title":{"rendered":"Investigaci\u00f3n cl\u00ednica"},"content":{"rendered":"\t\t<div data-elementor-type=\"wp-page\" data-elementor-id=\"6487\" class=\"elementor elementor-6487 elementor-1638\" data-elementor-post-type=\"page\">\n\t\t\t\t<div class=\"elementor-element elementor-element-2401d76 e-flex e-con-boxed e-con e-parent\" data-id=\"2401d76\" data-element_type=\"container\" data-settings=\"{&quot;background_background&quot;:&quot;classic&quot;}\">\n\t\t\t\t\t<div class=\"e-con-inner\">\n\t\t<div class=\"elementor-element elementor-element-789d141 e-con-full e-flex e-con e-child\" data-id=\"789d141\" data-element_type=\"container\">\n\t\t\t\t<div class=\"elementor-element elementor-element-9b49a58 elementor-widget elementor-widget-heading\" data-id=\"9b49a58\" data-element_type=\"widget\" data-widget_type=\"heading.default\">\n\t\t\t\t<div class=\"elementor-widget-container\">\n\t\t\t\t\t<h1 class=\"elementor-heading-title elementor-size-default\">Investigaci\u00f3n cl\u00ednica<\/h1>\t\t\t\t<\/div>\n\t\t\t\t<\/div>\n\t\t\t\t<\/div>\n\t\t\t\t\t<\/div>\n\t\t\t\t<\/div>\n\t\t<div class=\"elementor-element elementor-element-5d5b564 e-flex e-con-boxed e-con e-parent\" data-id=\"5d5b564\" data-element_type=\"container\">\n\t\t\t\t\t<div class=\"e-con-inner\">\n\t\t<div class=\"elementor-element elementor-element-f6e2800 e-con-full e-flex e-con e-child\" data-id=\"f6e2800\" data-element_type=\"container\" data-settings=\"{&quot;background_background&quot;:&quot;classic&quot;}\">\n\t\t\t\t<div class=\"elementor-element elementor-element-c06ba8d elementor-widget elementor-widget-image\" data-id=\"c06ba8d\" data-element_type=\"widget\" data-widget_type=\"image.default\">\n\t\t\t\t<div class=\"elementor-widget-container\">\n\t\t\t\t\t\t\t\t\t\t\t\t\t\t\t<img fetchpriority=\"high\" decoding=\"async\" width=\"800\" height=\"534\" src=\"https:\/\/www.eyescolorado.com\/wp-content\/uploads\/2023\/10\/eye-exam-in-ophthalmology-clinic-2021-09-24-04-06-47-utc-1024x683.jpg\" class=\"attachment-large size-large wp-image-6489\" alt=\"\" srcset=\"https:\/\/www.eyescolorado.com\/wp-content\/uploads\/2023\/10\/eye-exam-in-ophthalmology-clinic-2021-09-24-04-06-47-utc-1024x683.jpg 1024w, https:\/\/www.eyescolorado.com\/wp-content\/uploads\/2023\/10\/eye-exam-in-ophthalmology-clinic-2021-09-24-04-06-47-utc-300x200.jpg 300w, https:\/\/www.eyescolorado.com\/wp-content\/uploads\/2023\/10\/eye-exam-in-ophthalmology-clinic-2021-09-24-04-06-47-utc-768x512.jpg 768w, https:\/\/www.eyescolorado.com\/wp-content\/uploads\/2023\/10\/eye-exam-in-ophthalmology-clinic-2021-09-24-04-06-47-utc-1536x1024.jpg 1536w, https:\/\/www.eyescolorado.com\/wp-content\/uploads\/2023\/10\/eye-exam-in-ophthalmology-clinic-2021-09-24-04-06-47-utc-2048x1365.jpg 2048w\" sizes=\"(max-width: 800px) 100vw, 800px\" \/>\t\t\t\t\t\t\t\t\t\t\t\t\t\t\t<\/div>\n\t\t\t\t<\/div>\n\t\t\t\t<\/div>\n\t\t<div class=\"elementor-element elementor-element-fd21859 e-con-full e-flex e-con e-child\" data-id=\"fd21859\" data-element_type=\"container\">\n\t\t<div class=\"elementor-element elementor-element-7b72688 e-flex e-con-boxed e-con e-child\" data-id=\"7b72688\" data-element_type=\"container\">\n\t\t\t\t\t<div class=\"e-con-inner\">\n\t\t\t\t<div class=\"elementor-element elementor-element-2af9455 elementor-widget elementor-widget-heading\" data-id=\"2af9455\" data-element_type=\"widget\" data-widget_type=\"heading.default\">\n\t\t\t\t<div class=\"elementor-widget-container\">\n\t\t\t\t\t<h2 class=\"elementor-heading-title elementor-size-default\">Abriendo nuevos caminos<\/h2>\t\t\t\t<\/div>\n\t\t\t\t<\/div>\n\t\t\t\t<div class=\"elementor-element elementor-element-dbf0db1 elementor-widget elementor-widget-text-editor\" data-id=\"dbf0db1\" data-element_type=\"widget\" data-widget_type=\"text-editor.default\">\n\t\t\t\t<div class=\"elementor-widget-container\">\n\t\t\t\t\t\t\t\t\t<p>Colorado Eye Institute se compromete a avanzar en la atenci\u00f3n oftalmol\u00f3gica y a descubrir tratamientos novedosos para las afecciones que afectan a los ojos. En un momento dado, podemos tener m\u00faltiples ensayos patrocinados por la industria en curso en varias \u00e1reas especializadas. Estos ensayos prueban f\u00e1rmacos, dispositivos o intervenciones conductuales prometedores. La participaci\u00f3n del paciente es crucial para estas iniciativas y, por lo tanto, si cumple los requisitos, se le proporcionar\u00e1 tratamiento gratuito e incluso una compensaci\u00f3n, seg\u00fan el ensayo. \u00a1Vuelva a consultar para obtener una lista de los estudios actuales!<\/p>\t\t\t\t\t\t\t\t<\/div>\n\t\t\t\t<\/div>\n\t\t\t\t\t<\/div>\n\t\t\t\t<\/div>\n\t\t\t\t<\/div>\n\t\t\t\t\t<\/div>\n\t\t\t\t<\/div>\n\t\t\t\t<\/div>\n\t\t","protected":false},"excerpt":{"rendered":"<p>Investigaci\u00f3n cl\u00ednica Abriendo nuevos caminos Colorado Eye Institute se compromete a avanzar en la atenci\u00f3n oftalmol\u00f3gica y a descubrir tratamientos novedosos para las afecciones que afectan a los ojos. En un momento dado, podemos tener m\u00faltiples ensayos patrocinados por la industria en curso en varias \u00e1reas especializadas. Estos ensayos prueban f\u00e1rmacos, dispositivos o intervenciones conductuales [&hellip;]<\/p>\n","protected":false},"author":2,"featured_media":0,"parent":0,"menu_order":0,"comment_status":"closed","ping_status":"closed","template":"elementor_canvas","meta":{"footnotes":""},"class_list":["post-6487","page","type-page","status-publish","hentry"],"yoast_head":"<!-- This site is optimized with the Yoast SEO plugin v25.4 - https:\/\/yoast.com\/wordpress\/plugins\/seo\/ -->\n<title>Investigaci\u00f3n cl\u00ednica - Colorado Eye Institute<\/title>\n<meta name=\"robots\" content=\"index, follow, max-snippet:-1, max-image-preview:large, max-video-preview:-1\" \/>\n<link rel=\"canonical\" href=\"https:\/\/www.eyescolorado.com\/es\/investigacion-clinica\/\" \/>\n<meta property=\"og:locale\" content=\"es_ES\" \/>\n<meta property=\"og:type\" content=\"article\" \/>\n<meta property=\"og:title\" content=\"Investigaci\u00f3n cl\u00ednica - Colorado Eye Institute\" \/>\n<meta property=\"og:description\" content=\"Investigaci\u00f3n cl\u00ednica Abriendo nuevos caminos Colorado Eye Institute se compromete a avanzar en la atenci\u00f3n oftalmol\u00f3gica y a descubrir tratamientos novedosos para las afecciones que afectan a los ojos. En un momento dado, podemos tener m\u00faltiples ensayos patrocinados por la industria en curso en varias \u00e1reas especializadas. Estos ensayos prueban f\u00e1rmacos, dispositivos o intervenciones conductuales [&hellip;]\" \/>\n<meta property=\"og:url\" content=\"https:\/\/www.eyescolorado.com\/es\/investigacion-clinica\/\" \/>\n<meta property=\"og:site_name\" content=\"Colorado Eye Institute\" \/>\n<meta property=\"article:modified_time\" content=\"2025-11-06T21:50:35+00:00\" \/>\n<meta property=\"og:image\" content=\"https:\/\/www.eyescolorado.com\/wp-content\/uploads\/2023\/10\/eye-exam-in-ophthalmology-clinic-2021-09-24-04-06-47-utc-scaled.jpg\" \/>\n\t<meta property=\"og:image:width\" content=\"2560\" \/>\n\t<meta property=\"og:image:height\" content=\"1707\" \/>\n\t<meta property=\"og:image:type\" content=\"image\/jpeg\" \/>\n<meta name=\"twitter:card\" content=\"summary_large_image\" \/>\n<meta name=\"twitter:label1\" content=\"Tiempo de lectura\" \/>\n\t<meta name=\"twitter:data1\" content=\"1 minuto\" \/>\n<script type=\"application\/ld+json\" class=\"yoast-schema-graph\">{\"@context\":\"https:\/\/schema.org\",\"@graph\":[{\"@type\":\"WebPage\",\"@id\":\"https:\/\/www.eyescolorado.com\/es\/investigacion-clinica\/\",\"url\":\"https:\/\/www.eyescolorado.com\/es\/investigacion-clinica\/\",\"name\":\"Investigaci\u00f3n cl\u00ednica - Colorado Eye Institute\",\"isPartOf\":{\"@id\":\"https:\/\/www.eyescolorado.com\/es\/#website\"},\"primaryImageOfPage\":{\"@id\":\"https:\/\/www.eyescolorado.com\/es\/investigacion-clinica\/#primaryimage\"},\"image\":{\"@id\":\"https:\/\/www.eyescolorado.com\/es\/investigacion-clinica\/#primaryimage\"},\"thumbnailUrl\":\"https:\/\/www.eyescolorado.com\/wp-content\/uploads\/2023\/10\/eye-exam-in-ophthalmology-clinic-2021-09-24-04-06-47-utc-1024x683.jpg\",\"datePublished\":\"2023-10-03T07:16:29+00:00\",\"dateModified\":\"2025-11-06T21:50:35+00:00\",\"breadcrumb\":{\"@id\":\"https:\/\/www.eyescolorado.com\/es\/investigacion-clinica\/#breadcrumb\"},\"inLanguage\":\"es\",\"potentialAction\":[{\"@type\":\"ReadAction\",\"target\":[\"https:\/\/www.eyescolorado.com\/es\/investigacion-clinica\/\"]}]},{\"@type\":\"ImageObject\",\"inLanguage\":\"es\",\"@id\":\"https:\/\/www.eyescolorado.com\/es\/investigacion-clinica\/#primaryimage\",\"url\":\"https:\/\/www.eyescolorado.com\/wp-content\/uploads\/2023\/10\/eye-exam-in-ophthalmology-clinic-2021-09-24-04-06-47-utc-1024x683.jpg\",\"contentUrl\":\"https:\/\/www.eyescolorado.com\/wp-content\/uploads\/2023\/10\/eye-exam-in-ophthalmology-clinic-2021-09-24-04-06-47-utc-1024x683.jpg\"},{\"@type\":\"BreadcrumbList\",\"@id\":\"https:\/\/www.eyescolorado.com\/es\/investigacion-clinica\/#breadcrumb\",\"itemListElement\":[{\"@type\":\"ListItem\",\"position\":1,\"name\":\"Home\",\"item\":\"https:\/\/www.eyescolorado.com\/es\/inicio\/\"},{\"@type\":\"ListItem\",\"position\":2,\"name\":\"Investigaci\u00f3n cl\u00ednica\"}]},{\"@type\":\"WebSite\",\"@id\":\"https:\/\/www.eyescolorado.com\/es\/#website\",\"url\":\"https:\/\/www.eyescolorado.com\/es\/\",\"name\":\"Colorado Eye Institute\",\"description\":\"Eye Care in Colorado Springs\",\"publisher\":{\"@id\":\"https:\/\/www.eyescolorado.com\/es\/#organization\"},\"potentialAction\":[{\"@type\":\"SearchAction\",\"target\":{\"@type\":\"EntryPoint\",\"urlTemplate\":\"https:\/\/www.eyescolorado.com\/es\/?s={search_term_string}\"},\"query-input\":{\"@type\":\"PropertyValueSpecification\",\"valueRequired\":true,\"valueName\":\"search_term_string\"}}],\"inLanguage\":\"es\"},{\"@type\":\"Organization\",\"@id\":\"https:\/\/www.eyescolorado.com\/es\/#organization\",\"name\":\"Colorado Eye Institute\",\"url\":\"https:\/\/www.eyescolorado.com\/es\/\",\"logo\":{\"@type\":\"ImageObject\",\"inLanguage\":\"es\",\"@id\":\"https:\/\/www.eyescolorado.com\/es\/#\/schema\/logo\/image\/\",\"url\":\"https:\/\/www.eyescolorado.com\/wp-content\/uploads\/2023\/09\/logo-in-color.png\",\"contentUrl\":\"https:\/\/www.eyescolorado.com\/wp-content\/uploads\/2023\/09\/logo-in-color.png\",\"width\":2643,\"height\":468,\"caption\":\"Colorado Eye Institute\"},\"image\":{\"@id\":\"https:\/\/www.eyescolorado.com\/es\/#\/schema\/logo\/image\/\"}}]}<\/script>\n<!-- \/ Yoast SEO plugin. -->","yoast_head_json":{"title":"Investigaci\u00f3n cl\u00ednica - Colorado Eye Institute","robots":{"index":"index","follow":"follow","max-snippet":"max-snippet:-1","max-image-preview":"max-image-preview:large","max-video-preview":"max-video-preview:-1"},"canonical":"https:\/\/www.eyescolorado.com\/es\/investigacion-clinica\/","og_locale":"es_ES","og_type":"article","og_title":"Investigaci\u00f3n cl\u00ednica - Colorado Eye Institute","og_description":"Investigaci\u00f3n cl\u00ednica Abriendo nuevos caminos Colorado Eye Institute se compromete a avanzar en la atenci\u00f3n oftalmol\u00f3gica y a descubrir tratamientos novedosos para las afecciones que afectan a los ojos. En un momento dado, podemos tener m\u00faltiples ensayos patrocinados por la industria en curso en varias \u00e1reas especializadas. Estos ensayos prueban f\u00e1rmacos, dispositivos o intervenciones conductuales [&hellip;]","og_url":"https:\/\/www.eyescolorado.com\/es\/investigacion-clinica\/","og_site_name":"Colorado Eye Institute","article_modified_time":"2025-11-06T21:50:35+00:00","og_image":[{"width":2560,"height":1707,"url":"https:\/\/www.eyescolorado.com\/wp-content\/uploads\/2023\/10\/eye-exam-in-ophthalmology-clinic-2021-09-24-04-06-47-utc-scaled.jpg","type":"image\/jpeg"}],"twitter_card":"summary_large_image","twitter_misc":{"Tiempo de lectura":"1 minuto"},"schema":{"@context":"https:\/\/schema.org","@graph":[{"@type":"WebPage","@id":"https:\/\/www.eyescolorado.com\/es\/investigacion-clinica\/","url":"https:\/\/www.eyescolorado.com\/es\/investigacion-clinica\/","name":"Investigaci\u00f3n cl\u00ednica - Colorado Eye Institute","isPartOf":{"@id":"https:\/\/www.eyescolorado.com\/es\/#website"},"primaryImageOfPage":{"@id":"https:\/\/www.eyescolorado.com\/es\/investigacion-clinica\/#primaryimage"},"image":{"@id":"https:\/\/www.eyescolorado.com\/es\/investigacion-clinica\/#primaryimage"},"thumbnailUrl":"https:\/\/www.eyescolorado.com\/wp-content\/uploads\/2023\/10\/eye-exam-in-ophthalmology-clinic-2021-09-24-04-06-47-utc-1024x683.jpg","datePublished":"2023-10-03T07:16:29+00:00","dateModified":"2025-11-06T21:50:35+00:00","breadcrumb":{"@id":"https:\/\/www.eyescolorado.com\/es\/investigacion-clinica\/#breadcrumb"},"inLanguage":"es","potentialAction":[{"@type":"ReadAction","target":["https:\/\/www.eyescolorado.com\/es\/investigacion-clinica\/"]}]},{"@type":"ImageObject","inLanguage":"es","@id":"https:\/\/www.eyescolorado.com\/es\/investigacion-clinica\/#primaryimage","url":"https:\/\/www.eyescolorado.com\/wp-content\/uploads\/2023\/10\/eye-exam-in-ophthalmology-clinic-2021-09-24-04-06-47-utc-1024x683.jpg","contentUrl":"https:\/\/www.eyescolorado.com\/wp-content\/uploads\/2023\/10\/eye-exam-in-ophthalmology-clinic-2021-09-24-04-06-47-utc-1024x683.jpg"},{"@type":"BreadcrumbList","@id":"https:\/\/www.eyescolorado.com\/es\/investigacion-clinica\/#breadcrumb","itemListElement":[{"@type":"ListItem","position":1,"name":"Home","item":"https:\/\/www.eyescolorado.com\/es\/inicio\/"},{"@type":"ListItem","position":2,"name":"Investigaci\u00f3n cl\u00ednica"}]},{"@type":"WebSite","@id":"https:\/\/www.eyescolorado.com\/es\/#website","url":"https:\/\/www.eyescolorado.com\/es\/","name":"Colorado Eye Institute","description":"Eye Care in Colorado Springs","publisher":{"@id":"https:\/\/www.eyescolorado.com\/es\/#organization"},"potentialAction":[{"@type":"SearchAction","target":{"@type":"EntryPoint","urlTemplate":"https:\/\/www.eyescolorado.com\/es\/?s={search_term_string}"},"query-input":{"@type":"PropertyValueSpecification","valueRequired":true,"valueName":"search_term_string"}}],"inLanguage":"es"},{"@type":"Organization","@id":"https:\/\/www.eyescolorado.com\/es\/#organization","name":"Colorado Eye Institute","url":"https:\/\/www.eyescolorado.com\/es\/","logo":{"@type":"ImageObject","inLanguage":"es","@id":"https:\/\/www.eyescolorado.com\/es\/#\/schema\/logo\/image\/","url":"https:\/\/www.eyescolorado.com\/wp-content\/uploads\/2023\/09\/logo-in-color.png","contentUrl":"https:\/\/www.eyescolorado.com\/wp-content\/uploads\/2023\/09\/logo-in-color.png","width":2643,"height":468,"caption":"Colorado Eye Institute"},"image":{"@id":"https:\/\/www.eyescolorado.com\/es\/#\/schema\/logo\/image\/"}}]}},"_links":{"self":[{"href":"https:\/\/www.eyescolorado.com\/es\/wp-json\/wp\/v2\/pages\/6487","targetHints":{"allow":["GET"]}}],"collection":[{"href":"https:\/\/www.eyescolorado.com\/es\/wp-json\/wp\/v2\/pages"}],"about":[{"href":"https:\/\/www.eyescolorado.com\/es\/wp-json\/wp\/v2\/types\/page"}],"author":[{"embeddable":true,"href":"https:\/\/www.eyescolorado.com\/es\/wp-json\/wp\/v2\/users\/2"}],"replies":[{"embeddable":true,"href":"https:\/\/www.eyescolorado.com\/es\/wp-json\/wp\/v2\/comments?post=6487"}],"version-history":[{"count":1,"href":"https:\/\/www.eyescolorado.com\/es\/wp-json\/wp\/v2\/pages\/6487\/revisions"}],"predecessor-version":[{"id":6491,"href":"https:\/\/www.eyescolorado.com\/es\/wp-json\/wp\/v2\/pages\/6487\/revisions\/6491"}],"wp:attachment":[{"href":"https:\/\/www.eyescolorado.com\/es\/wp-json\/wp\/v2\/media?parent=6487"}],"curies":[{"name":"wp","href":"https:\/\/api.w.org\/{rel}","templated":true}]}}