{"id":6484,"date":"2023-10-03T06:57:30","date_gmt":"2023-10-03T06:57:30","guid":{"rendered":"https:\/\/www.eyescolorado.com\/seleccion-de-proveedores\/"},"modified":"2025-11-06T21:50:35","modified_gmt":"2025-11-06T21:50:35","slug":"seleccion-de-proveedores","status":"publish","type":"page","link":"https:\/\/www.eyescolorado.com\/es\/seleccion-de-proveedores\/","title":{"rendered":"Selecci\u00f3n de proveedores"},"content":{"rendered":"\t\t<div data-elementor-type=\"wp-page\" data-elementor-id=\"6484\" class=\"elementor elementor-6484 elementor-1616\" data-elementor-post-type=\"page\">\n\t\t\t\t<div class=\"elementor-element elementor-element-c0051cc e-flex e-con-boxed e-con e-parent\" data-id=\"c0051cc\" data-element_type=\"container\" data-settings=\"{&quot;background_background&quot;:&quot;classic&quot;}\">\n\t\t\t\t\t<div class=\"e-con-inner\">\n\t\t<div class=\"elementor-element elementor-element-99055bc e-con-full e-flex e-con e-child\" data-id=\"99055bc\" data-element_type=\"container\">\n\t\t\t\t<div class=\"elementor-element elementor-element-ddf8470 elementor-widget elementor-widget-heading\" data-id=\"ddf8470\" data-element_type=\"widget\" data-widget_type=\"heading.default\">\n\t\t\t\t<div class=\"elementor-widget-container\">\n\t\t\t\t\t<h1 class=\"elementor-heading-title elementor-size-default\">Selecci\u00f3n de proveedores<\/h1>\t\t\t\t<\/div>\n\t\t\t\t<\/div>\n\t\t\t\t<\/div>\n\t\t\t\t\t<\/div>\n\t\t\t\t<\/div>\n\t\t<div class=\"elementor-element elementor-element-7e2ded1 e-flex e-con-boxed e-con e-parent\" data-id=\"7e2ded1\" data-element_type=\"container\">\n\t\t\t\t\t<div class=\"e-con-inner\">\n\t\t<div class=\"elementor-element elementor-element-6d34e38 e-con-full e-flex e-con e-child\" data-id=\"6d34e38\" data-element_type=\"container\" data-settings=\"{&quot;background_background&quot;:&quot;classic&quot;}\">\n\t\t\t\t<div class=\"elementor-element elementor-element-7d596ad elementor-widget elementor-widget-video\" data-id=\"7d596ad\" data-element_type=\"widget\" data-settings=\"{&quot;youtube_url&quot;:&quot;https:\\\/\\\/www.youtube.com\\\/watch?v=51zzSEgb_cI&quot;,&quot;video_type&quot;:&quot;youtube&quot;,&quot;controls&quot;:&quot;yes&quot;}\" data-widget_type=\"video.default\">\n\t\t\t\t<div class=\"elementor-widget-container\">\n\t\t\t\t\t\t\t<div class=\"elementor-wrapper elementor-open-inline\">\n\t\t\t<div class=\"elementor-video\"><\/div>\t\t<\/div>\n\t\t\t\t\t\t<\/div>\n\t\t\t\t<\/div>\n\t\t\t\t<\/div>\n\t\t<div class=\"elementor-element elementor-element-c9bf81b e-con-full e-flex e-con e-child\" data-id=\"c9bf81b\" data-element_type=\"container\">\n\t\t<div class=\"elementor-element elementor-element-71cee78 e-flex e-con-boxed e-con e-child\" data-id=\"71cee78\" data-element_type=\"container\">\n\t\t\t\t\t<div class=\"e-con-inner\">\n\t\t\t\t<div class=\"elementor-element elementor-element-5cfa77c elementor-widget elementor-widget-heading\" data-id=\"5cfa77c\" data-element_type=\"widget\" data-widget_type=\"heading.default\">\n\t\t\t\t<div class=\"elementor-widget-container\">\n\t\t\t\t\t<h2 class=\"elementor-heading-title elementor-size-default\">Marque la diferencia en la comunidad de Colorado<\/h2>\t\t\t\t<\/div>\n\t\t\t\t<\/div>\n\t\t\t\t<div class=\"elementor-element elementor-element-49e660c elementor-widget elementor-widget-text-editor\" data-id=\"49e660c\" data-element_type=\"widget\" data-widget_type=\"text-editor.default\">\n\t\t\t\t<div class=\"elementor-widget-container\">\n\t\t\t\t\t\t\t\t\t<p><strong>Obtenga m\u00e1s informaci\u00f3n sobre c\u00f3mo podr\u00eda formar parte de nuestra creciente consulta de oftalmolog\u00eda y optometr\u00eda.<\/strong><u><\/u><\/p><p>\u00bfEst\u00e1 preparado para dar el siguiente paso en su carrera en la hermosa Colorado Springs? Colorado Eye Institute es el proveedor l\u00edder de atenci\u00f3n m\u00e9dica oftalmol\u00f3gica de primer nivel en todo el estado. Para presentar su solicitud, env\u00ede su C.V. por correo electr\u00f3nico a:  <\/p><ul><li><strong><a href=\"mailto:coloeyejobs@gmail.com\" target=\"_blank\" rel=\"noopener\">coloeyejobs@gmail.com<\/a><\/strong><u><\/u><\/li><li>9320 Grand Cordera Pkwy., Ste. 255 <u><\/u><u><\/u>Colorado Springs, CO 80924<u><\/u><u><\/u><\/li><li>Tel\u00e9fono: <a href=\"tel:(719)%20258-1240\">(719) 258-1240<\/a><u><\/u><u><\/u><\/li><li>Fax: (719) 282-1247<u><\/u><u><\/u><\/li><\/ul><div> <\/div><p>Oportunidades para proveedores:<u><\/u><u><\/u><\/p><ul><li>Oftalm\u00f3logo \u2013 Especialista en pediatr\u00eda<u><\/u><u><\/u><\/li><li>Oftalm\u00f3logo \u2013 Especialista en glaucoma<u><\/u><u><\/u><\/li><li>Oftalm\u00f3logo \u2013 Especialista en c\u00f3rnea<u><\/u><u><\/u><\/li><li>Oftalm\u00f3logo \u2013 Especialista en oculoplastia<\/li><\/ul>\t\t\t\t\t\t\t\t<\/div>\n\t\t\t\t<\/div>\n\t\t\t\t\t<\/div>\n\t\t\t\t<\/div>\n\t\t\t\t<\/div>\n\t\t\t\t\t<\/div>\n\t\t\t\t<\/div>\n\t\t\t\t<\/div>\n\t\t","protected":false},"excerpt":{"rendered":"<p>Selecci\u00f3n de proveedores Marque la diferencia en la comunidad de Colorado Obtenga m\u00e1s informaci\u00f3n sobre c\u00f3mo podr\u00eda formar parte de nuestra creciente consulta de oftalmolog\u00eda y optometr\u00eda. \u00bfEst\u00e1 preparado para dar el siguiente paso en su carrera en la hermosa Colorado Springs? Colorado Eye Institute es el proveedor l\u00edder de atenci\u00f3n m\u00e9dica oftalmol\u00f3gica de primer [&hellip;]<\/p>\n","protected":false},"author":2,"featured_media":0,"parent":0,"menu_order":0,"comment_status":"closed","ping_status":"closed","template":"elementor_canvas","meta":{"footnotes":""},"class_list":["post-6484","page","type-page","status-publish","hentry"],"yoast_head":"<!-- This site is optimized with the Yoast SEO plugin v25.4 - https:\/\/yoast.com\/wordpress\/plugins\/seo\/ -->\n<title>Selecci\u00f3n de proveedores - Colorado Eye Institute<\/title>\n<meta name=\"robots\" content=\"index, follow, max-snippet:-1, max-image-preview:large, max-video-preview:-1\" \/>\n<link rel=\"canonical\" href=\"https:\/\/www.eyescolorado.com\/es\/seleccion-de-proveedores\/\" \/>\n<meta property=\"og:locale\" content=\"es_ES\" \/>\n<meta property=\"og:type\" content=\"article\" \/>\n<meta property=\"og:title\" content=\"Selecci\u00f3n de proveedores - Colorado Eye Institute\" \/>\n<meta property=\"og:description\" content=\"Selecci\u00f3n de proveedores Marque la diferencia en la comunidad de Colorado Obtenga m\u00e1s informaci\u00f3n sobre c\u00f3mo podr\u00eda formar parte de nuestra creciente consulta de oftalmolog\u00eda y optometr\u00eda. \u00bfEst\u00e1 preparado para dar el siguiente paso en su carrera en la hermosa Colorado Springs? Colorado Eye Institute es el proveedor l\u00edder de atenci\u00f3n m\u00e9dica oftalmol\u00f3gica de primer [&hellip;]\" \/>\n<meta property=\"og:url\" content=\"https:\/\/www.eyescolorado.com\/es\/seleccion-de-proveedores\/\" \/>\n<meta property=\"og:site_name\" content=\"Colorado Eye Institute\" \/>\n<meta property=\"article:modified_time\" content=\"2025-11-06T21:50:35+00:00\" \/>\n<meta name=\"twitter:card\" content=\"summary_large_image\" \/>\n<meta name=\"twitter:label1\" content=\"Tiempo de lectura\" \/>\n\t<meta name=\"twitter:data1\" content=\"1 minuto\" \/>\n<script type=\"application\/ld+json\" class=\"yoast-schema-graph\">{\"@context\":\"https:\/\/schema.org\",\"@graph\":[{\"@type\":\"WebPage\",\"@id\":\"https:\/\/www.eyescolorado.com\/es\/seleccion-de-proveedores\/\",\"url\":\"https:\/\/www.eyescolorado.com\/es\/seleccion-de-proveedores\/\",\"name\":\"Selecci\u00f3n de proveedores - Colorado Eye Institute\",\"isPartOf\":{\"@id\":\"https:\/\/www.eyescolorado.com\/es\/#website\"},\"datePublished\":\"2023-10-03T06:57:30+00:00\",\"dateModified\":\"2025-11-06T21:50:35+00:00\",\"breadcrumb\":{\"@id\":\"https:\/\/www.eyescolorado.com\/es\/seleccion-de-proveedores\/#breadcrumb\"},\"inLanguage\":\"es\",\"potentialAction\":[{\"@type\":\"ReadAction\",\"target\":[\"https:\/\/www.eyescolorado.com\/es\/seleccion-de-proveedores\/\"]}]},{\"@type\":\"BreadcrumbList\",\"@id\":\"https:\/\/www.eyescolorado.com\/es\/seleccion-de-proveedores\/#breadcrumb\",\"itemListElement\":[{\"@type\":\"ListItem\",\"position\":1,\"name\":\"Home\",\"item\":\"https:\/\/www.eyescolorado.com\/es\/inicio\/\"},{\"@type\":\"ListItem\",\"position\":2,\"name\":\"Selecci\u00f3n de proveedores\"}]},{\"@type\":\"WebSite\",\"@id\":\"https:\/\/www.eyescolorado.com\/es\/#website\",\"url\":\"https:\/\/www.eyescolorado.com\/es\/\",\"name\":\"Colorado Eye Institute\",\"description\":\"Eye Care in Colorado Springs\",\"publisher\":{\"@id\":\"https:\/\/www.eyescolorado.com\/es\/#organization\"},\"potentialAction\":[{\"@type\":\"SearchAction\",\"target\":{\"@type\":\"EntryPoint\",\"urlTemplate\":\"https:\/\/www.eyescolorado.com\/es\/?s={search_term_string}\"},\"query-input\":{\"@type\":\"PropertyValueSpecification\",\"valueRequired\":true,\"valueName\":\"search_term_string\"}}],\"inLanguage\":\"es\"},{\"@type\":\"Organization\",\"@id\":\"https:\/\/www.eyescolorado.com\/es\/#organization\",\"name\":\"Colorado Eye Institute\",\"url\":\"https:\/\/www.eyescolorado.com\/es\/\",\"logo\":{\"@type\":\"ImageObject\",\"inLanguage\":\"es\",\"@id\":\"https:\/\/www.eyescolorado.com\/es\/#\/schema\/logo\/image\/\",\"url\":\"https:\/\/www.eyescolorado.com\/wp-content\/uploads\/2023\/09\/logo-in-color.png\",\"contentUrl\":\"https:\/\/www.eyescolorado.com\/wp-content\/uploads\/2023\/09\/logo-in-color.png\",\"width\":2643,\"height\":468,\"caption\":\"Colorado Eye Institute\"},\"image\":{\"@id\":\"https:\/\/www.eyescolorado.com\/es\/#\/schema\/logo\/image\/\"}}]}<\/script>\n<!-- \/ Yoast SEO plugin. -->","yoast_head_json":{"title":"Selecci\u00f3n de proveedores - Colorado Eye Institute","robots":{"index":"index","follow":"follow","max-snippet":"max-snippet:-1","max-image-preview":"max-image-preview:large","max-video-preview":"max-video-preview:-1"},"canonical":"https:\/\/www.eyescolorado.com\/es\/seleccion-de-proveedores\/","og_locale":"es_ES","og_type":"article","og_title":"Selecci\u00f3n de proveedores - Colorado Eye Institute","og_description":"Selecci\u00f3n de proveedores Marque la diferencia en la comunidad de Colorado Obtenga m\u00e1s informaci\u00f3n sobre c\u00f3mo podr\u00eda formar parte de nuestra creciente consulta de oftalmolog\u00eda y optometr\u00eda. \u00bfEst\u00e1 preparado para dar el siguiente paso en su carrera en la hermosa Colorado Springs? Colorado Eye Institute es el proveedor l\u00edder de atenci\u00f3n m\u00e9dica oftalmol\u00f3gica de primer [&hellip;]","og_url":"https:\/\/www.eyescolorado.com\/es\/seleccion-de-proveedores\/","og_site_name":"Colorado Eye Institute","article_modified_time":"2025-11-06T21:50:35+00:00","twitter_card":"summary_large_image","twitter_misc":{"Tiempo de lectura":"1 minuto"},"schema":{"@context":"https:\/\/schema.org","@graph":[{"@type":"WebPage","@id":"https:\/\/www.eyescolorado.com\/es\/seleccion-de-proveedores\/","url":"https:\/\/www.eyescolorado.com\/es\/seleccion-de-proveedores\/","name":"Selecci\u00f3n de proveedores - Colorado Eye Institute","isPartOf":{"@id":"https:\/\/www.eyescolorado.com\/es\/#website"},"datePublished":"2023-10-03T06:57:30+00:00","dateModified":"2025-11-06T21:50:35+00:00","breadcrumb":{"@id":"https:\/\/www.eyescolorado.com\/es\/seleccion-de-proveedores\/#breadcrumb"},"inLanguage":"es","potentialAction":[{"@type":"ReadAction","target":["https:\/\/www.eyescolorado.com\/es\/seleccion-de-proveedores\/"]}]},{"@type":"BreadcrumbList","@id":"https:\/\/www.eyescolorado.com\/es\/seleccion-de-proveedores\/#breadcrumb","itemListElement":[{"@type":"ListItem","position":1,"name":"Home","item":"https:\/\/www.eyescolorado.com\/es\/inicio\/"},{"@type":"ListItem","position":2,"name":"Selecci\u00f3n de proveedores"}]},{"@type":"WebSite","@id":"https:\/\/www.eyescolorado.com\/es\/#website","url":"https:\/\/www.eyescolorado.com\/es\/","name":"Colorado Eye Institute","description":"Eye Care in Colorado Springs","publisher":{"@id":"https:\/\/www.eyescolorado.com\/es\/#organization"},"potentialAction":[{"@type":"SearchAction","target":{"@type":"EntryPoint","urlTemplate":"https:\/\/www.eyescolorado.com\/es\/?s={search_term_string}"},"query-input":{"@type":"PropertyValueSpecification","valueRequired":true,"valueName":"search_term_string"}}],"inLanguage":"es"},{"@type":"Organization","@id":"https:\/\/www.eyescolorado.com\/es\/#organization","name":"Colorado Eye Institute","url":"https:\/\/www.eyescolorado.com\/es\/","logo":{"@type":"ImageObject","inLanguage":"es","@id":"https:\/\/www.eyescolorado.com\/es\/#\/schema\/logo\/image\/","url":"https:\/\/www.eyescolorado.com\/wp-content\/uploads\/2023\/09\/logo-in-color.png","contentUrl":"https:\/\/www.eyescolorado.com\/wp-content\/uploads\/2023\/09\/logo-in-color.png","width":2643,"height":468,"caption":"Colorado Eye Institute"},"image":{"@id":"https:\/\/www.eyescolorado.com\/es\/#\/schema\/logo\/image\/"}}]}},"_links":{"self":[{"href":"https:\/\/www.eyescolorado.com\/es\/wp-json\/wp\/v2\/pages\/6484","targetHints":{"allow":["GET"]}}],"collection":[{"href":"https:\/\/www.eyescolorado.com\/es\/wp-json\/wp\/v2\/pages"}],"about":[{"href":"https:\/\/www.eyescolorado.com\/es\/wp-json\/wp\/v2\/types\/page"}],"author":[{"embeddable":true,"href":"https:\/\/www.eyescolorado.com\/es\/wp-json\/wp\/v2\/users\/2"}],"replies":[{"embeddable":true,"href":"https:\/\/www.eyescolorado.com\/es\/wp-json\/wp\/v2\/comments?post=6484"}],"version-history":[{"count":1,"href":"https:\/\/www.eyescolorado.com\/es\/wp-json\/wp\/v2\/pages\/6484\/revisions"}],"predecessor-version":[{"id":6486,"href":"https:\/\/www.eyescolorado.com\/es\/wp-json\/wp\/v2\/pages\/6484\/revisions\/6486"}],"wp:attachment":[{"href":"https:\/\/www.eyescolorado.com\/es\/wp-json\/wp\/v2\/media?parent=6484"}],"curies":[{"name":"wp","href":"https:\/\/api.w.org\/{rel}","templated":true}]}}