{"id":6471,"date":"2024-08-07T19:20:23","date_gmt":"2024-08-07T19:20:23","guid":{"rendered":"https:\/\/www.eyescolorado.com\/dr-emerson-kendall-d-o\/"},"modified":"2025-11-06T21:50:15","modified_gmt":"2025-11-06T21:50:15","slug":"dr-emerson-kendall-d-o","status":"publish","type":"page","link":"https:\/\/www.eyescolorado.com\/es\/dr-emerson-kendall-d-o\/","title":{"rendered":"Dr. Emerson Kendall, D.O."},"content":{"rendered":"\t\t<div data-elementor-type=\"wp-page\" data-elementor-id=\"6471\" class=\"elementor elementor-6471 elementor-5640\" data-elementor-post-type=\"page\">\n\t\t\t\t<div class=\"elementor-element elementor-element-0c3d3ff e-flex e-con-boxed e-con e-parent\" data-id=\"0c3d3ff\" data-element_type=\"container\" data-settings=\"{&quot;background_background&quot;:&quot;classic&quot;}\">\n\t\t\t\t\t<div class=\"e-con-inner\">\n\t\t<div class=\"elementor-element elementor-element-9a2e6a1 e-con-full e-flex e-con e-child\" data-id=\"9a2e6a1\" data-element_type=\"container\">\n\t\t\t\t<div class=\"elementor-element elementor-element-4814c7b elementor-widget elementor-widget-heading\" data-id=\"4814c7b\" data-element_type=\"widget\" data-widget_type=\"heading.default\">\n\t\t\t\t<div class=\"elementor-widget-container\">\n\t\t\t\t\t<h1 class=\"elementor-heading-title elementor-size-default\">Emerson Kendall, D.O.<\/h1>\t\t\t\t<\/div>\n\t\t\t\t<\/div>\n\t\t\t\t<\/div>\n\t\t\t\t\t<\/div>\n\t\t\t\t<\/div>\n\t\t<div class=\"elementor-element elementor-element-e2fd74f e-flex e-con-boxed e-con e-parent\" data-id=\"e2fd74f\" data-element_type=\"container\">\n\t\t\t\t\t<div class=\"e-con-inner\">\n\t\t<div class=\"elementor-element elementor-element-f9ae539 e-con-full e-flex e-con e-child\" data-id=\"f9ae539\" data-element_type=\"container\">\n\t\t<div class=\"elementor-element elementor-element-6237dcf e-con-full e-flex e-con e-child\" data-id=\"6237dcf\" data-element_type=\"container\" data-settings=\"{&quot;background_background&quot;:&quot;classic&quot;}\">\n\t\t<div class=\"elementor-element elementor-element-1f76d10 e-con-full e-flex e-con e-child\" data-id=\"1f76d10\" data-element_type=\"container\">\n\t\t\t\t<div class=\"elementor-element elementor-element-94149bd elementor-widget elementor-widget-heading\" data-id=\"94149bd\" data-element_type=\"widget\" data-widget_type=\"heading.default\">\n\t\t\t\t<div class=\"elementor-widget-container\">\n\t\t\t\t\t<h6 class=\"elementor-heading-title elementor-size-default\">Conozca al Dr. Kendall<\/h6>\t\t\t\t<\/div>\n\t\t\t\t<\/div>\n\t\t\t\t<div class=\"elementor-element elementor-element-e6cb34d elementor-widget elementor-widget-heading\" data-id=\"e6cb34d\" data-element_type=\"widget\" data-widget_type=\"heading.default\">\n\t\t\t\t<div class=\"elementor-widget-container\">\n\t\t\t\t\t<h6 class=\"elementor-heading-title elementor-size-default\">Oftalm\u00f3logo y especialista en glaucoma<\/h6>\t\t\t\t<\/div>\n\t\t\t\t<\/div>\n\t\t\t\t<\/div>\n\t\t\t\t<\/div>\n\t\t<div class=\"elementor-element elementor-element-a4719d0 e-con-full e-flex e-con e-child\" data-id=\"a4719d0\" data-element_type=\"container\">\n\t\t<div class=\"elementor-element elementor-element-08b80e2 e-con-full e-flex e-con e-child\" data-id=\"08b80e2\" data-element_type=\"container\">\n\t\t\t\t<div class=\"elementor-element elementor-element-6381ed9 elementor-widget__width-initial elementor-widget elementor-widget-image\" data-id=\"6381ed9\" data-element_type=\"widget\" data-widget_type=\"image.default\">\n\t\t\t\t<div class=\"elementor-widget-container\">\n\t\t\t\t\t\t\t\t\t\t\t\t\t\t\t<img fetchpriority=\"high\" decoding=\"async\" width=\"480\" height=\"600\" src=\"https:\/\/www.eyescolorado.com\/wp-content\/uploads\/2024\/08\/Dr.-Kendall-Headshot.jpg\" class=\"attachment-full size-full wp-image-6472\" alt=\"\" srcset=\"https:\/\/www.eyescolorado.com\/wp-content\/uploads\/2024\/08\/Dr.-Kendall-Headshot.jpg 480w, https:\/\/www.eyescolorado.com\/wp-content\/uploads\/2024\/08\/Dr.-Kendall-Headshot-240x300.jpg 240w\" sizes=\"(max-width: 480px) 100vw, 480px\" \/>\t\t\t\t\t\t\t\t\t\t\t\t\t\t\t<\/div>\n\t\t\t\t<\/div>\n\t\t\t\t<\/div>\n\t\t<div class=\"elementor-element elementor-element-2e39ae8 e-flex e-con-boxed e-con e-child\" data-id=\"2e39ae8\" data-element_type=\"container\">\n\t\t\t\t\t<div class=\"e-con-inner\">\n\t\t\t\t<div class=\"elementor-element elementor-element-169770b elementor-widget elementor-widget-heading\" data-id=\"169770b\" data-element_type=\"widget\" data-widget_type=\"heading.default\">\n\t\t\t\t<div class=\"elementor-widget-container\">\n\t\t\t\t\t<h2 class=\"elementor-heading-title elementor-size-default\">Formaci\u00f3n acad\u00e9mica<\/h2>\t\t\t\t<\/div>\n\t\t\t\t<\/div>\n\t\t\t\t<div class=\"elementor-element elementor-element-302bda1 elementor-widget elementor-widget-text-editor\" data-id=\"302bda1\" data-element_type=\"widget\" data-widget_type=\"text-editor.default\">\n\t\t\t\t<div class=\"elementor-widget-container\">\n\t\t\t\t\t\t\t\t\t<ul><li>Licenciatura en Tecnolog\u00eda M\u00e9dica por la Universidad Estatal de M\u00edchigan<\/li><li>D.O. por la Facultad de Medicina Osteop\u00e1tica de Virginia Occidental<\/li><li>Residencia en la Universidad Estatal de M\u00edchigan<\/li><li>Internado en Beaumont Dearborn<\/li><li>Beca de investigaci\u00f3n en glaucoma en la Universidad de Wisconsin<\/li><\/ul>\t\t\t\t\t\t\t\t<\/div>\n\t\t\t\t<\/div>\n\t\t\t\t<div class=\"elementor-element elementor-element-88b4abe elementor-widget elementor-widget-heading\" data-id=\"88b4abe\" data-element_type=\"widget\" data-widget_type=\"heading.default\">\n\t\t\t\t<div class=\"elementor-widget-container\">\n\t\t\t\t\t<h2 class=\"elementor-heading-title elementor-size-default\">Afiliaciones<\/h2>\t\t\t\t<\/div>\n\t\t\t\t<\/div>\n\t\t\t\t<div class=\"elementor-element elementor-element-9484e9f elementor-widget elementor-widget-text-editor\" data-id=\"9484e9f\" data-element_type=\"widget\" data-widget_type=\"text-editor.default\">\n\t\t\t\t<div class=\"elementor-widget-container\">\n\t\t\t\t\t\t\t\t\t<ul><li>Certificado por la Academia Americana de Oftalmolog\u00eda<\/li><li>Colegio Americano de Osteopat\u00eda de Oftalmolog\u00eda y Otorrinolaringolog\u00eda &#8211; Cirug\u00eda de Cabeza y Cuello<\/li><li>Sociedad Americana de Glaucoma<\/li><\/ul>\t\t\t\t\t\t\t\t<\/div>\n\t\t\t\t<\/div>\n\t\t\t\t<div class=\"elementor-element elementor-element-6aff054 elementor-widget elementor-widget-heading\" data-id=\"6aff054\" data-element_type=\"widget\" data-widget_type=\"heading.default\">\n\t\t\t\t<div class=\"elementor-widget-container\">\n\t\t\t\t\t<h2 class=\"elementor-heading-title elementor-size-default\">Distinciones<\/h2>\t\t\t\t<\/div>\n\t\t\t\t<\/div>\n\t\t\t\t<div class=\"elementor-element elementor-element-a4919ab elementor-widget elementor-widget-text-editor\" data-id=\"a4919ab\" data-element_type=\"widget\" data-widget_type=\"text-editor.default\">\n\t\t\t\t<div class=\"elementor-widget-container\">\n\t\t\t\t\t\t\t\t\t<ul><li>Jefe de residentes en Beaumont Taylor.<\/li><li>Premio al educador residente en Beaumont Taylor.<\/li><li>Premio al servicio asociado de cirug\u00eda osteop\u00e1tica estudiantil en la Facultad de Medicina Osteop\u00e1tica de Virginia Occidental.<\/li><\/ul>\t\t\t\t\t\t\t\t<\/div>\n\t\t\t\t<\/div>\n\t\t\t\t<div class=\"elementor-element elementor-element-7db2836 elementor-widget elementor-widget-heading\" data-id=\"7db2836\" data-element_type=\"widget\" data-widget_type=\"heading.default\">\n\t\t\t\t<div class=\"elementor-widget-container\">\n\t\t\t\t\t<h2 class=\"elementor-heading-title elementor-size-default\">Especializaciones<\/h2>\t\t\t\t<\/div>\n\t\t\t\t<\/div>\n\t\t\t\t<div class=\"elementor-element elementor-element-85a240b elementor-widget elementor-widget-text-editor\" data-id=\"85a240b\" data-element_type=\"widget\" data-widget_type=\"text-editor.default\">\n\t\t\t\t<div class=\"elementor-widget-container\">\n\t\t\t\t\t\t\t\t\t<ul><li>Glaucoma<\/li><li>Cirug\u00eda de cataratas<\/li><li>Queratocono<\/li><li>Diabetes<\/li><li>Degeneraci\u00f3n macular<\/li><li>Enfermedades externas del ojo<\/li><\/ul>\t\t\t\t\t\t\t\t<\/div>\n\t\t\t\t<\/div>\n\t\t\t\t<div class=\"elementor-element elementor-element-cb5bc46 elementor-widget elementor-widget-heading\" data-id=\"cb5bc46\" data-element_type=\"widget\" data-widget_type=\"heading.default\">\n\t\t\t\t<div class=\"elementor-widget-container\">\n\t\t\t\t\t<h2 class=\"elementor-heading-title elementor-size-default\">Seguros aceptados<\/h2>\t\t\t\t<\/div>\n\t\t\t\t<\/div>\n\t\t\t\t<div class=\"elementor-element elementor-element-c87c710 elementor-widget elementor-widget-text-editor\" data-id=\"c87c710\" data-element_type=\"widget\" data-widget_type=\"text-editor.default\">\n\t\t\t\t<div class=\"elementor-widget-container\">\n\t\t\t\t\t\t\t\t\t<p>Por favor, consulte con la oficina la lista actualizada de seguros aceptados al programar su cita.<\/p>\t\t\t\t\t\t\t\t<\/div>\n\t\t\t\t<\/div>\n\t\t\t\t\t<\/div>\n\t\t\t\t<\/div>\n\t\t\t\t<\/div>\n\t\t\t\t<\/div>\n\t\t\t\t\t<\/div>\n\t\t\t\t<\/div>\n\t\t\t\t<\/div>\n\t\t","protected":false},"excerpt":{"rendered":"<p>Emerson Kendall, D.O. Conozca al Dr. Kendall Oftalm\u00f3logo y especialista en glaucoma Formaci\u00f3n acad\u00e9mica Licenciatura en Tecnolog\u00eda M\u00e9dica por la Universidad Estatal de M\u00edchigan D.O. por la Facultad de Medicina Osteop\u00e1tica de Virginia Occidental Residencia en la Universidad Estatal de M\u00edchigan Internado en Beaumont Dearborn Beca de investigaci\u00f3n en glaucoma en la Universidad de Wisconsin [&hellip;]<\/p>\n","protected":false},"author":5,"featured_media":0,"parent":0,"menu_order":0,"comment_status":"closed","ping_status":"closed","template":"","meta":{"footnotes":""},"class_list":["post-6471","page","type-page","status-publish","hentry"],"yoast_head":"<!-- This site is optimized with the Yoast SEO plugin v25.4 - https:\/\/yoast.com\/wordpress\/plugins\/seo\/ -->\n<title>Conozca a nuestro Dr. Amar Mannina, M.D.<\/title>\n<meta name=\"description\" content=\"Conozca a nuestro oftalm\u00f3logo y especialista m\u00e9dico y quir\u00fargico en retina, el Dr. Amar Mannina\" \/>\n<meta name=\"robots\" content=\"index, follow, max-snippet:-1, max-image-preview:large, max-video-preview:-1\" \/>\n<link rel=\"canonical\" href=\"https:\/\/www.eyescolorado.com\/es\/dr-emerson-kendall-d-o\/\" \/>\n<meta property=\"og:locale\" content=\"es_ES\" \/>\n<meta property=\"og:type\" content=\"article\" \/>\n<meta property=\"og:title\" content=\"Conozca a nuestro Dr. Amar Mannina, M.D.\" \/>\n<meta property=\"og:description\" content=\"Conozca a nuestro oftalm\u00f3logo y especialista m\u00e9dico y quir\u00fargico en retina, el Dr. Amar Mannina\" \/>\n<meta property=\"og:url\" content=\"https:\/\/www.eyescolorado.com\/es\/dr-emerson-kendall-d-o\/\" \/>\n<meta property=\"og:site_name\" content=\"Colorado Eye Institute\" \/>\n<meta property=\"article:modified_time\" content=\"2025-11-06T21:50:15+00:00\" \/>\n<meta property=\"og:image\" content=\"https:\/\/www.eyescolorado.com\/wp-content\/uploads\/2024\/08\/Dr.-Kendall-Headshot.jpg\" \/>\n\t<meta property=\"og:image:width\" content=\"480\" \/>\n\t<meta property=\"og:image:height\" content=\"600\" \/>\n\t<meta property=\"og:image:type\" content=\"image\/jpeg\" \/>\n<meta name=\"twitter:card\" content=\"summary_large_image\" \/>\n<meta name=\"twitter:label1\" content=\"Tiempo de lectura\" \/>\n\t<meta name=\"twitter:data1\" content=\"1 minuto\" \/>\n<script type=\"application\/ld+json\" class=\"yoast-schema-graph\">{\"@context\":\"https:\/\/schema.org\",\"@graph\":[{\"@type\":\"WebPage\",\"@id\":\"https:\/\/www.eyescolorado.com\/es\/dr-emerson-kendall-d-o\/\",\"url\":\"https:\/\/www.eyescolorado.com\/es\/dr-emerson-kendall-d-o\/\",\"name\":\"Conozca a nuestro Dr. Amar Mannina, M.D.\",\"isPartOf\":{\"@id\":\"https:\/\/www.eyescolorado.com\/es\/#website\"},\"primaryImageOfPage\":{\"@id\":\"https:\/\/www.eyescolorado.com\/es\/dr-emerson-kendall-d-o\/#primaryimage\"},\"image\":{\"@id\":\"https:\/\/www.eyescolorado.com\/es\/dr-emerson-kendall-d-o\/#primaryimage\"},\"thumbnailUrl\":\"https:\/\/www.eyescolorado.com\/wp-content\/uploads\/2024\/08\/Dr.-Kendall-Headshot.jpg\",\"datePublished\":\"2024-08-07T19:20:23+00:00\",\"dateModified\":\"2025-11-06T21:50:15+00:00\",\"description\":\"Conozca a nuestro oftalm\u00f3logo y especialista m\u00e9dico y quir\u00fargico en retina, el Dr. Amar Mannina\",\"breadcrumb\":{\"@id\":\"https:\/\/www.eyescolorado.com\/es\/dr-emerson-kendall-d-o\/#breadcrumb\"},\"inLanguage\":\"es\",\"potentialAction\":[{\"@type\":\"ReadAction\",\"target\":[\"https:\/\/www.eyescolorado.com\/es\/dr-emerson-kendall-d-o\/\"]}]},{\"@type\":\"ImageObject\",\"inLanguage\":\"es\",\"@id\":\"https:\/\/www.eyescolorado.com\/es\/dr-emerson-kendall-d-o\/#primaryimage\",\"url\":\"https:\/\/www.eyescolorado.com\/wp-content\/uploads\/2024\/08\/Dr.-Kendall-Headshot.jpg\",\"contentUrl\":\"https:\/\/www.eyescolorado.com\/wp-content\/uploads\/2024\/08\/Dr.-Kendall-Headshot.jpg\"},{\"@type\":\"BreadcrumbList\",\"@id\":\"https:\/\/www.eyescolorado.com\/es\/dr-emerson-kendall-d-o\/#breadcrumb\",\"itemListElement\":[{\"@type\":\"ListItem\",\"position\":1,\"name\":\"Home\",\"item\":\"https:\/\/www.eyescolorado.com\/es\/inicio\/\"},{\"@type\":\"ListItem\",\"position\":2,\"name\":\"Dr. Emerson Kendall, D.O.\"}]},{\"@type\":\"WebSite\",\"@id\":\"https:\/\/www.eyescolorado.com\/es\/#website\",\"url\":\"https:\/\/www.eyescolorado.com\/es\/\",\"name\":\"Colorado Eye Institute\",\"description\":\"Eye Care in Colorado Springs\",\"publisher\":{\"@id\":\"https:\/\/www.eyescolorado.com\/es\/#organization\"},\"potentialAction\":[{\"@type\":\"SearchAction\",\"target\":{\"@type\":\"EntryPoint\",\"urlTemplate\":\"https:\/\/www.eyescolorado.com\/es\/?s={search_term_string}\"},\"query-input\":{\"@type\":\"PropertyValueSpecification\",\"valueRequired\":true,\"valueName\":\"search_term_string\"}}],\"inLanguage\":\"es\"},{\"@type\":\"Organization\",\"@id\":\"https:\/\/www.eyescolorado.com\/es\/#organization\",\"name\":\"Colorado Eye Institute\",\"url\":\"https:\/\/www.eyescolorado.com\/es\/\",\"logo\":{\"@type\":\"ImageObject\",\"inLanguage\":\"es\",\"@id\":\"https:\/\/www.eyescolorado.com\/es\/#\/schema\/logo\/image\/\",\"url\":\"https:\/\/www.eyescolorado.com\/wp-content\/uploads\/2023\/09\/logo-in-color.png\",\"contentUrl\":\"https:\/\/www.eyescolorado.com\/wp-content\/uploads\/2023\/09\/logo-in-color.png\",\"width\":2643,\"height\":468,\"caption\":\"Colorado Eye Institute\"},\"image\":{\"@id\":\"https:\/\/www.eyescolorado.com\/es\/#\/schema\/logo\/image\/\"}}]}<\/script>\n<!-- \/ Yoast SEO plugin. -->","yoast_head_json":{"title":"Conozca a nuestro Dr. Amar Mannina, M.D.","description":"Conozca a nuestro oftalm\u00f3logo y especialista m\u00e9dico y quir\u00fargico en retina, el Dr. Amar Mannina","robots":{"index":"index","follow":"follow","max-snippet":"max-snippet:-1","max-image-preview":"max-image-preview:large","max-video-preview":"max-video-preview:-1"},"canonical":"https:\/\/www.eyescolorado.com\/es\/dr-emerson-kendall-d-o\/","og_locale":"es_ES","og_type":"article","og_title":"Conozca a nuestro Dr. Amar Mannina, M.D.","og_description":"Conozca a nuestro oftalm\u00f3logo y especialista m\u00e9dico y quir\u00fargico en retina, el Dr. Amar Mannina","og_url":"https:\/\/www.eyescolorado.com\/es\/dr-emerson-kendall-d-o\/","og_site_name":"Colorado Eye Institute","article_modified_time":"2025-11-06T21:50:15+00:00","og_image":[{"width":480,"height":600,"url":"https:\/\/www.eyescolorado.com\/wp-content\/uploads\/2024\/08\/Dr.-Kendall-Headshot.jpg","type":"image\/jpeg"}],"twitter_card":"summary_large_image","twitter_misc":{"Tiempo de lectura":"1 minuto"},"schema":{"@context":"https:\/\/schema.org","@graph":[{"@type":"WebPage","@id":"https:\/\/www.eyescolorado.com\/es\/dr-emerson-kendall-d-o\/","url":"https:\/\/www.eyescolorado.com\/es\/dr-emerson-kendall-d-o\/","name":"Conozca a nuestro Dr. Amar Mannina, M.D.","isPartOf":{"@id":"https:\/\/www.eyescolorado.com\/es\/#website"},"primaryImageOfPage":{"@id":"https:\/\/www.eyescolorado.com\/es\/dr-emerson-kendall-d-o\/#primaryimage"},"image":{"@id":"https:\/\/www.eyescolorado.com\/es\/dr-emerson-kendall-d-o\/#primaryimage"},"thumbnailUrl":"https:\/\/www.eyescolorado.com\/wp-content\/uploads\/2024\/08\/Dr.-Kendall-Headshot.jpg","datePublished":"2024-08-07T19:20:23+00:00","dateModified":"2025-11-06T21:50:15+00:00","description":"Conozca a nuestro oftalm\u00f3logo y especialista m\u00e9dico y quir\u00fargico en retina, el Dr. Amar Mannina","breadcrumb":{"@id":"https:\/\/www.eyescolorado.com\/es\/dr-emerson-kendall-d-o\/#breadcrumb"},"inLanguage":"es","potentialAction":[{"@type":"ReadAction","target":["https:\/\/www.eyescolorado.com\/es\/dr-emerson-kendall-d-o\/"]}]},{"@type":"ImageObject","inLanguage":"es","@id":"https:\/\/www.eyescolorado.com\/es\/dr-emerson-kendall-d-o\/#primaryimage","url":"https:\/\/www.eyescolorado.com\/wp-content\/uploads\/2024\/08\/Dr.-Kendall-Headshot.jpg","contentUrl":"https:\/\/www.eyescolorado.com\/wp-content\/uploads\/2024\/08\/Dr.-Kendall-Headshot.jpg"},{"@type":"BreadcrumbList","@id":"https:\/\/www.eyescolorado.com\/es\/dr-emerson-kendall-d-o\/#breadcrumb","itemListElement":[{"@type":"ListItem","position":1,"name":"Home","item":"https:\/\/www.eyescolorado.com\/es\/inicio\/"},{"@type":"ListItem","position":2,"name":"Dr. Emerson Kendall, D.O."}]},{"@type":"WebSite","@id":"https:\/\/www.eyescolorado.com\/es\/#website","url":"https:\/\/www.eyescolorado.com\/es\/","name":"Colorado Eye Institute","description":"Eye Care in Colorado Springs","publisher":{"@id":"https:\/\/www.eyescolorado.com\/es\/#organization"},"potentialAction":[{"@type":"SearchAction","target":{"@type":"EntryPoint","urlTemplate":"https:\/\/www.eyescolorado.com\/es\/?s={search_term_string}"},"query-input":{"@type":"PropertyValueSpecification","valueRequired":true,"valueName":"search_term_string"}}],"inLanguage":"es"},{"@type":"Organization","@id":"https:\/\/www.eyescolorado.com\/es\/#organization","name":"Colorado Eye Institute","url":"https:\/\/www.eyescolorado.com\/es\/","logo":{"@type":"ImageObject","inLanguage":"es","@id":"https:\/\/www.eyescolorado.com\/es\/#\/schema\/logo\/image\/","url":"https:\/\/www.eyescolorado.com\/wp-content\/uploads\/2023\/09\/logo-in-color.png","contentUrl":"https:\/\/www.eyescolorado.com\/wp-content\/uploads\/2023\/09\/logo-in-color.png","width":2643,"height":468,"caption":"Colorado Eye Institute"},"image":{"@id":"https:\/\/www.eyescolorado.com\/es\/#\/schema\/logo\/image\/"}}]}},"_links":{"self":[{"href":"https:\/\/www.eyescolorado.com\/es\/wp-json\/wp\/v2\/pages\/6471","targetHints":{"allow":["GET"]}}],"collection":[{"href":"https:\/\/www.eyescolorado.com\/es\/wp-json\/wp\/v2\/pages"}],"about":[{"href":"https:\/\/www.eyescolorado.com\/es\/wp-json\/wp\/v2\/types\/page"}],"author":[{"embeddable":true,"href":"https:\/\/www.eyescolorado.com\/es\/wp-json\/wp\/v2\/users\/5"}],"replies":[{"embeddable":true,"href":"https:\/\/www.eyescolorado.com\/es\/wp-json\/wp\/v2\/comments?post=6471"}],"version-history":[{"count":1,"href":"https:\/\/www.eyescolorado.com\/es\/wp-json\/wp\/v2\/pages\/6471\/revisions"}],"predecessor-version":[{"id":6474,"href":"https:\/\/www.eyescolorado.com\/es\/wp-json\/wp\/v2\/pages\/6471\/revisions\/6474"}],"wp:attachment":[{"href":"https:\/\/www.eyescolorado.com\/es\/wp-json\/wp\/v2\/media?parent=6471"}],"curies":[{"name":"wp","href":"https:\/\/api.w.org\/{rel}","templated":true}]}}