{"id":6469,"date":"2025-04-28T12:00:29","date_gmt":"2025-04-28T12:00:29","guid":{"rendered":"https:\/\/www.eyescolorado.com\/formulario-de-derivacion-de-pacientes\/"},"modified":"2025-11-06T21:50:04","modified_gmt":"2025-11-06T21:50:04","slug":"formulario-de-derivacion-de-pacientes","status":"publish","type":"page","link":"https:\/\/www.eyescolorado.com\/es\/formulario-de-derivacion-de-pacientes\/","title":{"rendered":"Formulario de derivaci\u00f3n de pacientes"},"content":{"rendered":"\t\t<div data-elementor-type=\"wp-page\" data-elementor-id=\"6469\" class=\"elementor elementor-6469 elementor-6103\" data-elementor-post-type=\"page\">\n\t\t\t\t<div class=\"elementor-element elementor-element-5b9ade3 e-flex e-con-boxed e-con e-parent\" data-id=\"5b9ade3\" data-element_type=\"container\">\n\t\t\t\t\t<div class=\"e-con-inner\">\n\t\t<div class=\"elementor-element elementor-element-6baa342 e-con-full e-flex e-con e-child\" data-id=\"6baa342\" data-element_type=\"container\">\n\t\t<div class=\"elementor-element elementor-element-78d1366 e-flex e-con-boxed e-con e-child\" data-id=\"78d1366\" data-element_type=\"container\">\n\t\t\t\t\t<div class=\"e-con-inner\">\n\t\t\t\t<div class=\"elementor-element elementor-element-d96b3b4 elementor-widget-divider--view-line elementor-widget elementor-widget-divider\" data-id=\"d96b3b4\" data-element_type=\"widget\" data-widget_type=\"divider.default\">\n\t\t\t\t<div class=\"elementor-widget-container\">\n\t\t\t\t\t\t\t<div class=\"elementor-divider\">\n\t\t\t<span class=\"elementor-divider-separator\">\n\t\t\t\t\t\t<\/span>\n\t\t<\/div>\n\t\t\t\t\t\t<\/div>\n\t\t\t\t<\/div>\n\t\t\t\t<div class=\"elementor-element elementor-element-c415c1a elementor-widget elementor-widget-heading\" data-id=\"c415c1a\" data-element_type=\"widget\" data-widget_type=\"heading.default\">\n\t\t\t\t<div class=\"elementor-widget-container\">\n\t\t\t\t\t<h2 class=\"elementor-heading-title elementor-size-default\">Formulario de derivaci\u00f3n de pacientes<\/h2>\t\t\t\t<\/div>\n\t\t\t\t<\/div>\n\t\t\t\t<div class=\"elementor-element elementor-element-c25346f elementor-widget elementor-widget-text-editor\" data-id=\"c25346f\" data-element_type=\"widget\" data-widget_type=\"text-editor.default\">\n\t\t\t\t<div class=\"elementor-widget-container\">\n\t\t\t\t\t\t\t\t\t<p>\u00a1Gracias de parte de todo el equipo de Colorado Eye Institute por su confianza! A continuaci\u00f3n, encontrar\u00e1 nuestro formulario de derivaci\u00f3n de pacientes en l\u00ednea. \u00a1Esperamos trabajar juntos para proporcionar una atenci\u00f3n excepcional!<\/p><p><strong>Si prefiere enviar un fax o un correo electr\u00f3nico, haga <a href=\"https:\/\/www.eyescolorado.com\/refer-a-patient\/\">clic aqu\u00ed<\/a>.<\/strong><\/p>\t\t\t\t\t\t\t\t<\/div>\n\t\t\t\t<\/div>\n\t\t\t\t<div class=\"elementor-element elementor-element-7b24821 elementor-widget elementor-widget-html\" data-id=\"7b24821\" data-element_type=\"widget\" data-widget_type=\"html.default\">\n\t\t\t\t<div class=\"elementor-widget-container\">\n\t\t\t\t\t\r\n    <iframe id=\"JotFormIFrame-251114763386054\" title=\"Formulario de derivaci\u00f3n de pacientes\" onload=\"window.parent.scrollTo(0,0)\" allowtransparency=\"true\" allow=\"geolocation; microphone; camera; fullscreen\" src=\"https:\/\/form.jotform.com\/251114763386054\" frameborder=\"0\" style=\"min-width:100%;max-width:100%;height:539px;border:none;\" scrolling=\"no\">\r\n    <\/iframe>\r\n    <script src=\"https:\/\/cdn.jotfor.ms\/s\/umd\/latest\/for-form-embed-handler.js\"><\/script>\r\n    <script>window.jotformEmbedHandler(\"iframe[id='JotFormIFrame-251114763386054']\", \"https:\/\/form.jotform.com\/\")<\/script>\r\n    \t\t\t\t<\/div>\n\t\t\t\t<\/div>\n\t\t\t\t<div class=\"elementor-element elementor-element-640a8b5 elementor-widget-divider--view-line elementor-widget elementor-widget-divider\" data-id=\"640a8b5\" data-element_type=\"widget\" data-widget_type=\"divider.default\">\n\t\t\t\t<div class=\"elementor-widget-container\">\n\t\t\t\t\t\t\t<div class=\"elementor-divider\">\n\t\t\t<span class=\"elementor-divider-separator\">\n\t\t\t\t\t\t<\/span>\n\t\t<\/div>\n\t\t\t\t\t\t<\/div>\n\t\t\t\t<\/div>\n\t\t\t\t<div class=\"elementor-element elementor-element-d80159b elementor-widget elementor-widget-heading\" data-id=\"d80159b\" data-element_type=\"widget\" data-widget_type=\"heading.default\">\n\t\t\t\t<div class=\"elementor-widget-container\">\n\t\t\t\t\t<h2 class=\"elementor-heading-title elementor-size-default\">Env\u00ede por fax o correo electr\u00f3nico un formulario de solicitud de derivaci\u00f3n<\/h2>\t\t\t\t<\/div>\n\t\t\t\t<\/div>\n\t\t\t\t<div class=\"elementor-element elementor-element-3299dc5 elementor-widget elementor-widget-text-editor\" data-id=\"3299dc5\" data-element_type=\"widget\" data-widget_type=\"text-editor.default\">\n\t\t\t\t<div class=\"elementor-widget-container\">\n\t\t\t\t\t\t\t\t\t<p>Si prefiere seguir enviando derivaciones por fax o correo electr\u00f3nico, descargue el formulario de derivaci\u00f3n de pacientes adjunto, complete todos los campos y env\u00edelo a trav\u00e9s de la siguiente informaci\u00f3n.<\/p>\t\t\t\t\t\t\t\t<\/div>\n\t\t\t\t<\/div>\n\t\t\t\t<div class=\"elementor-element elementor-element-9736ef7 elementor-widget elementor-widget-button\" data-id=\"9736ef7\" data-element_type=\"widget\" data-widget_type=\"button.default\">\n\t\t\t\t<div class=\"elementor-widget-container\">\n\t\t\t\t\t\t\t\t\t<div class=\"elementor-button-wrapper\">\n\t\t\t\t\t<a class=\"elementor-button elementor-button-link elementor-size-sm\" href=\"https:\/\/www.eyescolorado.com\/wp-content\/uploads\/2024\/03\/Colorado-Eye-Institute-Patient-Referral-Form.pdf\">\n\t\t\t\t\t\t<span class=\"elementor-button-content-wrapper\">\n\t\t\t\t\t\t\t\t\t<span class=\"elementor-button-text\">Descargue el formulario de derivaci\u00f3n de pacientes<\/span>\n\t\t\t\t\t<\/span>\n\t\t\t\t\t<\/a>\n\t\t\t\t<\/div>\n\t\t\t\t\t\t\t\t<\/div>\n\t\t\t\t<\/div>\n\t\t\t\t<div class=\"elementor-element elementor-element-ff93616 elementor-widget elementor-widget-text-editor\" data-id=\"ff93616\" data-element_type=\"widget\" data-widget_type=\"text-editor.default\">\n\t\t\t\t<div class=\"elementor-widget-container\">\n\t\t\t\t\t\t\t\t\t<p>Fax: <a href=\"tel:(719)%20282-1247\">(719) 282-1247<\/a><\/p><p>Correo electr\u00f3nico: <a href=\"mailto:kreed@eyescolorado.com\">Kreed@eyescolorado.com<\/a><\/p>\t\t\t\t\t\t\t\t<\/div>\n\t\t\t\t<\/div>\n\t\t\t\t\t<\/div>\n\t\t\t\t<\/div>\n\t\t\t\t<\/div>\n\t\t\t\t\t<\/div>\n\t\t\t\t<\/div>\n\t\t\t\t<\/div>\n\t\t","protected":false},"excerpt":{"rendered":"<p>Formulario de derivaci\u00f3n de pacientes \u00a1Gracias de parte de todo el equipo de Colorado Eye Institute por su confianza! A continuaci\u00f3n, encontrar\u00e1 nuestro formulario de derivaci\u00f3n de pacientes en l\u00ednea. \u00a1Esperamos trabajar juntos para proporcionar una atenci\u00f3n excepcional! Si prefiere enviar un fax o un correo electr\u00f3nico, haga clic aqu\u00ed. Env\u00ede por fax o correo [&hellip;]<\/p>\n","protected":false},"author":7,"featured_media":0,"parent":0,"menu_order":0,"comment_status":"closed","ping_status":"closed","template":"elementor_header_footer","meta":{"footnotes":""},"class_list":["post-6469","page","type-page","status-publish","hentry"],"yoast_head":"<!-- This site is optimized with the Yoast SEO plugin v25.4 - https:\/\/yoast.com\/wordpress\/plugins\/seo\/ -->\n<title>Formulario de derivaci\u00f3n de pacientes - Colorado Eye Institute<\/title>\n<meta name=\"robots\" content=\"index, follow, max-snippet:-1, max-image-preview:large, max-video-preview:-1\" \/>\n<link rel=\"canonical\" href=\"https:\/\/www.eyescolorado.com\/es\/formulario-de-derivacion-de-pacientes\/\" \/>\n<meta property=\"og:locale\" content=\"es_ES\" \/>\n<meta property=\"og:type\" content=\"article\" \/>\n<meta property=\"og:title\" content=\"Formulario de derivaci\u00f3n de pacientes - Colorado Eye Institute\" \/>\n<meta property=\"og:description\" content=\"Formulario de derivaci\u00f3n de pacientes \u00a1Gracias de parte de todo el equipo de Colorado Eye Institute por su confianza! A continuaci\u00f3n, encontrar\u00e1 nuestro formulario de derivaci\u00f3n de pacientes en l\u00ednea. \u00a1Esperamos trabajar juntos para proporcionar una atenci\u00f3n excepcional! Si prefiere enviar un fax o un correo electr\u00f3nico, haga clic aqu\u00ed. Env\u00ede por fax o correo [&hellip;]\" \/>\n<meta property=\"og:url\" content=\"https:\/\/www.eyescolorado.com\/es\/formulario-de-derivacion-de-pacientes\/\" \/>\n<meta property=\"og:site_name\" content=\"Colorado Eye Institute\" \/>\n<meta property=\"article:modified_time\" content=\"2025-11-06T21:50:04+00:00\" \/>\n<meta name=\"twitter:card\" content=\"summary_large_image\" \/>\n<meta name=\"twitter:label1\" content=\"Tiempo de lectura\" \/>\n\t<meta name=\"twitter:data1\" content=\"1 minuto\" \/>\n<script type=\"application\/ld+json\" class=\"yoast-schema-graph\">{\"@context\":\"https:\/\/schema.org\",\"@graph\":[{\"@type\":\"WebPage\",\"@id\":\"https:\/\/www.eyescolorado.com\/es\/formulario-de-derivacion-de-pacientes\/\",\"url\":\"https:\/\/www.eyescolorado.com\/es\/formulario-de-derivacion-de-pacientes\/\",\"name\":\"Formulario de derivaci\u00f3n de pacientes - Colorado Eye Institute\",\"isPartOf\":{\"@id\":\"https:\/\/www.eyescolorado.com\/es\/#website\"},\"datePublished\":\"2025-04-28T12:00:29+00:00\",\"dateModified\":\"2025-11-06T21:50:04+00:00\",\"breadcrumb\":{\"@id\":\"https:\/\/www.eyescolorado.com\/es\/formulario-de-derivacion-de-pacientes\/#breadcrumb\"},\"inLanguage\":\"es\",\"potentialAction\":[{\"@type\":\"ReadAction\",\"target\":[\"https:\/\/www.eyescolorado.com\/es\/formulario-de-derivacion-de-pacientes\/\"]}]},{\"@type\":\"BreadcrumbList\",\"@id\":\"https:\/\/www.eyescolorado.com\/es\/formulario-de-derivacion-de-pacientes\/#breadcrumb\",\"itemListElement\":[{\"@type\":\"ListItem\",\"position\":1,\"name\":\"Home\",\"item\":\"https:\/\/www.eyescolorado.com\/es\/inicio\/\"},{\"@type\":\"ListItem\",\"position\":2,\"name\":\"Formulario de derivaci\u00f3n de pacientes\"}]},{\"@type\":\"WebSite\",\"@id\":\"https:\/\/www.eyescolorado.com\/es\/#website\",\"url\":\"https:\/\/www.eyescolorado.com\/es\/\",\"name\":\"Colorado Eye Institute\",\"description\":\"Eye Care in Colorado Springs\",\"publisher\":{\"@id\":\"https:\/\/www.eyescolorado.com\/es\/#organization\"},\"potentialAction\":[{\"@type\":\"SearchAction\",\"target\":{\"@type\":\"EntryPoint\",\"urlTemplate\":\"https:\/\/www.eyescolorado.com\/es\/?s={search_term_string}\"},\"query-input\":{\"@type\":\"PropertyValueSpecification\",\"valueRequired\":true,\"valueName\":\"search_term_string\"}}],\"inLanguage\":\"es\"},{\"@type\":\"Organization\",\"@id\":\"https:\/\/www.eyescolorado.com\/es\/#organization\",\"name\":\"Colorado Eye Institute\",\"url\":\"https:\/\/www.eyescolorado.com\/es\/\",\"logo\":{\"@type\":\"ImageObject\",\"inLanguage\":\"es\",\"@id\":\"https:\/\/www.eyescolorado.com\/es\/#\/schema\/logo\/image\/\",\"url\":\"https:\/\/www.eyescolorado.com\/wp-content\/uploads\/2023\/09\/logo-in-color.png\",\"contentUrl\":\"https:\/\/www.eyescolorado.com\/wp-content\/uploads\/2023\/09\/logo-in-color.png\",\"width\":2643,\"height\":468,\"caption\":\"Colorado Eye Institute\"},\"image\":{\"@id\":\"https:\/\/www.eyescolorado.com\/es\/#\/schema\/logo\/image\/\"}}]}<\/script>\n<!-- \/ Yoast SEO plugin. -->","yoast_head_json":{"title":"Formulario de derivaci\u00f3n de pacientes - Colorado Eye Institute","robots":{"index":"index","follow":"follow","max-snippet":"max-snippet:-1","max-image-preview":"max-image-preview:large","max-video-preview":"max-video-preview:-1"},"canonical":"https:\/\/www.eyescolorado.com\/es\/formulario-de-derivacion-de-pacientes\/","og_locale":"es_ES","og_type":"article","og_title":"Formulario de derivaci\u00f3n de pacientes - Colorado Eye Institute","og_description":"Formulario de derivaci\u00f3n de pacientes \u00a1Gracias de parte de todo el equipo de Colorado Eye Institute por su confianza! A continuaci\u00f3n, encontrar\u00e1 nuestro formulario de derivaci\u00f3n de pacientes en l\u00ednea. \u00a1Esperamos trabajar juntos para proporcionar una atenci\u00f3n excepcional! Si prefiere enviar un fax o un correo electr\u00f3nico, haga clic aqu\u00ed. Env\u00ede por fax o correo [&hellip;]","og_url":"https:\/\/www.eyescolorado.com\/es\/formulario-de-derivacion-de-pacientes\/","og_site_name":"Colorado Eye Institute","article_modified_time":"2025-11-06T21:50:04+00:00","twitter_card":"summary_large_image","twitter_misc":{"Tiempo de lectura":"1 minuto"},"schema":{"@context":"https:\/\/schema.org","@graph":[{"@type":"WebPage","@id":"https:\/\/www.eyescolorado.com\/es\/formulario-de-derivacion-de-pacientes\/","url":"https:\/\/www.eyescolorado.com\/es\/formulario-de-derivacion-de-pacientes\/","name":"Formulario de derivaci\u00f3n de pacientes - Colorado Eye Institute","isPartOf":{"@id":"https:\/\/www.eyescolorado.com\/es\/#website"},"datePublished":"2025-04-28T12:00:29+00:00","dateModified":"2025-11-06T21:50:04+00:00","breadcrumb":{"@id":"https:\/\/www.eyescolorado.com\/es\/formulario-de-derivacion-de-pacientes\/#breadcrumb"},"inLanguage":"es","potentialAction":[{"@type":"ReadAction","target":["https:\/\/www.eyescolorado.com\/es\/formulario-de-derivacion-de-pacientes\/"]}]},{"@type":"BreadcrumbList","@id":"https:\/\/www.eyescolorado.com\/es\/formulario-de-derivacion-de-pacientes\/#breadcrumb","itemListElement":[{"@type":"ListItem","position":1,"name":"Home","item":"https:\/\/www.eyescolorado.com\/es\/inicio\/"},{"@type":"ListItem","position":2,"name":"Formulario de derivaci\u00f3n de pacientes"}]},{"@type":"WebSite","@id":"https:\/\/www.eyescolorado.com\/es\/#website","url":"https:\/\/www.eyescolorado.com\/es\/","name":"Colorado Eye Institute","description":"Eye Care in Colorado Springs","publisher":{"@id":"https:\/\/www.eyescolorado.com\/es\/#organization"},"potentialAction":[{"@type":"SearchAction","target":{"@type":"EntryPoint","urlTemplate":"https:\/\/www.eyescolorado.com\/es\/?s={search_term_string}"},"query-input":{"@type":"PropertyValueSpecification","valueRequired":true,"valueName":"search_term_string"}}],"inLanguage":"es"},{"@type":"Organization","@id":"https:\/\/www.eyescolorado.com\/es\/#organization","name":"Colorado Eye Institute","url":"https:\/\/www.eyescolorado.com\/es\/","logo":{"@type":"ImageObject","inLanguage":"es","@id":"https:\/\/www.eyescolorado.com\/es\/#\/schema\/logo\/image\/","url":"https:\/\/www.eyescolorado.com\/wp-content\/uploads\/2023\/09\/logo-in-color.png","contentUrl":"https:\/\/www.eyescolorado.com\/wp-content\/uploads\/2023\/09\/logo-in-color.png","width":2643,"height":468,"caption":"Colorado Eye Institute"},"image":{"@id":"https:\/\/www.eyescolorado.com\/es\/#\/schema\/logo\/image\/"}}]}},"_links":{"self":[{"href":"https:\/\/www.eyescolorado.com\/es\/wp-json\/wp\/v2\/pages\/6469","targetHints":{"allow":["GET"]}}],"collection":[{"href":"https:\/\/www.eyescolorado.com\/es\/wp-json\/wp\/v2\/pages"}],"about":[{"href":"https:\/\/www.eyescolorado.com\/es\/wp-json\/wp\/v2\/types\/page"}],"author":[{"embeddable":true,"href":"https:\/\/www.eyescolorado.com\/es\/wp-json\/wp\/v2\/users\/7"}],"replies":[{"embeddable":true,"href":"https:\/\/www.eyescolorado.com\/es\/wp-json\/wp\/v2\/comments?post=6469"}],"version-history":[{"count":1,"href":"https:\/\/www.eyescolorado.com\/es\/wp-json\/wp\/v2\/pages\/6469\/revisions"}],"predecessor-version":[{"id":6470,"href":"https:\/\/www.eyescolorado.com\/es\/wp-json\/wp\/v2\/pages\/6469\/revisions\/6470"}],"wp:attachment":[{"href":"https:\/\/www.eyescolorado.com\/es\/wp-json\/wp\/v2\/media?parent=6469"}],"curies":[{"name":"wp","href":"https:\/\/api.w.org\/{rel}","templated":true}]}}